{"id":14,"date":"2014-04-05T16:58:47","date_gmt":"2014-04-05T16:58:47","guid":{"rendered":"https:\/\/blogs.ua.es\/gcvillajoyosa\/?page_id=14"},"modified":"2014-05-31T09:44:41","modified_gmt":"2014-05-31T09:44:41","slug":"valoracion","status":"publish","type":"page","link":"https:\/\/blogs.ua.es\/gcvillajoyosa\/valoracion\/","title":{"rendered":"4- Valoraci\u00f3n"},"content":{"rendered":"<p style=\"text-align: justify\">En el a\u00f1o 1939 se pueden observar los \u00faltimos coletazos del gobierno republicano, que terminan con la declaraci\u00f3n, por la Rep\u00fablica, del Estado de Guerra en la ciudad tomando el ej\u00e9rcito el poder en la ciudad, lo que nos muestra la cercan\u00eda del frente a finales de Enero de 1939. Ya no se realizaran m\u00e1s reuniones hasta la llegada del r\u00e9gimen franquista. El 29 de Marzo de 1939 es la fecha oficial de \u201cLiberaci\u00f3n Oficial\u201d de Villajoyosa, sucedi\u00e9ndose la entrada de las tropas del General Franco acompa\u00f1adas por una divisi\u00f3n de legionarios italianos.<\/p>\n<figure id=\"attachment_342\" aria-describedby=\"caption-attachment-342\" style=\"width: 960px\" class=\"wp-caption aligncenter\"><a href=\"https:\/\/blogs.ua.es\/gcvillajoyosa\/files\/2014\/04\/IMAGE475.jpg\" target=\"_blank\"><img loading=\"lazy\" decoding=\"async\" class=\" wp-image-342  \" alt=\"Tropas legionarias italianas &quot;Divisi\u00f3n Littorio&quot; desfilando en las calles de Villajoyosa. Fuente: Archivo Hist\u00f3rico de Villajoyosa.\" src=\"https:\/\/blogs.ua.es\/gcvillajoyosa\/files\/2014\/04\/IMAGE475.jpg\" width=\"960\" height=\"720\" srcset=\"https:\/\/blogs.ua.es\/gcvillajoyosa\/files\/2014\/04\/IMAGE475.jpg 960w, https:\/\/blogs.ua.es\/gcvillajoyosa\/files\/2014\/04\/IMAGE475-300x225.jpg 300w, https:\/\/blogs.ua.es\/gcvillajoyosa\/files\/2014\/04\/IMAGE475-400x300.jpg 400w\" sizes=\"auto, (max-width: 960px) 100vw, 960px\" \/><\/a><figcaption id=\"caption-attachment-342\" class=\"wp-caption-text\">Tropas legionarias italianas &#8220;Divisi\u00f3n Littorio&#8221; desfilando en las calles de Villajoyosa. Fuente: Archivo Hist\u00f3rico de Villajoyosa.<\/figcaption><\/figure>\n<p style=\"text-align: justify\">Tras esto se forma una Comisi\u00f3n Gestora que gobernar\u00e1 la ciudad durante un mes, hasta que se nombre un nuevo Consejo del municipio. Se refleja en las actas la grave situaci\u00f3n econ\u00f3mica del Ayuntamiento que tiene que pedir un pr\u00e9stamo al Banco de Cr\u00e9dito Local para subsanar el terrible escenario econ\u00f3mico. Tambi\u00e9n vemos como se produce un cambio de r\u00e9gimen \u201cen lo moral\u201d, pues se vuelve a un Estado cat\u00f3lico y esto tiene su espejo en las actas plenarias; recolocaci\u00f3n de cruces, fiestas religiosas, etc. Asimismo se ordenan distintos honores a los Ca\u00eddos del Movimiento y a figuras importantes del Nacionalismo, con la construcci\u00f3n de monumentos o cambios de nombres de calles. En lo pol\u00edtico, igualmente se producen numerosas depuraciones de funcionarios de toda clase, provisionalmente, ya que varios de ellos recuperan su puesto al mostrar fidelidad al Movimiento Nacionalista.<\/p>\n<p style=\"text-align: justify\">En el aspecto social se intenta conservar lo realizado por el Gobierno Republicano con el mantenimiento de los hu\u00e9rfanos y el Hospital Antitraumatoso ofreci\u00e9ndoles todas las ayudas posibles.<\/p>\n<p style=\"text-align: justify\"><span style=\"text-align: justify\">La valoraci\u00f3n sobre el espacio comprendido en el a\u00f1o 1940, presenta momentos de calma y normalidad, en los que vemos como transcurren hechos cotidianos en el municipio, como el debate sobre el ensanche de calles, la extensi\u00f3n del alcantarillado, \u00a0las cuentas mensuales, construcci\u00f3n del mercado; as\u00ed como la concesi\u00f3n de ayudas para viudas, posibles becas para Universitarios, etc&#8230; \u00a0Si bien el acta m\u00e1s destacada ser\u00eda la correspondiente al mes de Abril, que finaliza con esas famosas exclamaciones <\/span><em style=\"text-align: justify\">\u00a1Franco!\u00a1Arriba Espa\u00f1a!<\/em><span style=\"text-align: justify\"> , tambi\u00e9n destacar\u00edan los cambios de alcalde, en un a\u00f1o se suceden tres alcaldes en la Vila , todas ellas bajo un halo de solemnidad y de buenas intenciones. <\/span><\/p>\n<p style=\"text-align: justify\">Para concretar, en el aspecto econ\u00f3mico, aparecen unos presupuestos detallados con gran minuciosidad, la mayor\u00eda de las reuniones celebradas se realizan con el objetivo de pagar la deuda con el Banco de Cr\u00e9dito y solucionar el problema de escasez del erario p\u00fablico, por ello, se potencian relaciones con otras ciudades como Alicante, a la cual tambi\u00e9n acuden en busca de profesionales, como maestros. Se buscar\u00e1 el saneamiento de deudas menores, con propietarios locales de la Vila. Y se permitir\u00e1 el desarrollo de negocios locales, como kioscos.<\/p>\n<p style=\"text-align: justify\">En lo referente al bienestar social, como ya hemos dicho, se realizar\u00e1n ayudas por viudedad, lactancia, becas para estudiantes universitarios pobres, tambi\u00e9n se ayudar\u00e1 a la reconstrucci\u00f3n de la vivienda del encargado de mantenimiento de la Casa Consistorial.\u00a0 Y debido al momento pol\u00edtico acontecido el cual potenci\u00f3 el esp\u00edritu religioso,\u00a0desde el propio Ayuntamiento, autorizar\u00e1n al Alcalde a realizar un viaje a Zaragoza con el objetivo de rendir homenaje a la Virgen del Pilar, llevando parte de la poblaci\u00f3n de Villajoyosa consigo, a cargo del erario p\u00fablico.<\/p>\n<p style=\"text-align: justify\">Podemos concluir diciendo que a pesar de estar en un momento delicado, la realidad es que en las actas del a\u00f1o 1940\u00a0no encontramos muestras de conflictividad, todo lo contrario,\u00a0hay una sensaci\u00f3n de normalidad o intento de ella.<\/p>\n<p style=\"text-align: justify\">Tambi\u00e9n destacar\u00eda la preparaci\u00f3n de fiestas que hoy en d\u00eda perduran , y que dotan a este municipio de gran relevancia tur\u00edstica como es la fiesta de Santa Marta, una festividad que dado el estado del erario publico de el a\u00f1o 1940 supon\u00eda un gran esfuerzo de celebrar. La reflexi\u00f3n sobre este periodo, es que estamos en un momento de construcci\u00f3n y elaboraci\u00f3n de un municipio, una puesta en blanco. La lectura de estas actas permite ver el avance y adaptaci\u00f3n que la ciudad va realizando conforme crece y suceden los acontecimientos. Es un a\u00f1o en el que se sientan bases para lo que poco a poco ser\u00e1 la Vila que hoy conocemos.<\/p>\n<p style=\"text-align: justify\">Como conclusi\u00f3n, hemos advertido que Villajoyosa fue una ciudad de retaguardia, donde los da\u00f1os de la guerra fueron m\u00e1s bien colaterales. Llegada de refugiados, crisis econ\u00f3mica, crisis social,&#8230; Aunque hubo bombardeos estos fueron de poca entidad y no se tiene rastros de combate en la ciudad.<\/p>\n<p style=\"text-align: justify\">No queremos dejar este apartado sin se\u00f1alar\u00a0la oportunidad que ha supuesto para nosotros el poder visitar el archivo. Este trabajo nos ha permitido conocer la actividad del archivo diaria, en el periodo de tiempo que estuvimos trabajando, vimos actividades de consulta, realizaci\u00f3n de trabajos, transcripciones, el archivo dista de la imagen arcaica que ten\u00edamos, y nos deja con la sensaci\u00f3n de\u00a0trabajo continuo y movimiento.<\/p>\n<figure id=\"attachment_343\" aria-describedby=\"caption-attachment-343\" style=\"width: 1920px\" class=\"wp-caption aligncenter\"><a href=\"https:\/\/blogs.ua.es\/gcvillajoyosa\/files\/2014\/04\/2014-02-23-14.23.17.jpg\" target=\"_blank\"><img loading=\"lazy\" decoding=\"async\" class=\" wp-image-343 \" alt=\"Las c\u00e9lebres casas colgantes de colores de Villajoyosa. Fuente: Autores del blog.\" src=\"https:\/\/blogs.ua.es\/gcvillajoyosa\/files\/2014\/04\/2014-02-23-14.23.17.jpg\" width=\"1920\" height=\"2560\" srcset=\"https:\/\/blogs.ua.es\/gcvillajoyosa\/files\/2014\/04\/2014-02-23-14.23.17.jpg 1920w, https:\/\/blogs.ua.es\/gcvillajoyosa\/files\/2014\/04\/2014-02-23-14.23.17-225x300.jpg 225w, https:\/\/blogs.ua.es\/gcvillajoyosa\/files\/2014\/04\/2014-02-23-14.23.17-768x1024.jpg 768w\" sizes=\"auto, (max-width: 1920px) 100vw, 1920px\" \/><\/a><figcaption id=\"caption-attachment-343\" class=\"wp-caption-text\">Las c\u00e9lebres casas colgantes de colores de Villajoyosa. Fuente: Autores del blog.<\/figcaption><\/figure>\n<div class=\"wp-caption-dd\"><\/div>\n","protected":false},"excerpt":{"rendered":"<p>En el a\u00f1o 1939 se pueden observar los \u00faltimos coletazos del gobierno republicano, que terminan con la declaraci\u00f3n, por la Rep\u00fablica, del Estado de Guerra en la ciudad tomando el ej\u00e9rcito el poder en la ciudad, lo que nos muestra la cercan\u00eda del frente a finales de Enero de 1939. Ya no se realizaran m\u00e1s [&hellip;]<\/p>\n","protected":false},"author":3011,"featured_media":0,"parent":0,"menu_order":0,"comment_status":"open","ping_status":"open","template":"","meta":{"footnotes":""},"class_list":["post-14","page","type-page","status-publish","hentry"],"_links":{"self":[{"href":"https:\/\/blogs.ua.es\/gcvillajoyosa\/wp-json\/wp\/v2\/pages\/14","targetHints":{"allow":["GET"]}}],"collection":[{"href":"https:\/\/blogs.ua.es\/gcvillajoyosa\/wp-json\/wp\/v2\/pages"}],"about":[{"href":"https:\/\/blogs.ua.es\/gcvillajoyosa\/wp-json\/wp\/v2\/types\/page"}],"author":[{"embeddable":true,"href":"https:\/\/blogs.ua.es\/gcvillajoyosa\/wp-json\/wp\/v2\/users\/3011"}],"replies":[{"embeddable":true,"href":"https:\/\/blogs.ua.es\/gcvillajoyosa\/wp-json\/wp\/v2\/comments?post=14"}],"version-history":[{"count":8,"href":"https:\/\/blogs.ua.es\/gcvillajoyosa\/wp-json\/wp\/v2\/pages\/14\/revisions"}],"predecessor-version":[{"id":347,"href":"https:\/\/blogs.ua.es\/gcvillajoyosa\/wp-json\/wp\/v2\/pages\/14\/revisions\/347"}],"wp:attachment":[{"href":"https:\/\/blogs.ua.es\/gcvillajoyosa\/wp-json\/wp\/v2\/media?parent=14"}],"curies":[{"name":"wp","href":"https:\/\/api.w.org\/{rel}","templated":true}]}}