{"id":13,"date":"2011-11-21T17:50:26","date_gmt":"2011-11-21T17:50:26","guid":{"rendered":"https:\/\/blogs.ua.es\/gitefideua\/?page_id=13"},"modified":"2011-11-22T10:58:23","modified_gmt":"2011-11-22T10:58:23","slug":"docencia","status":"publish","type":"page","link":"https:\/\/blogs.ua.es\/gitefideua\/docencia\/","title":{"rendered":"Doc\u00e8ncia"},"content":{"rendered":"<p><span style=\"color: #003366\"><strong>Titulacions de Grau on s&#8217;imparteix doc\u00e8ncia<\/strong><\/span><\/p>\n<ul>\n<li><a href=\"https:\/\/blogs.ua.es\/gitefideua\/docencia\/ga\">Arquitectura<\/a><\/li>\n<li><a href=\"https:\/\/blogs.ua.es\/gitefideua\/docencia\/gee\">Enginyeria d&#8217;Edificaci\u00f3<\/a><\/li>\n<li><a href=\"https:\/\/blogs.ua.es\/gitefideua\/docencia\/gec\">Enginyeria Civil<\/a><\/li>\n<li><a href=\"https:\/\/blogs.ua.es\/gitefideua\/docencia\/gesi\">Enginyeria de So i Imatge<\/a><\/li>\n<li><a href=\"https:\/\/blogs.ua.es\/gitefideua\/docencia\/gei\">Enginyeria Inform\u00e0tica<\/a><\/li>\n<li><a href=\"https:\/\/blogs.ua.es\/gitefideua\/docencia\/gem\">Enginyeria Multim\u00e8dia<\/a><\/li>\n<li><a href=\"https:\/\/blogs.ua.es\/gitefideua\/docencia\/geq\">Enginyeria Qu\u00edmica<\/a><\/li>\n<\/ul>\n<p><span style=\"color: #003366\"><strong>Titulacions de primer i segon cicle on s&#8217;imparteix doc\u00e8ncia<\/strong><\/span><\/p>\n<ul>\n<li><a href=\"https:\/\/blogs.ua.es\/gitefideua\/docencia\/arquitectura\">Arquitectura<\/a><\/li>\n<li><a href=\"https:\/\/blogs.ua.es\/gitefideua\/docencia\/arquitectura-tecnica\">Arquitectura T\u00e8cnica<\/a><\/li>\n<li><a href=\"https:\/\/blogs.ua.es\/gitefideua\/docencia\/eccp\">Enginyeria de Camins Canals i Ports<\/a><\/li>\n<li><a href=\"https:\/\/blogs.ua.es\/gitefideua\/docencia\/ettsi\">Enginyeria T\u00e8cnica de Telecomunicaci\u00f3. So i Imatge<\/a><\/li>\n<\/ul>\n<p>&nbsp;<\/p>\n","protected":false},"excerpt":{"rendered":"<p>Titulacions de Grau on s&#8217;imparteix doc\u00e8ncia Arquitectura Enginyeria d&#8217;Edificaci\u00f3 Enginyeria Civil Enginyeria de So i Imatge Enginyeria Inform\u00e0tica Enginyeria Multim\u00e8dia Enginyeria Qu\u00edmica Titulacions de primer i segon cicle on s&#8217;imparteix doc\u00e8ncia Arquitectura Arquitectura T\u00e8cnica Enginyeria de Camins Canals i Ports Enginyeria T\u00e8cnica de Telecomunicaci\u00f3. So i Imatge &nbsp;<\/p>\n","protected":false},"author":2285,"featured_media":0,"parent":0,"menu_order":0,"comment_status":"open","ping_status":"open","template":"","meta":{"footnotes":""},"class_list":["post-13","page","type-page","status-publish","hentry"],"_links":{"self":[{"href":"https:\/\/blogs.ua.es\/gitefideua\/wp-json\/wp\/v2\/pages\/13","targetHints":{"allow":["GET"]}}],"collection":[{"href":"https:\/\/blogs.ua.es\/gitefideua\/wp-json\/wp\/v2\/pages"}],"about":[{"href":"https:\/\/blogs.ua.es\/gitefideua\/wp-json\/wp\/v2\/types\/page"}],"author":[{"embeddable":true,"href":"https:\/\/blogs.ua.es\/gitefideua\/wp-json\/wp\/v2\/users\/2285"}],"replies":[{"embeddable":true,"href":"https:\/\/blogs.ua.es\/gitefideua\/wp-json\/wp\/v2\/comments?post=13"}],"version-history":[{"count":9,"href":"https:\/\/blogs.ua.es\/gitefideua\/wp-json\/wp\/v2\/pages\/13\/revisions"}],"predecessor-version":[{"id":15,"href":"https:\/\/blogs.ua.es\/gitefideua\/wp-json\/wp\/v2\/pages\/13\/revisions\/15"}],"wp:attachment":[{"href":"https:\/\/blogs.ua.es\/gitefideua\/wp-json\/wp\/v2\/media?parent=13"}],"curies":[{"name":"wp","href":"https:\/\/api.w.org\/{rel}","templated":true}]}}