{"id":133,"date":"2011-12-29T11:25:16","date_gmt":"2011-12-29T11:25:16","guid":{"rendered":"https:\/\/blogs.ua.es\/gitefideua\/?page_id=133"},"modified":"2011-12-29T11:25:16","modified_gmt":"2011-12-29T11:25:16","slug":"blocs","status":"publish","type":"page","link":"https:\/\/blogs.ua.es\/gitefideua\/fisica-web\/blocs\/","title":{"rendered":"Blocs"},"content":{"rendered":"<p><strong><span style=\"color: #000080\">Blocs d&#8217;assignatures de F\u00edsica<\/span><\/strong><\/p>\n<ol>\n<li><a href=\"https:\/\/blogs.ua.es\/fisicateleco\/\">Fonaments F\u00edsics de l&#8217;Enginyeria<\/a> (Grau en Enginyeria en So i Imatge en Telecomunicaci\u00f3).<\/li>\n<li><a href=\"https:\/\/blogs.ua.es\/jjrr2011\/\">Fonaments F\u00edsics de les Estructures<\/a> (Grau en Enginyeria d&#8217;Edificaci\u00f3).<\/li>\n<\/ol>\n","protected":false},"excerpt":{"rendered":"<p>Blocs d&#8217;assignatures de F\u00edsica Fonaments F\u00edsics de l&#8217;Enginyeria (Grau en Enginyeria en So i Imatge en Telecomunicaci\u00f3). Fonaments F\u00edsics de les Estructures (Grau en Enginyeria d&#8217;Edificaci\u00f3).<\/p>\n","protected":false},"author":2285,"featured_media":0,"parent":79,"menu_order":0,"comment_status":"open","ping_status":"open","template":"","meta":{"footnotes":""},"class_list":["post-133","page","type-page","status-publish","hentry"],"_links":{"self":[{"href":"https:\/\/blogs.ua.es\/gitefideua\/wp-json\/wp\/v2\/pages\/133","targetHints":{"allow":["GET"]}}],"collection":[{"href":"https:\/\/blogs.ua.es\/gitefideua\/wp-json\/wp\/v2\/pages"}],"about":[{"href":"https:\/\/blogs.ua.es\/gitefideua\/wp-json\/wp\/v2\/types\/page"}],"author":[{"embeddable":true,"href":"https:\/\/blogs.ua.es\/gitefideua\/wp-json\/wp\/v2\/users\/2285"}],"replies":[{"embeddable":true,"href":"https:\/\/blogs.ua.es\/gitefideua\/wp-json\/wp\/v2\/comments?post=133"}],"version-history":[{"count":1,"href":"https:\/\/blogs.ua.es\/gitefideua\/wp-json\/wp\/v2\/pages\/133\/revisions"}],"predecessor-version":[{"id":134,"href":"https:\/\/blogs.ua.es\/gitefideua\/wp-json\/wp\/v2\/pages\/133\/revisions\/134"}],"up":[{"embeddable":true,"href":"https:\/\/blogs.ua.es\/gitefideua\/wp-json\/wp\/v2\/pages\/79"}],"wp:attachment":[{"href":"https:\/\/blogs.ua.es\/gitefideua\/wp-json\/wp\/v2\/media?parent=133"}],"curies":[{"name":"wp","href":"https:\/\/api.w.org\/{rel}","templated":true}]}}