{"id":135,"date":"2011-12-29T11:27:49","date_gmt":"2011-12-29T11:27:49","guid":{"rendered":"https:\/\/blogs.ua.es\/gitefideua\/?page_id=135"},"modified":"2011-12-29T11:41:04","modified_gmt":"2011-12-29T11:41:04","slug":"ocw","status":"publish","type":"page","link":"https:\/\/blogs.ua.es\/gitefideua\/fisica-web\/ocw\/","title":{"rendered":"OCW"},"content":{"rendered":"<p><strong><span style=\"color: #000080\">OPENCOURSEWARE<\/span><\/strong><\/p>\n<ol>\n<li><a href=\"http:\/\/ocw.upm.es\/apoyo-para-la-preparacion-de-los-estudios-de-ingenieria-y-arquitectura\">Acc\u00e9s a la Universitat<\/a><strong><\/strong> (curs de suport per a l&#8217;acc\u00e9s a la Universitat i coneixements previs per a estudis d&#8217;Enginyeria i Arquitectura).<\/li>\n<li><a href=\"http:\/\/ocw.upm.es\/fisica-aplicada\">F\u00edsica<\/a> (Podeu trobar diferents cursos de F\u00edsica desenvolupats pel professorat de la <a href=\"http:\/\/ocw.upm.es\/\">Universitat Polit\u00e8cnica de Madrid<\/a>).<\/li>\n<li><a href=\"http:\/\/ocw.ua.es\/ingenieria-arquitectura\/fundamentos-fisicos-de-la-ingenieria\/Course_listing\">Fonaments F\u00edsics de l&#8217;Enginyeria I<\/a> (curs realitzat pel Catedr\u00e0tic Augusto Bel\u00e9ndez V\u00e1zquez per al Grau en Enginyeria en So i Imatge en Telecomunicaci\u00f3 de la Universitat d&#8217;Alacant).<\/li>\n<li><a href=\"http:\/\/ocw.unican.es\/ensenanzas-tecnicas\/fundamentos-fisicos-de-la-ingenieria\">Fonaments F\u00edsics de l&#8217;Enginyeria<\/a> (2008), <a href=\"http:\/\/ocw.unican.es\/ensenanzas-tecnicas\/fisica-i\">F\u00edsica I<\/a> (2010), <a href=\"http:\/\/ocw.unican.es\/ensenanzas-tecnicas\/fisica-ii\">F\u00edsica II<\/a> (2010)\u00a0 o <a href=\"http:\/\/ocw.unican.es\/ensenanzas-tecnicas\/fisica-y-tecnologia-energetica\">F\u00edsica i Tecnologia Energ\u00e8tica<\/a> (2008) (realitzat per professorat de la <a href=\"http:\/\/ocw.unican.es\/\">Universitat de Cant\u00e0bria<\/a>).<\/li>\n<li><a href=\"http:\/\/ocw.uc3m.es\/fisica\/fisica\">F\u00edsica<\/a>, 2009 (realitzat pels professors Miguel \u00c1ngel Monge Alc\u00e1zar i Bego\u00f1a Savoini Cardiel per al Grau en Enginyeria Electr\u00f2nica Industrial i Autom\u00e0tica de la <a href=\"http:\/\/ocw.uc3m.es\/\">Universitat Carlos III de Madrid<\/a>).<\/li>\n<li>No pot faltar en aquest llistat el <a href=\"http:\/\/ocw.mit.edu\/index.htm\">Massachussets Institute of Technology (MIT) OpenCourseWare<\/a> com a refer\u00e8ncia internacional d&#8217;aquests cursos. En particular, els que fan refer\u00e8ncia a <a href=\"http:\/\/ocw.mit.edu\/courses\/physics\/\">F\u00edsica General<\/a>, <a href=\"http:\/\/ocw.mit.edu\/courses\/mechanical-engineering\/\">Enginyeria<\/a> i <a href=\"http:\/\/ocw.mit.edu\/courses\/architecture\/\">Arquitectura<\/a> on podeu trobar diapositives, v\u00eddeos i altres <a href=\"http:\/\/ocw.mit.edu\/courses\/audio-video-courses\/\">materials audiovisuals<\/a> d&#8217;inter\u00e9s (angl\u00e9s).<\/li>\n<\/ol>\n","protected":false},"excerpt":{"rendered":"<p>OPENCOURSEWARE Acc\u00e9s a la Universitat (curs de suport per a l&#8217;acc\u00e9s a la Universitat i coneixements previs per a estudis d&#8217;Enginyeria i Arquitectura). F\u00edsica (Podeu trobar diferents cursos de F\u00edsica desenvolupats pel professorat de la Universitat Polit\u00e8cnica de Madrid). Fonaments F\u00edsics de l&#8217;Enginyeria I (curs realitzat pel Catedr\u00e0tic Augusto Bel\u00e9ndez V\u00e1zquez per al Grau en [&hellip;]<\/p>\n","protected":false},"author":2285,"featured_media":0,"parent":79,"menu_order":0,"comment_status":"open","ping_status":"open","template":"","meta":{"footnotes":""},"class_list":["post-135","page","type-page","status-publish","hentry"],"_links":{"self":[{"href":"https:\/\/blogs.ua.es\/gitefideua\/wp-json\/wp\/v2\/pages\/135","targetHints":{"allow":["GET"]}}],"collection":[{"href":"https:\/\/blogs.ua.es\/gitefideua\/wp-json\/wp\/v2\/pages"}],"about":[{"href":"https:\/\/blogs.ua.es\/gitefideua\/wp-json\/wp\/v2\/types\/page"}],"author":[{"embeddable":true,"href":"https:\/\/blogs.ua.es\/gitefideua\/wp-json\/wp\/v2\/users\/2285"}],"replies":[{"embeddable":true,"href":"https:\/\/blogs.ua.es\/gitefideua\/wp-json\/wp\/v2\/comments?post=135"}],"version-history":[{"count":8,"href":"https:\/\/blogs.ua.es\/gitefideua\/wp-json\/wp\/v2\/pages\/135\/revisions"}],"predecessor-version":[{"id":137,"href":"https:\/\/blogs.ua.es\/gitefideua\/wp-json\/wp\/v2\/pages\/135\/revisions\/137"}],"up":[{"embeddable":true,"href":"https:\/\/blogs.ua.es\/gitefideua\/wp-json\/wp\/v2\/pages\/79"}],"wp:attachment":[{"href":"https:\/\/blogs.ua.es\/gitefideua\/wp-json\/wp\/v2\/media?parent=135"}],"curies":[{"name":"wp","href":"https:\/\/api.w.org\/{rel}","templated":true}]}}