{"id":198,"date":"2012-03-13T08:45:04","date_gmt":"2012-03-13T08:45:04","guid":{"rendered":"https:\/\/blogs.ua.es\/gitefideua\/?page_id=198"},"modified":"2012-12-15T10:54:05","modified_gmt":"2012-12-15T10:54:05","slug":"autor","status":"publish","type":"page","link":"https:\/\/blogs.ua.es\/gitefideua\/autor\/","title":{"rendered":"Autor"},"content":{"rendered":"<p>&nbsp;<\/p>\n<p><a href=\"http:\/\/josejoaquinrodesroca.tk\"><strong>JOS\u00c9 JOAQU\u00cdN RODES ROCA<\/strong><\/a><\/p>\n<p><a href=\"http:\/\/dfests.ua.es\/va\/\">Departament de F\u00edsica, Enginyeria de Sistemes i Teoria del Senyal<\/a><\/p>\n<p><a href=\"http:\/\/iufacyt.ua.es\/va\/\">Institut Universitari de F\u00edsica Aplicada a les Ci\u00e8ncies i les Tecnologies<\/a><\/p>\n<p><a href=\"http:\/\/www.eps.ua.es\/index.phtml?frontal=\">Escola Polit\u00e8cnica Superior<\/a><\/p>\n<p><a href=\"http:\/\/www.ua.es\/va\/index.html\">Universitat d&#8217;Alacant<\/a><\/p>\n<p><strong>P\u00e0gina web personal<\/strong>: <a href=\"http:\/\/josejoaquinrodesroca.host22.com\">http:\/\/josejoaquinrodesroca.host22.com<\/a><\/p>\n<p style=\"text-align: justify\">L&#8217;<strong>autor<\/strong> d&#8217;aquest bloc <strong>no escriu en nom del grup d&#8217;investigaci\u00f3 educativa quan fa opinions o comentaris<\/strong> sobre aspectes de l&#8217;educaci\u00f3 o la investigaci\u00f3 en general. Una informaci\u00f3 m\u00e9s detallada de l&#8217;autor es pot consultar en <a href=\"https:\/\/blogs.ua.es\/jjrr2011\/autor\/\">https:\/\/blogs.ua.es\/jjrr2011\/autor\/<\/a> (dins del bloc de l&#8217;assignatura <a href=\"https:\/\/blogs.ua.es\/jjrr2011\">Fonaments F\u00edsics de les Estructures<\/a>).<\/p>\n","protected":false},"excerpt":{"rendered":"<p>&nbsp; JOS\u00c9 JOAQU\u00cdN RODES ROCA Departament de F\u00edsica, Enginyeria de Sistemes i Teoria del Senyal Institut Universitari de F\u00edsica Aplicada a les Ci\u00e8ncies i les Tecnologies Escola Polit\u00e8cnica Superior Universitat d&#8217;Alacant P\u00e0gina web personal: http:\/\/josejoaquinrodesroca.host22.com L&#8217;autor d&#8217;aquest bloc no escriu en nom del grup d&#8217;investigaci\u00f3 educativa quan fa opinions o comentaris sobre aspectes de l&#8217;educaci\u00f3 [&hellip;]<\/p>\n","protected":false},"author":2285,"featured_media":0,"parent":0,"menu_order":0,"comment_status":"open","ping_status":"open","template":"","meta":{"footnotes":""},"class_list":["post-198","page","type-page","status-publish","hentry"],"_links":{"self":[{"href":"https:\/\/blogs.ua.es\/gitefideua\/wp-json\/wp\/v2\/pages\/198","targetHints":{"allow":["GET"]}}],"collection":[{"href":"https:\/\/blogs.ua.es\/gitefideua\/wp-json\/wp\/v2\/pages"}],"about":[{"href":"https:\/\/blogs.ua.es\/gitefideua\/wp-json\/wp\/v2\/types\/page"}],"author":[{"embeddable":true,"href":"https:\/\/blogs.ua.es\/gitefideua\/wp-json\/wp\/v2\/users\/2285"}],"replies":[{"embeddable":true,"href":"https:\/\/blogs.ua.es\/gitefideua\/wp-json\/wp\/v2\/comments?post=198"}],"version-history":[{"count":7,"href":"https:\/\/blogs.ua.es\/gitefideua\/wp-json\/wp\/v2\/pages\/198\/revisions"}],"predecessor-version":[{"id":313,"href":"https:\/\/blogs.ua.es\/gitefideua\/wp-json\/wp\/v2\/pages\/198\/revisions\/313"}],"wp:attachment":[{"href":"https:\/\/blogs.ua.es\/gitefideua\/wp-json\/wp\/v2\/media?parent=198"}],"curies":[{"name":"wp","href":"https:\/\/api.w.org\/{rel}","templated":true}]}}