{"id":2,"date":"2011-11-21T16:36:30","date_gmt":"2011-11-21T16:36:30","guid":{"rendered":"https:\/\/blogs.ua.es\/gitefideua\/?page_id=2"},"modified":"2013-06-22T15:09:42","modified_gmt":"2013-06-22T15:09:42","slug":"bloc-gite-fideua","status":"publish","type":"page","link":"https:\/\/blogs.ua.es\/gitefideua\/bloc-gite-fideua\/","title":{"rendered":"Bloc GITE-FIDEUA"},"content":{"rendered":"<p>Benvinguts\/des a <a href=\"https:\/\/blogs.ua.es\">blogsUA<\/a>. Aquest \u00e9s el bloc del Grup d&#8217;Innovaci\u00f3 Tecnol\u00f2gica i Educativa de F\u00edsica en les Enginyeries de la Universitat d&#8217;Alacant (GITE-FIDEUA). L&#8217;objectiu \u00e9s potenciar la innovaci\u00f3 educativa entre el professorat i l&#8217;alumnat dels fonaments f\u00edsics de les enginyeries impartides en l&#8217;<a href=\"http:\/\/www.eps.ua.es\">Escola Polit\u00e8cnica Superior<\/a> de la <a href=\"http:\/\/www.ua.es\/va\/index.html\">Universitat d&#8217;Alacant<\/a>.<\/p>\n","protected":false},"excerpt":{"rendered":"<p>Benvinguts\/des a blogsUA. Aquest \u00e9s el bloc del Grup d&#8217;Innovaci\u00f3 Tecnol\u00f2gica i Educativa de F\u00edsica en les Enginyeries de la Universitat d&#8217;Alacant (GITE-FIDEUA). L&#8217;objectiu \u00e9s potenciar la innovaci\u00f3 educativa entre el professorat i l&#8217;alumnat dels fonaments f\u00edsics de les enginyeries impartides en l&#8217;Escola Polit\u00e8cnica Superior de la Universitat d&#8217;Alacant.<\/p>\n","protected":false},"author":2285,"featured_media":0,"parent":0,"menu_order":0,"comment_status":"open","ping_status":"open","template":"","meta":{"footnotes":""},"class_list":["post-2","page","type-page","status-publish","hentry"],"_links":{"self":[{"href":"https:\/\/blogs.ua.es\/gitefideua\/wp-json\/wp\/v2\/pages\/2","targetHints":{"allow":["GET"]}}],"collection":[{"href":"https:\/\/blogs.ua.es\/gitefideua\/wp-json\/wp\/v2\/pages"}],"about":[{"href":"https:\/\/blogs.ua.es\/gitefideua\/wp-json\/wp\/v2\/types\/page"}],"author":[{"embeddable":true,"href":"https:\/\/blogs.ua.es\/gitefideua\/wp-json\/wp\/v2\/users\/2285"}],"replies":[{"embeddable":true,"href":"https:\/\/blogs.ua.es\/gitefideua\/wp-json\/wp\/v2\/comments?post=2"}],"version-history":[{"count":3,"href":"https:\/\/blogs.ua.es\/gitefideua\/wp-json\/wp\/v2\/pages\/2\/revisions"}],"predecessor-version":[{"id":376,"href":"https:\/\/blogs.ua.es\/gitefideua\/wp-json\/wp\/v2\/pages\/2\/revisions\/376"}],"wp:attachment":[{"href":"https:\/\/blogs.ua.es\/gitefideua\/wp-json\/wp\/v2\/media?parent=2"}],"curies":[{"name":"wp","href":"https:\/\/api.w.org\/{rel}","templated":true}]}}