{"id":22,"date":"2011-11-21T18:02:59","date_gmt":"2011-11-21T18:02:59","guid":{"rendered":"https:\/\/blogs.ua.es\/gitefideua\/?page_id=22"},"modified":"2011-11-21T18:06:24","modified_gmt":"2011-11-21T18:06:24","slug":"eccp","status":"publish","type":"page","link":"https:\/\/blogs.ua.es\/gitefideua\/docencia\/eccp\/","title":{"rendered":"Enginyeria de Camins, Canals i Ports"},"content":{"rendered":"<p><span style=\"color: #003366\"><strong>Assignatures<br \/>\n<\/strong><\/span><\/p>\n<ul>\n<li>Fonaments F\u00edsics de les T\u00e8cniques (obligat\u00f2ria, 4t curs)<\/li>\n<li>Ac\u00fastica Aplicada a les Obres P\u00fabliques (optativa)<\/li>\n<\/ul>\n","protected":false},"excerpt":{"rendered":"<p>Assignatures Fonaments F\u00edsics de les T\u00e8cniques (obligat\u00f2ria, 4t curs) Ac\u00fastica Aplicada a les Obres P\u00fabliques (optativa)<\/p>\n","protected":false},"author":2285,"featured_media":0,"parent":13,"menu_order":0,"comment_status":"open","ping_status":"open","template":"","meta":{"footnotes":""},"class_list":["post-22","page","type-page","status-publish","hentry"],"_links":{"self":[{"href":"https:\/\/blogs.ua.es\/gitefideua\/wp-json\/wp\/v2\/pages\/22","targetHints":{"allow":["GET"]}}],"collection":[{"href":"https:\/\/blogs.ua.es\/gitefideua\/wp-json\/wp\/v2\/pages"}],"about":[{"href":"https:\/\/blogs.ua.es\/gitefideua\/wp-json\/wp\/v2\/types\/page"}],"author":[{"embeddable":true,"href":"https:\/\/blogs.ua.es\/gitefideua\/wp-json\/wp\/v2\/users\/2285"}],"replies":[{"embeddable":true,"href":"https:\/\/blogs.ua.es\/gitefideua\/wp-json\/wp\/v2\/comments?post=22"}],"version-history":[{"count":3,"href":"https:\/\/blogs.ua.es\/gitefideua\/wp-json\/wp\/v2\/pages\/22\/revisions"}],"predecessor-version":[{"id":29,"href":"https:\/\/blogs.ua.es\/gitefideua\/wp-json\/wp\/v2\/pages\/22\/revisions\/29"}],"up":[{"embeddable":true,"href":"https:\/\/blogs.ua.es\/gitefideua\/wp-json\/wp\/v2\/pages\/13"}],"wp:attachment":[{"href":"https:\/\/blogs.ua.es\/gitefideua\/wp-json\/wp\/v2\/media?parent=22"}],"curies":[{"name":"wp","href":"https:\/\/api.w.org\/{rel}","templated":true}]}}