{"id":26,"date":"2011-11-21T18:05:35","date_gmt":"2011-11-21T18:05:35","guid":{"rendered":"https:\/\/blogs.ua.es\/gitefideua\/?page_id=26"},"modified":"2011-11-21T18:07:29","modified_gmt":"2011-11-21T18:07:29","slug":"ettsi","status":"publish","type":"page","link":"https:\/\/blogs.ua.es\/gitefideua\/docencia\/ettsi\/","title":{"rendered":"Enginyeria T\u00e8cnica de Telecomunicaci\u00f3. So i Imatge"},"content":{"rendered":"<p><span style=\"color: #003366\"><strong>Assignatures<br \/>\n<\/strong><\/span><\/p>\n<ul>\n<li>Condicionament Ac\u00fastic (optativa)<\/li>\n<li>A\u00efllament Ac\u00fastic (optativa)<\/li>\n<\/ul>\n","protected":false},"excerpt":{"rendered":"<p>Assignatures Condicionament Ac\u00fastic (optativa) A\u00efllament Ac\u00fastic (optativa)<\/p>\n","protected":false},"author":2285,"featured_media":0,"parent":13,"menu_order":0,"comment_status":"open","ping_status":"open","template":"","meta":{"footnotes":""},"class_list":["post-26","page","type-page","status-publish","hentry"],"_links":{"self":[{"href":"https:\/\/blogs.ua.es\/gitefideua\/wp-json\/wp\/v2\/pages\/26","targetHints":{"allow":["GET"]}}],"collection":[{"href":"https:\/\/blogs.ua.es\/gitefideua\/wp-json\/wp\/v2\/pages"}],"about":[{"href":"https:\/\/blogs.ua.es\/gitefideua\/wp-json\/wp\/v2\/types\/page"}],"author":[{"embeddable":true,"href":"https:\/\/blogs.ua.es\/gitefideua\/wp-json\/wp\/v2\/users\/2285"}],"replies":[{"embeddable":true,"href":"https:\/\/blogs.ua.es\/gitefideua\/wp-json\/wp\/v2\/comments?post=26"}],"version-history":[{"count":3,"href":"https:\/\/blogs.ua.es\/gitefideua\/wp-json\/wp\/v2\/pages\/26\/revisions"}],"predecessor-version":[{"id":32,"href":"https:\/\/blogs.ua.es\/gitefideua\/wp-json\/wp\/v2\/pages\/26\/revisions\/32"}],"up":[{"embeddable":true,"href":"https:\/\/blogs.ua.es\/gitefideua\/wp-json\/wp\/v2\/pages\/13"}],"wp:attachment":[{"href":"https:\/\/blogs.ua.es\/gitefideua\/wp-json\/wp\/v2\/media?parent=26"}],"curies":[{"name":"wp","href":"https:\/\/api.w.org\/{rel}","templated":true}]}}