{"id":40,"date":"2011-11-22T10:52:09","date_gmt":"2011-11-22T10:52:09","guid":{"rendered":"https:\/\/blogs.ua.es\/gitefideua\/?page_id=40"},"modified":"2011-11-22T10:52:09","modified_gmt":"2011-11-22T10:52:09","slug":"ga","status":"publish","type":"page","link":"https:\/\/blogs.ua.es\/gitefideua\/docencia\/ga\/","title":{"rendered":"Grau en Arquitectura"},"content":{"rendered":"<p><strong><span style=\"color: #003366\">Assignatures<\/span><\/strong><\/p>\n<ul>\n<li>F\u00edsica Aplicada 1 (b\u00e0sica 1r curs)<\/li>\n<li>F\u00edsica Aplicada 2 (b\u00e0sica 2n curs)<\/li>\n<\/ul>\n","protected":false},"excerpt":{"rendered":"<p>Assignatures F\u00edsica Aplicada 1 (b\u00e0sica 1r curs) F\u00edsica Aplicada 2 (b\u00e0sica 2n curs)<\/p>\n","protected":false},"author":2285,"featured_media":0,"parent":13,"menu_order":0,"comment_status":"open","ping_status":"open","template":"","meta":{"footnotes":""},"class_list":["post-40","page","type-page","status-publish","hentry"],"_links":{"self":[{"href":"https:\/\/blogs.ua.es\/gitefideua\/wp-json\/wp\/v2\/pages\/40","targetHints":{"allow":["GET"]}}],"collection":[{"href":"https:\/\/blogs.ua.es\/gitefideua\/wp-json\/wp\/v2\/pages"}],"about":[{"href":"https:\/\/blogs.ua.es\/gitefideua\/wp-json\/wp\/v2\/types\/page"}],"author":[{"embeddable":true,"href":"https:\/\/blogs.ua.es\/gitefideua\/wp-json\/wp\/v2\/users\/2285"}],"replies":[{"embeddable":true,"href":"https:\/\/blogs.ua.es\/gitefideua\/wp-json\/wp\/v2\/comments?post=40"}],"version-history":[{"count":1,"href":"https:\/\/blogs.ua.es\/gitefideua\/wp-json\/wp\/v2\/pages\/40\/revisions"}],"predecessor-version":[{"id":41,"href":"https:\/\/blogs.ua.es\/gitefideua\/wp-json\/wp\/v2\/pages\/40\/revisions\/41"}],"up":[{"embeddable":true,"href":"https:\/\/blogs.ua.es\/gitefideua\/wp-json\/wp\/v2\/pages\/13"}],"wp:attachment":[{"href":"https:\/\/blogs.ua.es\/gitefideua\/wp-json\/wp\/v2\/media?parent=40"}],"curies":[{"name":"wp","href":"https:\/\/api.w.org\/{rel}","templated":true}]}}