{"id":43,"date":"2011-11-22T10:54:38","date_gmt":"2011-11-22T10:54:38","guid":{"rendered":"https:\/\/blogs.ua.es\/gitefideua\/?page_id=43"},"modified":"2011-11-22T10:54:38","modified_gmt":"2011-11-22T10:54:38","slug":"gee","status":"publish","type":"page","link":"https:\/\/blogs.ua.es\/gitefideua\/docencia\/gee\/","title":{"rendered":"Grau en Enginyeria d&#8217;Edificaci\u00f3"},"content":{"rendered":"<p><strong><span style=\"color: #003366\">Assignatures<\/span><\/strong><\/p>\n<ul>\n<li>Fonaments F\u00edsics de les Estructures (b\u00e0sica, 1r curs)<\/li>\n<li>Fonaments F\u00edsics de les Instal\u00b7lacions (b\u00e0sica 2n curs)<\/li>\n<\/ul>\n","protected":false},"excerpt":{"rendered":"<p>Assignatures Fonaments F\u00edsics de les Estructures (b\u00e0sica, 1r curs) Fonaments F\u00edsics de les Instal\u00b7lacions (b\u00e0sica 2n curs)<\/p>\n","protected":false},"author":2285,"featured_media":0,"parent":13,"menu_order":0,"comment_status":"open","ping_status":"open","template":"","meta":{"footnotes":""},"class_list":["post-43","page","type-page","status-publish","hentry"],"_links":{"self":[{"href":"https:\/\/blogs.ua.es\/gitefideua\/wp-json\/wp\/v2\/pages\/43","targetHints":{"allow":["GET"]}}],"collection":[{"href":"https:\/\/blogs.ua.es\/gitefideua\/wp-json\/wp\/v2\/pages"}],"about":[{"href":"https:\/\/blogs.ua.es\/gitefideua\/wp-json\/wp\/v2\/types\/page"}],"author":[{"embeddable":true,"href":"https:\/\/blogs.ua.es\/gitefideua\/wp-json\/wp\/v2\/users\/2285"}],"replies":[{"embeddable":true,"href":"https:\/\/blogs.ua.es\/gitefideua\/wp-json\/wp\/v2\/comments?post=43"}],"version-history":[{"count":1,"href":"https:\/\/blogs.ua.es\/gitefideua\/wp-json\/wp\/v2\/pages\/43\/revisions"}],"predecessor-version":[{"id":44,"href":"https:\/\/blogs.ua.es\/gitefideua\/wp-json\/wp\/v2\/pages\/43\/revisions\/44"}],"up":[{"embeddable":true,"href":"https:\/\/blogs.ua.es\/gitefideua\/wp-json\/wp\/v2\/pages\/13"}],"wp:attachment":[{"href":"https:\/\/blogs.ua.es\/gitefideua\/wp-json\/wp\/v2\/media?parent=43"}],"curies":[{"name":"wp","href":"https:\/\/api.w.org\/{rel}","templated":true}]}}