{"id":47,"date":"2011-11-22T11:01:27","date_gmt":"2011-11-22T11:01:27","guid":{"rendered":"https:\/\/blogs.ua.es\/gitefideua\/?page_id=47"},"modified":"2011-11-22T11:01:27","modified_gmt":"2011-11-22T11:01:27","slug":"gesi","status":"publish","type":"page","link":"https:\/\/blogs.ua.es\/gitefideua\/docencia\/gesi\/","title":{"rendered":"Grau en Enginyeria de So i Imatge"},"content":{"rendered":"<p><strong><span style=\"color: #003366\">Assignatures<\/span><\/strong><\/p>\n<ul>\n<li>Fonaments F\u00edsics de l&#8217;Enginyeria II (b\u00e0sica, 1r curs)<\/li>\n<li>Ac\u00fastica (obligat\u00f2ria, 2n curs)<\/li>\n<\/ul>\n","protected":false},"excerpt":{"rendered":"<p>Assignatures Fonaments F\u00edsics de l&#8217;Enginyeria II (b\u00e0sica, 1r curs) Ac\u00fastica (obligat\u00f2ria, 2n curs)<\/p>\n","protected":false},"author":2285,"featured_media":0,"parent":13,"menu_order":0,"comment_status":"open","ping_status":"open","template":"","meta":{"footnotes":""},"class_list":["post-47","page","type-page","status-publish","hentry"],"_links":{"self":[{"href":"https:\/\/blogs.ua.es\/gitefideua\/wp-json\/wp\/v2\/pages\/47","targetHints":{"allow":["GET"]}}],"collection":[{"href":"https:\/\/blogs.ua.es\/gitefideua\/wp-json\/wp\/v2\/pages"}],"about":[{"href":"https:\/\/blogs.ua.es\/gitefideua\/wp-json\/wp\/v2\/types\/page"}],"author":[{"embeddable":true,"href":"https:\/\/blogs.ua.es\/gitefideua\/wp-json\/wp\/v2\/users\/2285"}],"replies":[{"embeddable":true,"href":"https:\/\/blogs.ua.es\/gitefideua\/wp-json\/wp\/v2\/comments?post=47"}],"version-history":[{"count":1,"href":"https:\/\/blogs.ua.es\/gitefideua\/wp-json\/wp\/v2\/pages\/47\/revisions"}],"predecessor-version":[{"id":48,"href":"https:\/\/blogs.ua.es\/gitefideua\/wp-json\/wp\/v2\/pages\/47\/revisions\/48"}],"up":[{"embeddable":true,"href":"https:\/\/blogs.ua.es\/gitefideua\/wp-json\/wp\/v2\/pages\/13"}],"wp:attachment":[{"href":"https:\/\/blogs.ua.es\/gitefideua\/wp-json\/wp\/v2\/media?parent=47"}],"curies":[{"name":"wp","href":"https:\/\/api.w.org\/{rel}","templated":true}]}}