{"id":49,"date":"2011-11-22T11:03:22","date_gmt":"2011-11-22T11:03:22","guid":{"rendered":"https:\/\/blogs.ua.es\/gitefideua\/?page_id=49"},"modified":"2011-11-22T11:03:54","modified_gmt":"2011-11-22T11:03:54","slug":"gei","status":"publish","type":"page","link":"https:\/\/blogs.ua.es\/gitefideua\/docencia\/gei\/","title":{"rendered":"Grau en Enginyeria Inform\u00e0tica"},"content":{"rendered":"<p><strong>Assignatures<\/strong><\/p>\n<ul>\n<li>Fonaments F\u00edsics de la Inform\u00e0tica (b\u00e0sica, 1r curs)<\/li>\n<\/ul>\n","protected":false},"excerpt":{"rendered":"<p>Assignatures Fonaments F\u00edsics de la Inform\u00e0tica (b\u00e0sica, 1r curs)<\/p>\n","protected":false},"author":2285,"featured_media":0,"parent":13,"menu_order":0,"comment_status":"open","ping_status":"open","template":"","meta":{"footnotes":""},"class_list":["post-49","page","type-page","status-publish","hentry"],"_links":{"self":[{"href":"https:\/\/blogs.ua.es\/gitefideua\/wp-json\/wp\/v2\/pages\/49","targetHints":{"allow":["GET"]}}],"collection":[{"href":"https:\/\/blogs.ua.es\/gitefideua\/wp-json\/wp\/v2\/pages"}],"about":[{"href":"https:\/\/blogs.ua.es\/gitefideua\/wp-json\/wp\/v2\/types\/page"}],"author":[{"embeddable":true,"href":"https:\/\/blogs.ua.es\/gitefideua\/wp-json\/wp\/v2\/users\/2285"}],"replies":[{"embeddable":true,"href":"https:\/\/blogs.ua.es\/gitefideua\/wp-json\/wp\/v2\/comments?post=49"}],"version-history":[{"count":2,"href":"https:\/\/blogs.ua.es\/gitefideua\/wp-json\/wp\/v2\/pages\/49\/revisions"}],"predecessor-version":[{"id":51,"href":"https:\/\/blogs.ua.es\/gitefideua\/wp-json\/wp\/v2\/pages\/49\/revisions\/51"}],"up":[{"embeddable":true,"href":"https:\/\/blogs.ua.es\/gitefideua\/wp-json\/wp\/v2\/pages\/13"}],"wp:attachment":[{"href":"https:\/\/blogs.ua.es\/gitefideua\/wp-json\/wp\/v2\/media?parent=49"}],"curies":[{"name":"wp","href":"https:\/\/api.w.org\/{rel}","templated":true}]}}