{"id":59,"date":"2011-11-22T11:15:46","date_gmt":"2011-11-22T11:15:46","guid":{"rendered":"https:\/\/blogs.ua.es\/gitefideua\/?page_id=59"},"modified":"2011-11-22T11:45:32","modified_gmt":"2011-11-22T11:45:32","slug":"liniesactuacio","status":"publish","type":"page","link":"https:\/\/blogs.ua.es\/gitefideua\/bloc-gite-fideua\/liniesactuacio\/","title":{"rendered":"L\u00ednies d&#8217;actuaci\u00f3"},"content":{"rendered":"<p>Un dels objectius del <a href=\"http:\/\/web.ua.es\/va\/vr-tie\/\">Vicerectorat de Tecnologia i Innovaci\u00f3 Educativa<\/a> \u00e9s fomentar la creaci\u00f3 de grups que treballen en l\u00ednies similars de forma estable, evitant-ne l&#8217;atomitzaci\u00f3 i procurant la m\u00e0xima interdisciplinarietat. Encara que els components d&#8217;aquest GITE s\u00f3n del mateix departament, les assignatures de fonaments f\u00edsics es troben en totes les titulacions de grau de l&#8217;<a href=\"http:\/\/www.eps.ua.es\/index.phtml?frontal=\">Escola Polit\u00e8cnica Superior<\/a> i les l\u00ednies d&#8217;investigaci\u00f3 s\u00f3n molt variades.<\/p>\n<p>Atenent al cat\u00e0leg de l\u00ednies d&#8217;investigaci\u00f3 proposades, el <strong><span style=\"color: #ff0000\">GITE-FIDEUA<\/span><\/strong> treballa en les <strong><span style=\"color: #ff0000\">l\u00ednies d&#8217;actuaci\u00f3<\/span><\/strong> seg\u00fcents:<em><strong><\/strong><\/em><\/p>\n<p><em><strong><span style=\"color: #0000ff\">1.- Incorporaci\u00f3 de tecnologia en el proc\u00e9s ensenyament\/aprenentatge<\/span><\/strong><\/em><\/p>\n<ul>\n<li><span style=\"color: #0000ff\"><span style=\"color: #000000\">\u00das d&#8217;eines de virtualitzaci\u00f3 (Campus Virtual, Moodle, etc.)<\/span><\/span><\/li>\n<li><span style=\"color: #0000ff\"><span style=\"color: #000000\">Tutories virtuals<\/span><\/span><\/li>\n<li><span style=\"color: #0000ff\"><span style=\"color: #000000\">Wiki<\/span><\/span><\/li>\n<li><span style=\"color: #0000ff\"><span style=\"color: #000000\">Videoconfer\u00e8ncia<\/span><\/span><\/li>\n<li><span style=\"color: #0000ff\"><span style=\"color: #000000\">Videostreaming<\/span><\/span><\/li>\n<li><span style=\"color: #0000ff\"><span style=\"color: #000000\">OCW-UA (OpenCourseWare de la Universitat d&#8217;Alacant<\/span><\/span><\/li>\n<li><span style=\"color: #0000ff\"><span style=\"color: #000000\">Altres innovacions<\/span><\/span><\/li>\n<\/ul>\n<p><span style=\"color: #0000ff\"><em><strong>2.- Generaci\u00f3 de continguts did\u00e0ctics digitals<\/strong><\/em><\/span><\/p>\n<ul>\n<li>Generaci\u00f3 de gr\u00e0fiques animades<\/li>\n<li>Generaci\u00f3 de presentacions<\/li>\n<li>Textos digitals<\/li>\n<li>Altres innovacions<\/li>\n<\/ul>\n<p><span style=\"color: #0000ff\"><em><strong>3.- Generaci\u00f3 de recursos digitals interactius<\/strong><\/em><\/span><\/p>\n<ul>\n<li><span style=\"color: #0000ff\"><span style=\"color: #000000\">Altres innovacions<\/span><\/span><\/li>\n<\/ul>\n<p><span style=\"color: #0000ff\"><span style=\"color: #000000\"><em><strong><span style=\"color: #0000ff\">5.- Incorporaci\u00f3 de programari lliure en la doc\u00e8ncia<\/span><\/strong><\/em><\/span><\/span><\/p>\n<ul>\n<li><span style=\"color: #0000ff\"><span style=\"color: #000000\">Incorporaci\u00f3 de programari lliure en la doc\u00e8ncia<\/span><\/span><\/li>\n<\/ul>\n<p><em><strong><span style=\"color: #0000ff\">6.- Altres innovacions educatives<\/span><\/strong><\/em><\/p>\n<ul>\n<li><span style=\"color: #0000ff\"><span style=\"color: #000000\">Qualsevol innovaci\u00f3 educativa no prevista en els grups anteriors<br \/>\n<\/span><\/span><\/li>\n<\/ul>\n<p>&nbsp;<\/p>\n<p>&nbsp;<\/p>\n","protected":false},"excerpt":{"rendered":"<p>Un dels objectius del Vicerectorat de Tecnologia i Innovaci\u00f3 Educativa \u00e9s fomentar la creaci\u00f3 de grups que treballen en l\u00ednies similars de forma estable, evitant-ne l&#8217;atomitzaci\u00f3 i procurant la m\u00e0xima interdisciplinarietat. Encara que els components d&#8217;aquest GITE s\u00f3n del mateix departament, les assignatures de fonaments f\u00edsics es troben en totes les titulacions de grau de [&hellip;]<\/p>\n","protected":false},"author":2285,"featured_media":0,"parent":2,"menu_order":0,"comment_status":"open","ping_status":"open","template":"","meta":{"footnotes":""},"class_list":["post-59","page","type-page","status-publish","hentry"],"_links":{"self":[{"href":"https:\/\/blogs.ua.es\/gitefideua\/wp-json\/wp\/v2\/pages\/59","targetHints":{"allow":["GET"]}}],"collection":[{"href":"https:\/\/blogs.ua.es\/gitefideua\/wp-json\/wp\/v2\/pages"}],"about":[{"href":"https:\/\/blogs.ua.es\/gitefideua\/wp-json\/wp\/v2\/types\/page"}],"author":[{"embeddable":true,"href":"https:\/\/blogs.ua.es\/gitefideua\/wp-json\/wp\/v2\/users\/2285"}],"replies":[{"embeddable":true,"href":"https:\/\/blogs.ua.es\/gitefideua\/wp-json\/wp\/v2\/comments?post=59"}],"version-history":[{"count":6,"href":"https:\/\/blogs.ua.es\/gitefideua\/wp-json\/wp\/v2\/pages\/59\/revisions"}],"predecessor-version":[{"id":62,"href":"https:\/\/blogs.ua.es\/gitefideua\/wp-json\/wp\/v2\/pages\/59\/revisions\/62"}],"up":[{"embeddable":true,"href":"https:\/\/blogs.ua.es\/gitefideua\/wp-json\/wp\/v2\/pages\/2"}],"wp:attachment":[{"href":"https:\/\/blogs.ua.es\/gitefideua\/wp-json\/wp\/v2\/media?parent=59"}],"curies":[{"name":"wp","href":"https:\/\/api.w.org\/{rel}","templated":true}]}}