{"id":7,"date":"2011-11-21T17:32:32","date_gmt":"2011-11-21T17:32:32","guid":{"rendered":"https:\/\/blogs.ua.es\/gitefideua\/?page_id=7"},"modified":"2011-12-29T09:51:56","modified_gmt":"2011-12-29T09:51:56","slug":"presentacio","status":"publish","type":"page","link":"https:\/\/blogs.ua.es\/gitefideua\/presentacio\/","title":{"rendered":"Presentaci\u00f3"},"content":{"rendered":"<p>Amb la finalitat de potenciar la innovaci\u00f3 educativa entre el professorat i l&#8217;alumnat, la <a href=\"http:\/\/www.ua.es\/va\/index.html\">Universitat d&#8217;Alacant<\/a> afavoreix la constituci\u00f3 de <a href=\"http:\/\/si.ua.es\/va\/ite\/gite\/\">Grups d&#8217;Innovaci\u00f3 Tecnol\u00f2gica Educativa<\/a> (GITE). Qualsevol GITE t\u00e9 com a objectiu dur a terme innovacions educatives en una o diverses l\u00ednies d&#8217;actuaci\u00f3 determinades i seleccionades per ells dins d&#8217;un cat\u00e0leg establit. Els GITE estan formats, fonamentalment, per Personal Docent i Investigador (PDI) de la Universitat d&#8217;Alacant (UA). A m\u00e9s, del PDI, podran pert\u00e0nyer a un GITE, tant el Personal d&#8217;Administrador i Serveis (PAS) de la UA com l&#8217;alumnat de la mateixa i personal d&#8217;altres universitats i\/o nivells educatius.<\/p>\n<p>El Grup d&#8217;Innovaci\u00f3 Tecnol\u00f2gica i Educativa &#8211; F\u00edsica en les Enginyeries de la Universitat d&#8217;Alacant (<a href=\"http:\/\/cvnet.cpd.ua.es\/gite\/gitedesc.aspx?gite=9014&amp;ori=todos\">GITE-FIDEUA<\/a>) ofereix materials i recursos relatius a la doc\u00e8ncia d&#8217;assignatures de l&#8217;\u00e0rea de coneixement de F\u00edsica Aplicada. Els membres del GITE-FIDEUA pertanyen al <a href=\"http:\/\/dfests.ua.es\/va\/\">Departament de F\u00edsica, Enginyeria de Sistemes i Teoria del Senyal<\/a> i les assignatures impartides inclouen alguns camps de la F\u00edsica Aplicada a les titulacions t\u00e8cniques de l&#8217;<a href=\"http:\/\/www.eps.ua.es\/index.phtml?frontal=\">Escola Polit\u00e8cnica Superior<\/a>.<\/p>\n","protected":false},"excerpt":{"rendered":"<p>Amb la finalitat de potenciar la innovaci\u00f3 educativa entre el professorat i l&#8217;alumnat, la Universitat d&#8217;Alacant afavoreix la constituci\u00f3 de Grups d&#8217;Innovaci\u00f3 Tecnol\u00f2gica Educativa (GITE). Qualsevol GITE t\u00e9 com a objectiu dur a terme innovacions educatives en una o diverses l\u00ednies d&#8217;actuaci\u00f3 determinades i seleccionades per ells dins d&#8217;un cat\u00e0leg establit. Els GITE estan formats, [&hellip;]<\/p>\n","protected":false},"author":2285,"featured_media":0,"parent":0,"menu_order":0,"comment_status":"open","ping_status":"open","template":"","meta":{"footnotes":""},"class_list":["post-7","page","type-page","status-publish","hentry"],"_links":{"self":[{"href":"https:\/\/blogs.ua.es\/gitefideua\/wp-json\/wp\/v2\/pages\/7","targetHints":{"allow":["GET"]}}],"collection":[{"href":"https:\/\/blogs.ua.es\/gitefideua\/wp-json\/wp\/v2\/pages"}],"about":[{"href":"https:\/\/blogs.ua.es\/gitefideua\/wp-json\/wp\/v2\/types\/page"}],"author":[{"embeddable":true,"href":"https:\/\/blogs.ua.es\/gitefideua\/wp-json\/wp\/v2\/users\/2285"}],"replies":[{"embeddable":true,"href":"https:\/\/blogs.ua.es\/gitefideua\/wp-json\/wp\/v2\/comments?post=7"}],"version-history":[{"count":3,"href":"https:\/\/blogs.ua.es\/gitefideua\/wp-json\/wp\/v2\/pages\/7\/revisions"}],"predecessor-version":[{"id":126,"href":"https:\/\/blogs.ua.es\/gitefideua\/wp-json\/wp\/v2\/pages\/7\/revisions\/126"}],"wp:attachment":[{"href":"https:\/\/blogs.ua.es\/gitefideua\/wp-json\/wp\/v2\/media?parent=7"}],"curies":[{"name":"wp","href":"https:\/\/api.w.org\/{rel}","templated":true}]}}