{"id":76,"date":"2011-11-22T15:04:32","date_gmt":"2011-11-22T15:04:32","guid":{"rendered":"https:\/\/blogs.ua.es\/gitefideua\/?page_id=76"},"modified":"2016-07-12T14:22:41","modified_gmt":"2016-07-12T14:22:41","slug":"grups-investigacio","status":"publish","type":"page","link":"https:\/\/blogs.ua.es\/gitefideua\/bloc-gite-fideua\/grups-investigacio\/","title":{"rendered":"Grups d&#8217;investigaci\u00f3"},"content":{"rendered":"<p>Els diferents <strong><span style=\"color: #ff0000\">grups d&#8217;investigaci\u00f3<\/span><\/strong> a qu\u00e8 pertanyen els components del <strong><span style=\"color: #ff0000\">GITE-FIDEUA<\/span><\/strong> s\u00f3n:<\/p>\n<ol>\n<li><a href=\"https:\/\/blogs.ua.es\/xragua\">Grup d&#8217;Astronomia i Astrof\u00edsica<\/a><\/li>\n<li><a href=\"http:\/\/web.ua.es\/va\/ghpo\/\">Grup d&#8217;Holografia i Processament \u00d2ptic<\/a><\/li>\n<li>Grup d&#8217;Ac\u00fastica Aplicada<\/li>\n<\/ol>\n","protected":false},"excerpt":{"rendered":"<p>Els diferents grups d&#8217;investigaci\u00f3 a qu\u00e8 pertanyen els components del GITE-FIDEUA s\u00f3n: Grup d&#8217;Astronomia i Astrof\u00edsica Grup d&#8217;Holografia i Processament \u00d2ptic Grup d&#8217;Ac\u00fastica Aplicada<\/p>\n","protected":false},"author":2285,"featured_media":0,"parent":2,"menu_order":0,"comment_status":"open","ping_status":"open","template":"","meta":{"footnotes":""},"class_list":["post-76","page","type-page","status-publish","hentry"],"_links":{"self":[{"href":"https:\/\/blogs.ua.es\/gitefideua\/wp-json\/wp\/v2\/pages\/76","targetHints":{"allow":["GET"]}}],"collection":[{"href":"https:\/\/blogs.ua.es\/gitefideua\/wp-json\/wp\/v2\/pages"}],"about":[{"href":"https:\/\/blogs.ua.es\/gitefideua\/wp-json\/wp\/v2\/types\/page"}],"author":[{"embeddable":true,"href":"https:\/\/blogs.ua.es\/gitefideua\/wp-json\/wp\/v2\/users\/2285"}],"replies":[{"embeddable":true,"href":"https:\/\/blogs.ua.es\/gitefideua\/wp-json\/wp\/v2\/comments?post=76"}],"version-history":[{"count":3,"href":"https:\/\/blogs.ua.es\/gitefideua\/wp-json\/wp\/v2\/pages\/76\/revisions"}],"predecessor-version":[{"id":457,"href":"https:\/\/blogs.ua.es\/gitefideua\/wp-json\/wp\/v2\/pages\/76\/revisions\/457"}],"up":[{"embeddable":true,"href":"https:\/\/blogs.ua.es\/gitefideua\/wp-json\/wp\/v2\/pages\/2"}],"wp:attachment":[{"href":"https:\/\/blogs.ua.es\/gitefideua\/wp-json\/wp\/v2\/media?parent=76"}],"curies":[{"name":"wp","href":"https:\/\/api.w.org\/{rel}","templated":true}]}}