{"id":79,"date":"2011-11-22T15:18:29","date_gmt":"2011-11-22T15:18:29","guid":{"rendered":"https:\/\/blogs.ua.es\/gitefideua\/?page_id=79"},"modified":"2011-12-29T11:35:45","modified_gmt":"2011-12-29T11:35:45","slug":"fisica-web","status":"publish","type":"page","link":"https:\/\/blogs.ua.es\/gitefideua\/fisica-web\/","title":{"rendered":"F\u00edsica en la xarxa"},"content":{"rendered":"<p>L&#8217;evoluci\u00f3 d&#8217;Internet \u00e9s exponencial i l&#8217;educaci\u00f3 no pot ser aliena a les possibilitats que ofereix la tecnologia per implementar elements que ajuden en el proc\u00e9s d&#8217;ensenyament\/aprenentatge. Com que la informaci\u00f3 disponible \u00e9s molt gran, farem una selecci\u00f3 d&#8217;<strong><span style=\"color: #ff0000\">adreces d&#8217;Internet<\/span><\/strong>, <strong><span style=\"color: #ff0000\">materials audiovisuals<\/span><\/strong>, <strong><span style=\"color: #ff0000\">cursos per la xarxa<\/span><\/strong>, <strong><span style=\"color: #ff0000\">miniaplicacions<\/span><\/strong> (applets), etc. que pensem poden servir per a l&#8217;<strong><span style=\"color: #ff0000\">aprenentatge de la F\u00edsica<\/span><\/strong>.<\/p>\n<p>S&#8217;ha introdu\u00eft l&#8217;eina de blocs per a assignatures que permet la interactivitat amb l&#8217;alumnat o el professorat interessat en desenvolupar aquest tipus d&#8217;ensenyament i aprenentatge. Alguns exemples a la Universitat d&#8217;Alacant s\u00f3n:<\/p>\n<ol>\n<li>El bloc de <a href=\"https:\/\/blogs.ua.es\/fisicateleco\/\">Fonaments F\u00edsics de l&#8217;Enginyeria<\/a> per al Grau en Enginyeria en So i Imatge.<\/li>\n<li>El bloc de <a href=\"https:\/\/blogs.ua.es\/jjrr2011\/\">Fonaments F\u00edsics de les Estructures<\/a> per al Grau en Enginyeria d&#8217;Edificaci\u00f3.<\/li>\n<\/ol>\n<p>Una altra opci\u00f3 s\u00f3n els cursos publicats en la xarxa anomenats <a href=\"http:\/\/ocw.ua.es\">OpenCourseWare<\/a> on es desenvolupa una assignatura per a poder aprendre-la virtualment. Alguns exemples referits a la f\u00edsica s\u00f3n:<\/p>\n<ol>\n<li><a href=\"http:\/\/ocw.upm.es\/apoyo-para-la-preparacion-de-los-estudios-de-ingenieria-y-arquitectura\">Acc\u00e9s a la Universitat<\/a> (2010) (curs de suport per a la preparaci\u00f3 dels estudis d&#8217;Enginyeria i Arquitectura de la <a href=\"http:\/\/ocw.upm.es\/\">Universitat Polit\u00e8cnica de Madrid<\/a>. Tamb\u00e9 podeu trobar diferents cursos de <a href=\"http:\/\/ocw.upm.es\/fisica-aplicada\">F\u00edsica<\/a> desenvolupats pel professorat d&#8217;aquesta Universitat).<\/li>\n<li><a href=\"http:\/\/ocw.ua.es\/ingenieria-arquitectura\/fundamentos-fisicos-de-la-ingenieria\/Course_listing\">Fonaments F\u00edsics de l&#8217;Enginyeria I<\/a>, curs 2010-11 (realitzat pel Catedr\u00e0tic Augusto Bel\u00e9ndez V\u00e1zquez per al Grau en Enginyeria en So i Imatge en Telecomunicaci\u00f3 de la Universitat d&#8217;Alacant).<\/li>\n<li><a href=\"http:\/\/ocw.unican.es\/ensenanzas-tecnicas\/fundamentos-fisicos-de-la-ingenieria\">Fonaments F\u00edsics de l&#8217;Enginyeria<\/a> (2008), <a href=\"http:\/\/ocw.unican.es\/ensenanzas-tecnicas\/fisica-i\">F\u00edsica I<\/a> (2010), <a href=\"http:\/\/ocw.unican.es\/ensenanzas-tecnicas\/fisica-ii\">F\u00edsica II<\/a> (2010)\u00a0 o <a href=\"http:\/\/ocw.unican.es\/ensenanzas-tecnicas\/fisica-y-tecnologia-energetica\">F\u00edsica i Tecnologia Energ\u00e8tica<\/a> (2008) (realitzat per professorat de la <a href=\"http:\/\/ocw.unican.es\/\">Universitat de Cant\u00e0bria<\/a>).<\/li>\n<li><a href=\"http:\/\/ocw.uc3m.es\/fisica\/fisica\">F\u00edsica<\/a>, 2009 (realitzat pels professors Miguel \u00c1ngel Monge Alc\u00e1zar i Bego\u00f1a Savoini Cardiel per al Grau en Enginyeria Electr\u00f2nica Industrial i Autom\u00e0tica de la <a href=\"http:\/\/ocw.uc3m.es\/\">Universitat Carlos III de Madrid<\/a>).<\/li>\n<li>No pot faltar en aquest llistat el <a href=\"http:\/\/ocw.mit.edu\/index.htm\">Massachussets Institute of Technology (MIT) OpenCourseWare<\/a> com a refer\u00e8ncia internacional d&#8217;aquests cursos. En particular, els que fan refer\u00e8ncia a <a href=\"http:\/\/ocw.mit.edu\/courses\/physics\/\">F\u00edsica General<\/a>, <a href=\"http:\/\/ocw.mit.edu\/courses\/mechanical-engineering\/\">Enginyeria<\/a> i <a href=\"http:\/\/ocw.mit.edu\/courses\/architecture\/\">Arquitectura<\/a> on podeu trobar diapositives, v\u00eddeos i altres <a href=\"http:\/\/ocw.mit.edu\/courses\/audio-video-courses\/\">materials audiovisuals<\/a> d&#8217;inter\u00e9s (angl\u00e9s).<\/li>\n<\/ol>\n","protected":false},"excerpt":{"rendered":"<p>L&#8217;evoluci\u00f3 d&#8217;Internet \u00e9s exponencial i l&#8217;educaci\u00f3 no pot ser aliena a les possibilitats que ofereix la tecnologia per implementar elements que ajuden en el proc\u00e9s d&#8217;ensenyament\/aprenentatge. Com que la informaci\u00f3 disponible \u00e9s molt gran, farem una selecci\u00f3 d&#8217;adreces d&#8217;Internet, materials audiovisuals, cursos per la xarxa, miniaplicacions (applets), etc. que pensem poden servir per a l&#8217;aprenentatge [&hellip;]<\/p>\n","protected":false},"author":2285,"featured_media":0,"parent":0,"menu_order":0,"comment_status":"open","ping_status":"open","template":"","meta":{"footnotes":""},"class_list":["post-79","page","type-page","status-publish","hentry"],"_links":{"self":[{"href":"https:\/\/blogs.ua.es\/gitefideua\/wp-json\/wp\/v2\/pages\/79","targetHints":{"allow":["GET"]}}],"collection":[{"href":"https:\/\/blogs.ua.es\/gitefideua\/wp-json\/wp\/v2\/pages"}],"about":[{"href":"https:\/\/blogs.ua.es\/gitefideua\/wp-json\/wp\/v2\/types\/page"}],"author":[{"embeddable":true,"href":"https:\/\/blogs.ua.es\/gitefideua\/wp-json\/wp\/v2\/users\/2285"}],"replies":[{"embeddable":true,"href":"https:\/\/blogs.ua.es\/gitefideua\/wp-json\/wp\/v2\/comments?post=79"}],"version-history":[{"count":18,"href":"https:\/\/blogs.ua.es\/gitefideua\/wp-json\/wp\/v2\/pages\/79\/revisions"}],"predecessor-version":[{"id":143,"href":"https:\/\/blogs.ua.es\/gitefideua\/wp-json\/wp\/v2\/pages\/79\/revisions\/143"}],"wp:attachment":[{"href":"https:\/\/blogs.ua.es\/gitefideua\/wp-json\/wp\/v2\/media?parent=79"}],"curies":[{"name":"wp","href":"https:\/\/api.w.org\/{rel}","templated":true}]}}