{"id":90,"date":"2011-11-22T16:26:38","date_gmt":"2011-11-22T16:26:38","guid":{"rendered":"https:\/\/blogs.ua.es\/gitefideua\/?page_id=90"},"modified":"2011-11-24T16:54:54","modified_gmt":"2011-11-24T16:54:54","slug":"adreces","status":"publish","type":"page","link":"https:\/\/blogs.ua.es\/gitefideua\/fisica-web\/adreces\/","title":{"rendered":"Enlla\u00e7os"},"content":{"rendered":"<ol>\n<li>En el seg\u00fcent enlla\u00e7 podeu trobar un portal d&#8217;ensenyament i aprenentatge de la F\u00edsica multiling\u00fce amb materials per a totes les edats, animacions, hipertextos digitals, articles, tesis doctorals, cursos per Internet, etc.<\/li>\n<li><a href=\"http:\/\/www.fisica-basica.net\/\"><img loading=\"lazy\" decoding=\"async\" class=\"aligncenter size-thumbnail wp-image-95\" src=\"https:\/\/blogs.ua.es\/gitefideua\/files\/2011\/11\/LOGO_fideua1-150x150.jpg\" alt=\"\" width=\"150\" height=\"150\" \/><\/a>F\u00edsica amb ordinador (realitzat pel professor \u00c1ngel Franco de la Universitat del Pa\u00eds Basc). El Curs Interactiu de F\u00edsica en Internet \u00e9s un curs de F\u00edsica general que tracta des de conceptes simples com ara el moviment rectilini fins a d&#8217;altres m\u00e9s complexos con s\u00f3n les bandes d&#8217;energia dels s\u00f2lids. La interactivitat s&#8217;aconsegueix mitjan\u00e7ant les 646 miniaplicacions (applets), inserides en les p\u00e0gines web, que s\u00f3n simulacions de sistemes f\u00edsics, pr\u00e0ctiques de laboratori, experi\u00e8ncies de gran rellev\u00e0ncia hist\u00f2rica, problemes interactius, problemes-joc, etc.<\/li>\n<li><span style=\"text-decoration: underline\"><a href=\"http:\/\/www.sc.ehu.es\/sbweb\/fisica_\/\"><img loading=\"lazy\" decoding=\"async\" class=\"aligncenter size-full wp-image-82\" src=\"https:\/\/blogs.ua.es\/gitefideua\/files\/2011\/11\/fisica-con-ordenador1-e1321980679386.jpg\" alt=\"\" width=\"540\" height=\"84\" \/><\/a><\/span>La p\u00e0gina web d&#8217;Experi\u00e8ncies de F\u00edsica ha sigut realitzada pel professorat de l&#8217;\u00e0rea de F\u00edsica Aplicada del Departament de F\u00edsica, Enginyeria de Sistemes i Teoria del Senyal de la Universitat d&#8217;Alacant. Podeu visualitzar 18 v\u00eddeos de pr\u00e0ctiques i demostracions de f\u00edsica que, en general, s\u00f3n d&#8217;inter\u00e9s per al desenvolupament de les assignatures de fonaments f\u00edsics.<\/li>\n<li><a href=\"https:\/\/blogs.ua.es\/gitefideua\/files\/2011\/11\/web_experiencias1.jpg\"><img loading=\"lazy\" decoding=\"async\" class=\"aligncenter size-full wp-image-116\" src=\"https:\/\/blogs.ua.es\/gitefideua\/files\/2011\/11\/web_experiencias1-e1322150174372.jpg\" alt=\"\" width=\"400\" height=\"121\" \/><\/a>El professor\u00a0 Fu-Kwun Hwang de la Universitat Nacional de Taiwan ha desenvolupat un laboratori de f\u00edsica virtual mitjan\u00e7ant miniaplicacions que il\u00b7lustren experiments de tots els camps de la F\u00edsica. Encara que la p\u00e0gina original es troba en angl\u00e9s, disposa de traduccions a altres lleng\u00fces (la versi\u00f3 espanyola tamb\u00e9 est\u00e0 disponible per\u00f2 no est\u00e0 totalment tradu\u00efda).<\/li>\n<li><a href=\"http:\/\/www.phy.ntnu.edu.tw\/ntnujava\/\"><img loading=\"lazy\" decoding=\"async\" class=\"aligncenter size-full wp-image-119\" src=\"https:\/\/blogs.ua.es\/gitefideua\/files\/2011\/11\/logontnujava.gif\" alt=\"\" width=\"233\" height=\"75\" \/><\/a>El departament de F\u00edsica i Qu\u00edmica de l&#8217;<a href=\"http:\/\/intercentres.cult.gva.es\/iesleonardodavinci\/index.htm\">Institut d&#8217;Ensenyament Secundari Leonardo da Vinci d&#8217;Alacant<\/a> ha desenvolupat una p\u00e0gina web de f\u00edsica on es poden revisar els continguts de f\u00edsica dels nivells previs a l&#8217;acc\u00e9s a la universitat. A m\u00e9s a m\u00e9s, el professorat d&#8217;aquest IES ha publicat els seus treballs en revistes de did\u00e0ctica de les ci\u00e8ncies experimentals mostrant formes d&#8217;ensenyament innovadors i aclariment de conceptes de F\u00edsica.<a href=\"https:\/\/blogs.ua.es\/gitefideua\/files\/2011\/11\/NewLogoLeonardo2-e1322153676791.jpg\"><img loading=\"lazy\" decoding=\"async\" class=\"aligncenter size-full wp-image-121\" src=\"https:\/\/blogs.ua.es\/gitefideua\/files\/2011\/11\/NewLogoLeonardo2-e1322153676791.jpg\" alt=\"\" width=\"500\" height=\"64\" \/><\/a><a href=\"https:\/\/blogs.ua.es\/gitefideua\/files\/2011\/11\/NewLogoLeonardo2.jpg\"><br \/>\n<\/a><\/li>\n<\/ol>\n","protected":false},"excerpt":{"rendered":"<p>En el seg\u00fcent enlla\u00e7 podeu trobar un portal d&#8217;ensenyament i aprenentatge de la F\u00edsica multiling\u00fce amb materials per a totes les edats, animacions, hipertextos digitals, articles, tesis doctorals, cursos per Internet, etc. F\u00edsica amb ordinador (realitzat pel professor \u00c1ngel Franco de la Universitat del Pa\u00eds Basc). El Curs Interactiu de F\u00edsica en Internet \u00e9s un [&hellip;]<\/p>\n","protected":false},"author":2285,"featured_media":0,"parent":79,"menu_order":0,"comment_status":"open","ping_status":"open","template":"","meta":{"footnotes":""},"class_list":["post-90","page","type-page","status-publish","hentry"],"_links":{"self":[{"href":"https:\/\/blogs.ua.es\/gitefideua\/wp-json\/wp\/v2\/pages\/90","targetHints":{"allow":["GET"]}}],"collection":[{"href":"https:\/\/blogs.ua.es\/gitefideua\/wp-json\/wp\/v2\/pages"}],"about":[{"href":"https:\/\/blogs.ua.es\/gitefideua\/wp-json\/wp\/v2\/types\/page"}],"author":[{"embeddable":true,"href":"https:\/\/blogs.ua.es\/gitefideua\/wp-json\/wp\/v2\/users\/2285"}],"replies":[{"embeddable":true,"href":"https:\/\/blogs.ua.es\/gitefideua\/wp-json\/wp\/v2\/comments?post=90"}],"version-history":[{"count":17,"href":"https:\/\/blogs.ua.es\/gitefideua\/wp-json\/wp\/v2\/pages\/90\/revisions"}],"predecessor-version":[{"id":93,"href":"https:\/\/blogs.ua.es\/gitefideua\/wp-json\/wp\/v2\/pages\/90\/revisions\/93"}],"up":[{"embeddable":true,"href":"https:\/\/blogs.ua.es\/gitefideua\/wp-json\/wp\/v2\/pages\/79"}],"wp:attachment":[{"href":"https:\/\/blogs.ua.es\/gitefideua\/wp-json\/wp\/v2\/media?parent=90"}],"curies":[{"name":"wp","href":"https:\/\/api.w.org\/{rel}","templated":true}]}}