{"id":2,"date":"2009-09-24T13:55:25","date_gmt":"2009-09-24T11:55:25","guid":{"rendered":""},"modified":"2009-10-13T11:24:33","modified_gmt":"2009-10-13T09:24:33","slug":"informacion","status":"publish","type":"page","link":"https:\/\/blogs.ua.es\/giteiea\/informacion\/","title":{"rendered":"Informaci\u00f3n"},"content":{"rendered":"<p>IEA es un <span><a title=\"GITE\" href=\"http:\/\/cvnet.cpd.ua.es\/gite\/idioma.aspx\" target=\"_blank\">Grupo de Innovaci\u00f3n Tecnol\u00f3gico-Educativa (GITE)<\/a> que aborda <\/span>el estudio y la aplicaci\u00f3n de nuevas tecnolog\u00edas en la docencia de asignaturas del \u00e1rea de Ingenier\u00eda de Sistemas y Autom\u00e1tica, en la <a title=\"UA\" href=\"http:\/\/www.ua.es\/\" target=\"_blank\">Universidad de Alicante<\/a>. En est\u00e1 \u00e1rea se incluyen materias t\u00edpicas de ingenier\u00eda como son la rob\u00f3tica, la automatizaci\u00f3n industrial, el control de procesos o los sistemas de comunicaciones de datos.<\/p>\n<p>Puedes contactar con el grupo IEA a trav\u00e9s de este blog, o escribiendo directamente a su coordinador:\u00a0 Francisco A. Candelas (<a title=\"mail\" href=\"mailto:fcandela@dfists.ua.es\" target=\"_blank\">fcandela@dfists.ua.es<\/a>).<\/p>\n","protected":false},"excerpt":{"rendered":"<p>IEA es un Grupo de Innovaci\u00f3n Tecnol\u00f3gico-Educativa (GITE) que aborda el estudio y la aplicaci\u00f3n de nuevas tecnolog\u00edas en la docencia de asignaturas del \u00e1rea de Ingenier\u00eda de Sistemas y Autom\u00e1tica, en la Universidad de Alicante. En est\u00e1 \u00e1rea se incluyen materias t\u00edpicas de ingenier\u00eda como son la rob\u00f3tica, la automatizaci\u00f3n industrial, el control de [&hellip;]<\/p>\n","protected":false},"author":1315,"featured_media":0,"parent":0,"menu_order":0,"comment_status":"closed","ping_status":"closed","template":"","meta":{"footnotes":""},"class_list":["post-2","page","type-page","status-publish","hentry"],"_links":{"self":[{"href":"https:\/\/blogs.ua.es\/giteiea\/wp-json\/wp\/v2\/pages\/2","targetHints":{"allow":["GET"]}}],"collection":[{"href":"https:\/\/blogs.ua.es\/giteiea\/wp-json\/wp\/v2\/pages"}],"about":[{"href":"https:\/\/blogs.ua.es\/giteiea\/wp-json\/wp\/v2\/types\/page"}],"author":[{"embeddable":true,"href":"https:\/\/blogs.ua.es\/giteiea\/wp-json\/wp\/v2\/users\/1315"}],"replies":[{"embeddable":true,"href":"https:\/\/blogs.ua.es\/giteiea\/wp-json\/wp\/v2\/comments?post=2"}],"version-history":[{"count":3,"href":"https:\/\/blogs.ua.es\/giteiea\/wp-json\/wp\/v2\/pages\/2\/revisions"}],"predecessor-version":[{"id":29,"href":"https:\/\/blogs.ua.es\/giteiea\/wp-json\/wp\/v2\/pages\/2\/revisions\/29"}],"wp:attachment":[{"href":"https:\/\/blogs.ua.es\/giteiea\/wp-json\/wp\/v2\/media?parent=2"}],"curies":[{"name":"wp","href":"https:\/\/api.w.org\/{rel}","templated":true}]}}