{"id":21,"date":"2009-09-24T21:57:30","date_gmt":"2009-09-24T19:57:30","guid":{"rendered":"https:\/\/blogs.ua.es\/giteiea\/?page_id=21"},"modified":"2014-12-20T21:59:03","modified_gmt":"2014-12-20T19:59:03","slug":"miembros","status":"publish","type":"page","link":"https:\/\/blogs.ua.es\/giteiea\/miembros\/","title":{"rendered":"Miembros"},"content":{"rendered":"<h3>Coordinador del grupo<\/h3>\n<p style=\"padding-left: 30px\">Francisco Andr\u00e9s Candelas Her\u00edas (TU).<\/p>\n<h3>Miembros<\/h3>\n<ul>\n<li>Fernando Torres Medina (CU).<\/li>\n<li>Jorge Pomares Baeza (TU).<\/li>\n<li>Santiago Puente M\u00e9ndez (TU).<\/li>\n<li>Pablo Gil V\u00e1zquez (TU).<\/li>\n<li>Gabriel Jes\u00fas Garc\u00eda G\u00f3mez (AYU).<\/li>\n<li>Carlos Alberto Jara Bravo (AYU).<\/li>\n<li>Miguel Angel Baquero Crespo (ASO).<\/li>\n<li>Juan Antonio Corrales Ram\u00f3n (FPU).<\/li>\n<li>Iv\u00e1n Perea Fuentes (PAS).<\/li>\n<\/ul>\n","protected":false},"excerpt":{"rendered":"<p>Coordinador del grupo Francisco Andr\u00e9s Candelas Her\u00edas (TU). Miembros Fernando Torres Medina (CU). Jorge Pomares Baeza (TU). Santiago Puente M\u00e9ndez (TU). Pablo Gil V\u00e1zquez (TU). Gabriel Jes\u00fas Garc\u00eda G\u00f3mez (AYU). Carlos Alberto Jara Bravo (AYU). Miguel Angel Baquero Crespo (ASO). Juan Antonio Corrales Ram\u00f3n (FPU). Iv\u00e1n Perea Fuentes (PAS).<\/p>\n","protected":false},"author":1315,"featured_media":0,"parent":0,"menu_order":0,"comment_status":"closed","ping_status":"closed","template":"","meta":{"footnotes":""},"class_list":["post-21","page","type-page","status-publish","hentry"],"_links":{"self":[{"href":"https:\/\/blogs.ua.es\/giteiea\/wp-json\/wp\/v2\/pages\/21","targetHints":{"allow":["GET"]}}],"collection":[{"href":"https:\/\/blogs.ua.es\/giteiea\/wp-json\/wp\/v2\/pages"}],"about":[{"href":"https:\/\/blogs.ua.es\/giteiea\/wp-json\/wp\/v2\/types\/page"}],"author":[{"embeddable":true,"href":"https:\/\/blogs.ua.es\/giteiea\/wp-json\/wp\/v2\/users\/1315"}],"replies":[{"embeddable":true,"href":"https:\/\/blogs.ua.es\/giteiea\/wp-json\/wp\/v2\/comments?post=21"}],"version-history":[{"count":8,"href":"https:\/\/blogs.ua.es\/giteiea\/wp-json\/wp\/v2\/pages\/21\/revisions"}],"predecessor-version":[{"id":103,"href":"https:\/\/blogs.ua.es\/giteiea\/wp-json\/wp\/v2\/pages\/21\/revisions\/103"}],"wp:attachment":[{"href":"https:\/\/blogs.ua.es\/giteiea\/wp-json\/wp\/v2\/media?parent=21"}],"curies":[{"name":"wp","href":"https:\/\/api.w.org\/{rel}","templated":true}]}}