{"id":25,"date":"2009-09-24T22:08:01","date_gmt":"2009-09-24T20:08:01","guid":{"rendered":"https:\/\/blogs.ua.es\/giteiea\/?page_id=25"},"modified":"2010-11-12T21:17:13","modified_gmt":"2010-11-12T19:17:13","slug":"asignaturas","status":"publish","type":"page","link":"https:\/\/blogs.ua.es\/giteiea\/asignaturas\/","title":{"rendered":"Asignaturas"},"content":{"rendered":"<p>Los miembros del grupo IEA imparten docencia en las siguientes asignaturas de las carreras de Inform\u00e1tica desde que se inici\u00f3 el plan de estudios de 2001:<\/p>\n<ul>\n<li><span style=\"color: #3366ff\">Automatizaci\u00f3n<\/span> (<a title=\"Automatizacion\" href=\"http:\/\/cv1.cpd.ua.es\/consplanesestudio\/cvFichaAsi.asp?wCodEst=B203&amp;wcodasi=9246&amp;wLengua=C&amp;scaca=2009-10\" target=\"_blank\">9246<\/a>, <a title=\"Automatizacion\" href=\"http:\/\/cv1.cpd.ua.es\/consplanesestudio\/cvFichaAsi.asp?wCodEst=B205&amp;wcodasi=9422&amp;wLengua=C&amp;scaca=2009-10\" target=\"_blank\">9422<\/a>, <a title=\"Automatizacion\" href=\"http:\/\/cv1.cpd.ua.es\/consplanesestudio\/cvFichaAsi.asp?wCodEst=B204&amp;wcodasi=9322&amp;wLengua=C&amp;scaca=2009-10\" target=\"_blank\">9322<\/a>). Asignatura optativa en las Ingenier\u00edas de Inform\u00e1tica.<\/li>\n<li><span style=\"color: #3366ff\">Control por Computador (<a title=\"CPC\" href=\"http:\/\/cv1.cpd.ua.es\/consplanesestudio\/cvFichaAsi.asp?wCodEst=B203&amp;wcodasi=9247&amp;wLengua=C&amp;scaca=2009-10\" target=\"_blank\">9247<\/a>, <a title=\"CPC\" href=\"http:\/\/cv1.cpd.ua.es\/consplanesestudio\/cvFichaAsi.asp?wCodEst=B205&amp;wcodasi=9423&amp;wLengua=C&amp;scaca=2009-10\" target=\"_blank\">9423<\/a>, <a title=\"CPC\" href=\"http:\/\/cv1.cpd.ua.es\/consplanesestudio\/cvFichaAsi.asp?wCodEst=B204&amp;wcodasi=9323&amp;wLengua=C&amp;scaca=2009-10\" target=\"_blank\">9323<\/a>)<\/span>. Asignatura optativa en las Ingenier\u00edas de Inform\u00e1tica.<\/li>\n<li><span style=\"color: #3366ff\"><a title=\"Blog Redes\" href=\"https:\/\/blogs.ua.es\/redesitis\/\" target=\"_blank\">Redes <\/a>(<a title=\"Redes ITIS\" href=\"http:\/\/cv1.cpd.ua.es\/consplanesestudio\/cvFichaAsi.asp?wCodEst=B205&amp;wcodasi=9359&amp;wLengua=C&amp;scaca=2010-11\" target=\"_blank\">9259<\/a>)<\/span>. Asignatura troncal de Ingenier\u00eda T\u00e9cnica en Inform\u00e1tica de Sistemas.<\/li>\n<li><span style=\"color: #3366ff\">Robots y Sistemas Sensoriales (<a title=\"RSS\" href=\"http:\/\/cv1.cpd.ua.es\/consplanesestudio\/cvFichaAsi.asp?wCodEst=B203&amp;wcodasi=9252&amp;wLengua=C&amp;scaca=2009-10\" target=\"_blank\">9252<\/a>, <a title=\"RSS\" href=\"http:\/\/cv1.cpd.ua.es\/consplanesestudio\/cvFichaAsi.asp?wCodEst=B205&amp;wcodasi=9427&amp;wLengua=C&amp;scaca=2009-10\" target=\"_blank\">9427<\/a>, <a title=\"RSS\" href=\"http:\/\/cv1.cpd.ua.es\/consplanesestudio\/cvFichaAsi.asp?wCodEst=B204&amp;wcodasi=9328&amp;wLengua=C&amp;scaca=2009-10\" target=\"_blank\">9328<\/a>)<\/span>. Asignatura optativa en las Ingenier\u00edas de Inform\u00e1tica.<\/li>\n<li><span style=\"color: #3366ff\">Sistemas de Transporte de Datos (<a title=\"STD\" href=\"http:\/\/cv1.cpd.ua.es\/consplanesestudio\/cvFichaAsi.asp?wCodEst=B203&amp;wcodasi=9186&amp;wLengua=C&amp;scaca=2009-10\" target=\"_blank\">9186<\/a>)<\/span>. Asignatura obligatoria de Ingenier\u00eda Inform\u00e1tica.<\/li>\n<\/ul>\n<p>As\u00ed mismo, los profesores del grupo tambi\u00e9n imparten las asignaturas del <a title=\"Master Autom\u00e1tica y Rob\u00f3tica\" href=\"http:\/\/www.mayr.ua.es\/\" target=\"_blank\">M\u00e1ster Oficial en Autom\u00e1tica y Rob\u00f3tica<\/a>.<\/p>\n<p>Adem\u00e1s, en el <a title=\"Master\" href=\"http:\/\/cv1.cpd.ua.es\/consplanesestudio\/cvAsignaturas.asp?wCodEst=D024&amp;Lengua=C&amp;scaca=2009-10\" target=\"_blank\">M\u00e1ster Oficial en Profesorado de Educaci\u00f3n Secundaria<\/a> se imparte la asignatura <a title=\"Mec\u00e1nica, mecanismos y m\u00e1quinas\" href=\"http:\/\/cv1.cpd.ua.es\/consplanesestudio\/cvFichaAsi.asp?wCodEst=D024&amp;wcodasi=12086&amp;wLengua=C&amp;scaca=2009-10\" target=\"_blank\">Mec\u00e1nica, Mecan\u00edsmos y M\u00e1quinas<\/a> (12086).<\/p>\n<p>Las asignaturas y cursos impartidos abordan las siguientes disciplinas de ingenier\u00eda: redes de comunicaci\u00f3n de datos, automatizaci\u00f3n industrial, control de procesos, rob\u00f3tica y sistemas de sensorizaci\u00f3n.<\/p>\n","protected":false},"excerpt":{"rendered":"<p>Los miembros del grupo IEA imparten docencia en las siguientes asignaturas de las carreras de Inform\u00e1tica desde que se inici\u00f3 el plan de estudios de 2001: Automatizaci\u00f3n (9246, 9422, 9322). Asignatura optativa en las Ingenier\u00edas de Inform\u00e1tica. Control por Computador (9247, 9423, 9323). Asignatura optativa en las Ingenier\u00edas de Inform\u00e1tica. Redes (9259). Asignatura troncal de [&hellip;]<\/p>\n","protected":false},"author":1315,"featured_media":0,"parent":0,"menu_order":0,"comment_status":"closed","ping_status":"closed","template":"","meta":{"footnotes":""},"class_list":["post-25","page","type-page","status-publish","hentry"],"_links":{"self":[{"href":"https:\/\/blogs.ua.es\/giteiea\/wp-json\/wp\/v2\/pages\/25","targetHints":{"allow":["GET"]}}],"collection":[{"href":"https:\/\/blogs.ua.es\/giteiea\/wp-json\/wp\/v2\/pages"}],"about":[{"href":"https:\/\/blogs.ua.es\/giteiea\/wp-json\/wp\/v2\/types\/page"}],"author":[{"embeddable":true,"href":"https:\/\/blogs.ua.es\/giteiea\/wp-json\/wp\/v2\/users\/1315"}],"replies":[{"embeddable":true,"href":"https:\/\/blogs.ua.es\/giteiea\/wp-json\/wp\/v2\/comments?post=25"}],"version-history":[{"count":10,"href":"https:\/\/blogs.ua.es\/giteiea\/wp-json\/wp\/v2\/pages\/25\/revisions"}],"predecessor-version":[{"id":28,"href":"https:\/\/blogs.ua.es\/giteiea\/wp-json\/wp\/v2\/pages\/25\/revisions\/28"}],"wp:attachment":[{"href":"https:\/\/blogs.ua.es\/giteiea\/wp-json\/wp\/v2\/media?parent=25"}],"curies":[{"name":"wp","href":"https:\/\/api.w.org\/{rel}","templated":true}]}}