{"id":65,"date":"2010-07-26T15:05:23","date_gmt":"2010-07-26T13:05:23","guid":{"rendered":"https:\/\/blogs.ua.es\/giteiea\/?page_id=65"},"modified":"2010-12-15T01:03:45","modified_gmt":"2010-12-14T23:03:45","slug":"multimedia","status":"publish","type":"page","link":"https:\/\/blogs.ua.es\/giteiea\/multimedia\/","title":{"rendered":"Multimedia"},"content":{"rendered":"<h3>V\u00eddeos de presentaci\u00f3n de asignaturas<\/h3>\n<p>M\u00e1ster en Autom\u00e1tica y Rob\u00f3tica:<\/p>\n<ul>\n<li><a title=\"Video ASRCS\" href=\"http:\/\/rua.ua.es\/dspace\/handle\/10045\/15436\" target=\"_blank\">V\u00eddeo de presentaci\u00f3n de la asignatura Automatizaci\u00f3n para el Sector Residencial, Comercial y de Servicios<\/a><\/li>\n<li><a title=\"V\u00eddeo CRI\" href=\"http:\/\/rua.ua.es\/dspace\/handle\/10045\/15457\" target=\"_blank\">V\u00eddeo de presentaci\u00f3n de la asignatura Comunicaciones y Redes Industriales<\/a><\/li>\n<li><a title=\"V\u00eddeo II\" href=\"http:\/\/rua.ua.es\/dspace\/handle\/10045\/15458\" target=\"_blank\">V\u00eddeo de presentaci\u00f3n de la asignatura Inform\u00e1tica Industrial<\/a><\/li>\n<li><a title=\"Nuevas tendencias de la rob\u00f3tica\" href=\"http:\/\/rua.ua.es\/dspace\/handle\/10045\/15496\" target=\"_blank\">V\u00eddeo de presentaci\u00f3n de la asignatura Nuevas Tendencias de la Rob\u00f3tica<\/a><\/li>\n<li><a title=\"Robotica\" href=\"http:\/\/rua.ua.es\/dspace\/handle\/10045\/15495\" target=\"_blank\">Video de presentaci\u00f3n de la asignatura Rob\u00f3tica<\/a><\/li>\n<li><a title=\"V\u00eddeo SFPA\" href=\"http:\/\/rua.ua.es\/dspace\/handle\/10045\/15435\" target=\"_blank\">V\u00eddeo de presentaci\u00f3n de la asignatura Sistemas de Fabricaci\u00f3n y Producci\u00f3n Autom\u00e1tica<\/a><\/li>\n<li><a title=\"V\u00eddeo SIHM\" href=\"http:\/\/rua.ua.es\/dspace\/handle\/10045\/15456\" target=\"_blank\">V\u00eddeo de presentaci\u00f3n de la asignatura Sistemas de Interacci\u00f3n Hombre-M\u00e1quina<\/a><\/li>\n<li><a title=\"Sistemas de Percepci\u00f3n\" href=\"http:\/\/rua.ua.es\/dspace\/handle\/10045\/14770\" target=\"_blank\">V\u00eddeo de presentaci\u00f3n de la asignatura Sistemas de Percepci\u00f3n<\/a><\/li>\n<li><a title=\"Video Visi\u00f3n 3D\" href=\"http:\/\/rua.ua.es\/dspace\/handle\/10045\/15402\" target=\"_blank\">V\u00eddeo de presentaci\u00f3n de la asignatura Visi\u00f3n 3D<\/a><\/li>\n<\/ul>\n<p>M\u00e1ster en Profesorado de Educaci\u00f3n Secundaria:<\/p>\n<ul>\n<li><a title=\"MMM\" href=\"http:\/\/rua.ua.es\/dspace\/handle\/10045\/15127\" target=\"_blank\">V\u00eddeo de presentaci\u00f3n de la asignatura Mec\u00e1nica, Mecanismos y M\u00e1quinas (2010-2011)<\/a><\/li>\n<\/ul>\n<p>Ingenier\u00eda T\u00e9cnica en Inform\u00e1tica de Sistemas:<\/p>\n<ul>\n<li><a title=\"Redes\" href=\"http:\/\/rua.ua.es\/dspace\/handle\/10045\/14573\" target=\"_self\">V\u00eddeo de presentaci\u00f3n de la teor\u00eda de la asignatura de Redes<\/a><\/li>\n<li><a title=\"Pr\u00e1cticas de Redes\" href=\"http:\/\/rua.ua.es\/dspace\/handle\/10045\/14572\" target=\"_blank\">V\u00eddeo de presentaci\u00f3n de las pr\u00e1cticas de la asignatura de Redes<\/a><\/li>\n<\/ul>\n<h3>Otros v\u00eddeos<\/h3>\n<ul>\n<li><a title=\"Visual\" href=\"https:\/\/zebra.cpd.ua.es\/vertice\/9780\" target=\"_blank\">Presentaci\u00f3n sobre la instalacci\u00f3n y funcionamiento del laboratorio virtual Visual<\/a><\/li>\n<li><a title=\"RobUALab\" href=\"http:\/\/rua.ua.es\/dspace\/handle\/10045\/14292\" target=\"_blank\">V\u00eddeo de ejemplo del funcionamiento del laboratorio virtual RobUALab<\/a><\/li>\n<li><a title=\"Banana Ape\" href=\"http:\/\/rua.ua.es\/dspace\/handle\/10045\/15498\" target=\"_blank\">Proyecto final de carrera de Ingenier\u00eda Inform\u00e1tica: Cortometraje de animaci\u00f3n 3D &#8220;Banana Ape&#8221;<\/a><\/li>\n<\/ul>\n","protected":false},"excerpt":{"rendered":"<p>V\u00eddeos de presentaci\u00f3n de asignaturas M\u00e1ster en Autom\u00e1tica y Rob\u00f3tica: V\u00eddeo de presentaci\u00f3n de la asignatura Automatizaci\u00f3n para el Sector Residencial, Comercial y de Servicios V\u00eddeo de presentaci\u00f3n de la asignatura Comunicaciones y Redes Industriales V\u00eddeo de presentaci\u00f3n de la asignatura Inform\u00e1tica Industrial V\u00eddeo de presentaci\u00f3n de la asignatura Nuevas Tendencias de la Rob\u00f3tica Video [&hellip;]<\/p>\n","protected":false},"author":1315,"featured_media":0,"parent":0,"menu_order":0,"comment_status":"open","ping_status":"open","template":"","meta":{"footnotes":""},"class_list":["post-65","page","type-page","status-publish","hentry"],"_links":{"self":[{"href":"https:\/\/blogs.ua.es\/giteiea\/wp-json\/wp\/v2\/pages\/65","targetHints":{"allow":["GET"]}}],"collection":[{"href":"https:\/\/blogs.ua.es\/giteiea\/wp-json\/wp\/v2\/pages"}],"about":[{"href":"https:\/\/blogs.ua.es\/giteiea\/wp-json\/wp\/v2\/types\/page"}],"author":[{"embeddable":true,"href":"https:\/\/blogs.ua.es\/giteiea\/wp-json\/wp\/v2\/users\/1315"}],"replies":[{"embeddable":true,"href":"https:\/\/blogs.ua.es\/giteiea\/wp-json\/wp\/v2\/comments?post=65"}],"version-history":[{"count":11,"href":"https:\/\/blogs.ua.es\/giteiea\/wp-json\/wp\/v2\/pages\/65\/revisions"}],"predecessor-version":[{"id":67,"href":"https:\/\/blogs.ua.es\/giteiea\/wp-json\/wp\/v2\/pages\/65\/revisions\/67"}],"wp:attachment":[{"href":"https:\/\/blogs.ua.es\/giteiea\/wp-json\/wp\/v2\/media?parent=65"}],"curies":[{"name":"wp","href":"https:\/\/api.w.org\/{rel}","templated":true}]}}