{"id":2,"date":"2008-09-08T15:12:04","date_gmt":"2008-09-08T13:12:04","guid":{"rendered":""},"modified":"2012-07-02T16:54:35","modified_gmt":"2012-07-02T14:54:35","slug":"acerca-de","status":"publish","type":"page","link":"https:\/\/blogs.ua.es\/glac\/acerca-de\/","title":{"rendered":"{LAC}"},"content":{"rendered":"<p><strong><em>Laboratorio de Arquitectura y Computaci\u00f3n {LAC}.<\/em><\/strong><\/p>\n<p>Grupo perteneciente al Departamento de Expresi\u00f3n Gr\u00e1fica y Cartograf\u00eda de la Universidad de Alicante.<\/p>\n<p>Para m\u00e1s informaci\u00f3n, <a title=\"LAC\" href=\"https:\/\/blogs.ua.es\/glac\/2008\/11\/21\/lac-presentacion\/\" target=\"_blank\">ver la siguiente entrada<\/a><\/p>\n","protected":false},"excerpt":{"rendered":"<p>Laboratorio de Arquitectura y Computaci\u00f3n {LAC}. Grupo perteneciente al Departamento de Expresi\u00f3n Gr\u00e1fica y Cartograf\u00eda de la Universidad de Alicante. Para m\u00e1s informaci\u00f3n, ver la siguiente entrada<\/p>\n","protected":false},"author":821,"featured_media":0,"parent":0,"menu_order":0,"comment_status":"closed","ping_status":"closed","template":"","meta":{"footnotes":""},"class_list":["post-2","page","type-page","status-publish","hentry"],"_links":{"self":[{"href":"https:\/\/blogs.ua.es\/glac\/wp-json\/wp\/v2\/pages\/2","targetHints":{"allow":["GET"]}}],"collection":[{"href":"https:\/\/blogs.ua.es\/glac\/wp-json\/wp\/v2\/pages"}],"about":[{"href":"https:\/\/blogs.ua.es\/glac\/wp-json\/wp\/v2\/types\/page"}],"author":[{"embeddable":true,"href":"https:\/\/blogs.ua.es\/glac\/wp-json\/wp\/v2\/users\/821"}],"replies":[{"embeddable":true,"href":"https:\/\/blogs.ua.es\/glac\/wp-json\/wp\/v2\/comments?post=2"}],"version-history":[{"count":4,"href":"https:\/\/blogs.ua.es\/glac\/wp-json\/wp\/v2\/pages\/2\/revisions"}],"predecessor-version":[{"id":68,"href":"https:\/\/blogs.ua.es\/glac\/wp-json\/wp\/v2\/pages\/2\/revisions\/68"}],"wp:attachment":[{"href":"https:\/\/blogs.ua.es\/glac\/wp-json\/wp\/v2\/media?parent=2"}],"curies":[{"name":"wp","href":"https:\/\/api.w.org\/{rel}","templated":true}]}}