{"id":2,"date":"2009-01-09T08:40:20","date_gmt":"2009-01-09T07:40:20","guid":{"rendered":""},"modified":"2009-09-21T16:29:16","modified_gmt":"2009-09-21T15:29:16","slug":"acerca_de","status":"publish","type":"page","link":"https:\/\/blogs.ua.es\/gonzalo\/acerca_de\/","title":{"rendered":"Autor"},"content":{"rendered":"<p>Soy Gonzalo Lorenzo Lled\u00f3, Ingeniero Industrial por la Universidad Miguel Hern\u00e1ndez de Elche en el a\u00f1o 2005. En la actualidad trabajo en la <a href=\"http:\/\/www.ua.es\/va\/servicios\/si\/ite\/index.html\">Unidad de Inovaci\u00f3n Tecnol\u00f3gica Educativa.<\/a> Mis lineas de investigaci\u00f3n son la aplicaci\u00f3n de las nuevas tecnolog\u00edas en el campo educativo.<strong><strong><code> <\/code><\/strong><\/strong><code>A continuaci\u00f3n cito algunos de los aspectos m\u00e1s importantes de mi curriculum empezando por los articulos presentados en congresos.<\/code><\/p>\n<p>LLed\u00f3 Carreres, A.; Lorenzo Lled\u00f3,G.; \u00c1lvarez Teruel, JD.; Grau Company, S. (2007).<strong> La inclusi\u00f3n educativa y digital para el alumnado con s\u00edndrome de asperger.<\/strong> En Roig Vila, R.; Mengual Andr\u00e9s, S.; Pastor Verd\u00fa, F.<em> Tic@aula 2007. Aula digital. <\/em>Alicante: Instituto de Ciencias de la Educaci\u00f3n<em>.<\/em><\/p>\n<p>Lled\u00f3 Carreres, A.; Alvarez Teruel, J.D.; Grau Company, S.; Gonz\u00e1lez G\u00f3mez, M.C.; Roig Vila, R.I.; Lorenzo Lled\u00f3, G.; Tortosa Yba\u00f1ez, M.T..<strong> The mentoring Program in the university as a mesure of quality in the learning. <em>XXIX International Congress Of\u00a0 Psychology<\/em><\/strong><em><strong>.<\/strong> <\/em>Berlin. 2008.<\/p>\n<p>Lled\u00f3 Carreres, A.; Grau Company, S.; Lorenzo Lled\u00f3, G.; et al. (2009). <strong>Dise\u00f1o de materiales ADEI: el blog como recurso interactivo en la atenci\u00f3n a la diversidad. <\/strong>En Tortosa Yb\u00e1\u00f1ez, MT.; \u00c1lvarez Teruel<em>, <\/em>JD. <em>Investigaciones colaborativas en el \u00e1mbito universitario: propuestas para el cambio.<\/em> Alicante: Vicerrectorado de Planificaci\u00f3n Estrat\u00e9gica y Calidad. ICE Universidad de Alicante. ISBN:: 978-84-692-0119-0<em>. <\/em><\/p>\n<p>Lled\u00f3 Carreres, A.; Lorenzo Lled\u00f3, G.; Perandones Gonz\u00e1lez, TM.; Riera Molina, N. (2009).<strong> La utilizaci\u00f3n de blogs como metodolog\u00eda educativa para docentes universitarios: reflexiones derivadas de su aplicaci\u00f3n pr\u00e1ctica.<\/strong> En Revista de Psicolog\u00eda INFAD. Internacional Journal Of Developmmental and Educational Psicology. (en prensa).<\/p>\n<p>LLed\u00f3 Carreres, A.; Lorenzo Lled\u00f3,G.; Perandones Gonz\u00e1lez, TM.; Riera Molina, N. Tortosa Yba\u00f1ez, M.T.(2009). <strong>Un aprendizaje constructivista a trav\u00e9s de la web 2.0 y la incorporaci\u00f3n del blog como recurso metodol\u00f3gico en la docencia universitaria<\/strong>. En I congreso de docencia Universitaria. Vigo<\/p>\n<p>Los proyectos de investigaci\u00f3n en los cuales he formado parte.<\/p>\n<p><strong>&#8220;Dise\u00f1o, Implementaci\u00f3n y Experimentaci\u00f3n de Escenarios de Manipulaci\u00f3n Inteligentes para Aplicaciones de Ensamblado y Desensamblado Autom\u00e1tico&#8221;<\/strong>. Ministerio de Educaci\u00f3n y Ciencia. Investigador Responsable: Fernando Torres Medina. (2005-2008)<\/p>\n<p>Organizaci\u00f3n de Actividades I+D<\/p>\n<p><strong>IFAC Workshop on Intelligent Assembly and Disassembly (IAD&#8217;07).<\/strong>. Internacional. 23\/5\/2007.<br \/>\n<strong>IFAC Workshop on Intelligent Manufacturing Systems (IMS&#8217;07). <\/strong>Internacional. 23\/5\/2007.<br \/>\n<strong>Jornadas de Seguimiento de Proyectos del Plan Nacional DPI<\/strong> &#8211; <em>Rob\u00f3tica y Visi\u00f3n por Computador junio 2008<\/em><\/p>\n<p>Premios Conseguidos<\/p>\n<p><strong>Premio al mejor blog en la categor\u00eda educativa en el I concurso de Blogs UA<br \/>\nPremio Prodel por el trabajo sobre Educaci\u00f3n en Autom\u00e1tica presentado en las Jornadas de Autom\u00e1tica 2009<\/strong><\/p>\n","protected":false},"excerpt":{"rendered":"<p>Soy Gonzalo Lorenzo Lled\u00f3, Ingeniero Industrial por la Universidad Miguel Hern\u00e1ndez de Elche en el a\u00f1o 2005. En la actualidad trabajo en la Unidad de Inovaci\u00f3n Tecnol\u00f3gica Educativa. Mis lineas de investigaci\u00f3n son la aplicaci\u00f3n de las nuevas tecnolog\u00edas en el campo educativo. A continuaci\u00f3n cito algunos de los aspectos m\u00e1s importantes de mi curriculum [&hellip;]<\/p>\n","protected":false},"author":1090,"featured_media":0,"parent":0,"menu_order":0,"comment_status":"open","ping_status":"open","template":"","meta":{"footnotes":""},"class_list":["post-2","page","type-page","status-publish","hentry"],"_links":{"self":[{"href":"https:\/\/blogs.ua.es\/gonzalo\/wp-json\/wp\/v2\/pages\/2","targetHints":{"allow":["GET"]}}],"collection":[{"href":"https:\/\/blogs.ua.es\/gonzalo\/wp-json\/wp\/v2\/pages"}],"about":[{"href":"https:\/\/blogs.ua.es\/gonzalo\/wp-json\/wp\/v2\/types\/page"}],"author":[{"embeddable":true,"href":"https:\/\/blogs.ua.es\/gonzalo\/wp-json\/wp\/v2\/users\/1090"}],"replies":[{"embeddable":true,"href":"https:\/\/blogs.ua.es\/gonzalo\/wp-json\/wp\/v2\/comments?post=2"}],"version-history":[{"count":21,"href":"https:\/\/blogs.ua.es\/gonzalo\/wp-json\/wp\/v2\/pages\/2\/revisions"}],"predecessor-version":[{"id":7,"href":"https:\/\/blogs.ua.es\/gonzalo\/wp-json\/wp\/v2\/pages\/2\/revisions\/7"}],"wp:attachment":[{"href":"https:\/\/blogs.ua.es\/gonzalo\/wp-json\/wp\/v2\/media?parent=2"}],"curies":[{"name":"wp","href":"https:\/\/api.w.org\/{rel}","templated":true}]}}