{"id":54,"date":"2008-12-03T21:42:20","date_gmt":"2008-12-03T19:42:20","guid":{"rendered":"https:\/\/blogs.ua.es\/goya08\/?page_id=54"},"modified":"2008-12-04T16:56:10","modified_gmt":"2008-12-04T14:56:10","slug":"fuendetodos","status":"publish","type":"page","link":"https:\/\/blogs.ua.es\/goya08\/fuendetodos\/","title":{"rendered":"Fuendetodos"},"content":{"rendered":"<p style=\"text-align: justify\"><strong>FUENDETODOS: CUNA Y LUZ DEL GENIO DE GOYA<\/strong><\/p>\n<p style=\"text-align: justify\"><a href=\"https:\/\/blogs.ua.es\/goya08\/files\/2008\/12\/fuendetodos1.jpg\"><img loading=\"lazy\" decoding=\"async\" class=\"alignright size-medium wp-image-77\" src=\"https:\/\/blogs.ua.es\/goya08\/files\/2008\/12\/fuendetodos1-300x225.jpg\" alt=\"\" width=\"300\" height=\"225\" \/><\/a>Fuendetodos es una villa de la provincia de Zaragoza situada en la depresi\u00f3n del Ebro, en la confluencia de los r\u00edos Aguasvivas y Huerva. Este peque\u00f1o municipio de \u00a0la comarca de Belchite, a 44 kil\u00f3metros de Zaragoza, vive y respira bajo la sombra inmortal del pintor; y como tal, la calle principal de la localidad est\u00e1 dedicada al pintor aragon\u00e9s. Se puede visitar la casa natal del maestro y el museo donde se expone la documentaci\u00f3n de su obra.Su iglesia parroquial est\u00e1 dedicada a la Asunci\u00f3n de la Virgen, con una clara transici\u00f3n del mud\u00e9jar al barroco del siglo XVII. Lamentablemente y como dato hist\u00f3rico cabe destacarr que la Guerra Civil termin\u00f3 con la \u00fanica obra que se conservaba del pintor en su pueblo natal.<\/p>\n<p style=\"text-align: justify\">La localidad zaragozana en la que naci\u00f3 Goya en 1746, es un pueblo claro y limpio, lleno de luz y de historia para cada uno de los 25.000 visitantes que llegan cada a\u00f1o tras los pasos del artista, esperando encontrar en sus calles y rinc\u00f3nes algo de la inspiraci\u00f3n del genio de Goya.<\/p>\n<p style=\"text-align: justify\">El viajero que llega Fuendetodos por la carretera de Teruel puede llevarse una incompleta imagen del paisaje del t\u00e9rmino. Con una primera impresi\u00f3n de un paraje desarbolado y especialmente \u00e1rido, Fuendetodos conserva una importante masa forestal y que existen enclaves, que esconden una flora singular. Diversas causas han permitido que gran parte de los pinares y encinares de la localidad hayan llegado hasta nuestros d\u00edas, pudiendo aun m\u00e1s transportar al visitante a la \u00e9poca de Goya. Sus calles y su tierra ocre y rojiza son las mismas que volvi\u00f3 a pisar el artista a los 16 a\u00f1os cuando regres\u00f3 para decorar el relicario de su iglesia natal, pinturas que hoy han desaparecido.<\/p>\n<p style=\"text-align: justify\">Goya amaba la luz y su reflejo sobre las cosas. Y en Fuendetodos hay luz, pero sobre todo un pasado, unas ra\u00edces y un empe\u00f1o en recordar que Goya no se agota en Madrid, ni en Zaragoza, ni en Burdeos; que para seguir las huellas del genio hay que partir de Fuendetodos. El presente y el futuro de este municipio, de apenas 200 habitantes, se halla en la difusi\u00f3n de la vida y de la obra de un hombre genial.<\/p>\n<p style=\"text-align: justify\"><a href=\"https:\/\/blogs.ua.es\/goya08\/files\/2008\/12\/fuendetodos3.jpg\"><img loading=\"lazy\" decoding=\"async\" class=\"alignleft size-medium wp-image-80\" src=\"https:\/\/blogs.ua.es\/goya08\/files\/2008\/12\/fuendetodos3-300x225.jpg\" alt=\"\" width=\"300\" height=\"225\" \/><\/a>Gracias a las condiciones geogr\u00e1ficas, hist\u00f3ricas y una gesti\u00f3n m\u00e1s respetuosa con los recursos naturales, podemos hablar y gozar, casi con toda seguridad, de los mismos paisajes que Goya conoci\u00f3, all\u00e1 por la segunda mitad del siglo XVIII.<\/p>\n<p style=\"text-align: justify\">A finales del s. XVIII, Fuendetodos lleg\u00f3 a tener unos quinientos habitantes (hoy posee alrededor de 200). Tradicionalmente ha basado su econom\u00eda en el uso de los recursos naturales. Aparte de la industria del hielo, los pilares han sido la agricultura y la ganader\u00eda ovina e incluso las canteras.<\/p>\n<p style=\"text-align: justify\">La orograf\u00eda y el tipo de suelos han propiciado una diversidad insospechada, no solo de masa forestal, sino tambi\u00e9n agr\u00edcola. En aquella \u00e9poca el cultivo principal era el trigo y la cebada. La villa se encontraba tan bien abastecida que incluso parte de la producci\u00f3n, se exportaba. En el siglo XVIII, ten\u00edan una producci\u00f3n regular y garantizada de cereales, as\u00ed que, en a\u00f1os malos, mientras el Campo de Belchite y de Cari\u00f1ena sufr\u00edan, las cosechas pod\u00edan salir adelante en la tierra de Fuendetodos.<\/p>\n<p style=\"text-align: justify\">una de las industrias tradicionales entre los siglos XVII al XIX fue la elaboraci\u00f3n de hielo a partir de la nieve (la cual era prensada y guardada en pozos o neveros para proveer la capital), as\u00ed como el arriendo del monte para le\u00f1a y carboneo (pino). Respecto a esto ultimo, ya se documentaba en 1633 en el ayuntamiento el arrendo de le\u00f1a para la fabricaci\u00f3n del carb\u00f3n.<\/p>\n<p style=\"text-align: justify\">Ya hemos rese\u00f1ado la importancia que actualmente tiene Francisco de Goya en Fuendetodos a pesar de no conservar pintura alguna de su embajador. Hecho que no impide a esta villa presentarnos una variedad \u00fanica acerca de la vida del artista.<\/p>\n<p style=\"text-align: justify\"><!--[if gte vml 1]&gt; &lt;![endif]-->Desde que se descubriera su casa natal en 1913 sobre ella se ha construido un aut\u00e9ntico mausoleo. A pocos metros se recuper\u00f3 una casa t\u00edpica del Somontano de tres plantas declarada Monumento Hist\u00f3rico Nacional en 1982, donde hoy se exhibe el Museo del Grabado, inaugurado en 1989. En ella se ubica una exposici\u00f3n permanente de la obra gr\u00e1fica de Goya con Los Desastres, Los Caprichos, Los Disparates y La Tauromaquia; un espacio para exposiciones temporales y otro para una gu\u00eda did\u00e1ctica del arte del grabado. Fuendetodos dispone adem\u00e1s de una sala de exposiciones contigua a la casa natal de Goya que, programa muestras de arte durante todo el a\u00f1o.<\/p>\n","protected":false},"excerpt":{"rendered":"<p>FUENDETODOS: CUNA Y LUZ DEL GENIO DE GOYA Fuendetodos es una villa de la provincia de Zaragoza situada en la depresi\u00f3n del Ebro, en la confluencia de los r\u00edos Aguasvivas y Huerva. Este peque\u00f1o municipio de \u00a0la comarca de Belchite, a 44 kil\u00f3metros de Zaragoza, vive y respira bajo la sombra inmortal del pintor; y [&hellip;]<\/p>\n","protected":false},"author":936,"featured_media":0,"parent":0,"menu_order":3,"comment_status":"open","ping_status":"open","template":"","meta":{"footnotes":""},"class_list":["post-54","page","type-page","status-publish","hentry"],"_links":{"self":[{"href":"https:\/\/blogs.ua.es\/goya08\/wp-json\/wp\/v2\/pages\/54","targetHints":{"allow":["GET"]}}],"collection":[{"href":"https:\/\/blogs.ua.es\/goya08\/wp-json\/wp\/v2\/pages"}],"about":[{"href":"https:\/\/blogs.ua.es\/goya08\/wp-json\/wp\/v2\/types\/page"}],"author":[{"embeddable":true,"href":"https:\/\/blogs.ua.es\/goya08\/wp-json\/wp\/v2\/users\/936"}],"replies":[{"embeddable":true,"href":"https:\/\/blogs.ua.es\/goya08\/wp-json\/wp\/v2\/comments?post=54"}],"version-history":[{"count":5,"href":"https:\/\/blogs.ua.es\/goya08\/wp-json\/wp\/v2\/pages\/54\/revisions"}],"predecessor-version":[{"id":79,"href":"https:\/\/blogs.ua.es\/goya08\/wp-json\/wp\/v2\/pages\/54\/revisions\/79"}],"wp:attachment":[{"href":"https:\/\/blogs.ua.es\/goya08\/wp-json\/wp\/v2\/media?parent=54"}],"curies":[{"name":"wp","href":"https:\/\/api.w.org\/{rel}","templated":true}]}}