{"id":60,"date":"2008-12-04T13:32:38","date_gmt":"2008-12-04T11:32:38","guid":{"rendered":"https:\/\/blogs.ua.es\/goya08\/?page_id=60"},"modified":"2008-12-04T16:45:25","modified_gmt":"2008-12-04T14:45:25","slug":"madrid","status":"publish","type":"page","link":"https:\/\/blogs.ua.es\/goya08\/madrid\/","title":{"rendered":"Madrid"},"content":{"rendered":"<p><a href=\"https:\/\/blogs.ua.es\/goya08\/files\/2008\/12\/palacio_real.jpg\"><img loading=\"lazy\" decoding=\"async\" class=\"size-medium wp-image-70 alignright\" src=\"https:\/\/blogs.ua.es\/goya08\/files\/2008\/12\/palacio_real-300x228.jpg\" alt=\"Palacio Real de Madrid\" width=\"300\" height=\"228\" \/><\/a><\/p>\n<p>Madrid, villa y corte, la ciudad m\u00e1s grande y poblada del pa\u00eds. Se encuentra en zona central de la pen\u00ednsula ib\u00e9rica. Situada a pocos kil\u00f3metros de la sierra de Guadarrama e hidrogr\u00e1ficamente se encuentra emplazada en la cuenca del Tajo.<\/p>\n<p>Madrid experimentar\u00e1 un gran desarrollo a ra\u00edz de que Felipe II la convirtiese en la capital del reino en 1561.<\/p>\n<p>El levantamiento del pueblo de Madrid en contra de las tropas francesas, el dos de Mayo de 1808,\u00a0 marca el principio de la Guerra de la Independencia. El rey Jos\u00e9 Bonaparte, hermano de Napole\u00f3n realiza reformas en la capital, siendo frecuente las \u00f3rdenes de derribar conventos para hacer plazas, por lo que adquiere el mote de &#8220;Pepe plazuelas&#8221;.<\/p>\n<p>Madrid fue durante 2006, la cuarta ciudad m\u00e1s visitada de Europa y la primera de Espa\u00f1a, al acoger a casi siete millones de turistas al a\u00f1o.<\/p>\n<p>Madrid cuenta con importantes pinacotecas, destacamos tres centros de referencia:<\/p>\n<ul>\n<li>Museo del Prado<\/li>\n<li>Museo Thyssen- Bornemisza<\/li>\n<li>Museo Reina Sof\u00eda<\/li>\n<\/ul>\n<p>Hacemos una referencia especial al museo de la Real  Academia de Bellas Artes, de San Fernando, en su colecci\u00f3n permanente, hay una gran colecci\u00f3n de obras, especialmente de arte espa\u00f1ol, italiano y flamenco de los siglos XVIII y XIX.<\/p>\n<p>Goya es uno de los autores representados y adem\u00e1s fue miembro de la Academia.<\/p>\n","protected":false},"excerpt":{"rendered":"<p>Madrid, villa y corte, la ciudad m\u00e1s grande y poblada del pa\u00eds. Se encuentra en zona central de la pen\u00ednsula ib\u00e9rica. Situada a pocos kil\u00f3metros de la sierra de Guadarrama e hidrogr\u00e1ficamente se encuentra emplazada en la cuenca del Tajo. Madrid experimentar\u00e1 un gran desarrollo a ra\u00edz de que Felipe II la convirtiese en la [&hellip;]<\/p>\n","protected":false},"author":936,"featured_media":0,"parent":0,"menu_order":5,"comment_status":"open","ping_status":"open","template":"","meta":{"footnotes":""},"class_list":["post-60","page","type-page","status-publish","hentry"],"_links":{"self":[{"href":"https:\/\/blogs.ua.es\/goya08\/wp-json\/wp\/v2\/pages\/60","targetHints":{"allow":["GET"]}}],"collection":[{"href":"https:\/\/blogs.ua.es\/goya08\/wp-json\/wp\/v2\/pages"}],"about":[{"href":"https:\/\/blogs.ua.es\/goya08\/wp-json\/wp\/v2\/types\/page"}],"author":[{"embeddable":true,"href":"https:\/\/blogs.ua.es\/goya08\/wp-json\/wp\/v2\/users\/936"}],"replies":[{"embeddable":true,"href":"https:\/\/blogs.ua.es\/goya08\/wp-json\/wp\/v2\/comments?post=60"}],"version-history":[{"count":5,"href":"https:\/\/blogs.ua.es\/goya08\/wp-json\/wp\/v2\/pages\/60\/revisions"}],"predecessor-version":[{"id":72,"href":"https:\/\/blogs.ua.es\/goya08\/wp-json\/wp\/v2\/pages\/60\/revisions\/72"}],"wp:attachment":[{"href":"https:\/\/blogs.ua.es\/goya08\/wp-json\/wp\/v2\/media?parent=60"}],"curies":[{"name":"wp","href":"https:\/\/api.w.org\/{rel}","templated":true}]}}