{"id":64,"date":"2008-12-04T13:34:28","date_gmt":"2008-12-04T11:34:28","guid":{"rendered":"https:\/\/blogs.ua.es\/goya08\/?page_id=64"},"modified":"2008-12-04T16:49:25","modified_gmt":"2008-12-04T14:49:25","slug":"parma","status":"publish","type":"page","link":"https:\/\/blogs.ua.es\/goya08\/parma\/","title":{"rendered":"Parma"},"content":{"rendered":"<p><a href=\"https:\/\/blogs.ua.es\/goya08\/files\/2008\/12\/duomo_e_battistero_di_parma.jpg\"><img loading=\"lazy\" decoding=\"async\" class=\"size-medium wp-image-73 alignright\" src=\"https:\/\/blogs.ua.es\/goya08\/files\/2008\/12\/duomo_e_battistero_di_parma-300x225.jpg\" alt=\"Catedral y Baptisterio de Parma\" width=\"300\" height=\"225\" \/><\/a><\/p>\n<p>Es una ciudad de la regi\u00f3n Padana, en Italia. Situada entre la cordillera de los Apeninos y la llanura del r\u00edo Po.<\/p>\n<p>Rodeada de espl\u00e9ndidos y bellos bosque, la ciudad presenta una notable arquitecura medieval.<\/p>\n<p>Parma es una ciudad de tradiciones art\u00edsticas donde abundan obras de arte y reliquias de su pasado como capital del Ducado de Parma.- Fue fundad por Mar\u00eda Luisa, esposa de Napole\u00f3n Bonaparte y quiso fundar una poblaci\u00f3n en Italia que le recordara a Par\u00eds, pareci\u00e9ndose as\u00ed a una miniatura de la capital francesa.<\/p>\n<p>Esta ciudad milenaria, atrae a miles de turistas y aficionados al arte y la cultura, arte que va desde los l\u00edmites del rom\u00e1nico al &#8220;art nouveau&#8221;<\/p>\n<p>Sus monumentos m\u00e1s importantes son: la  Catedral de la Edad Media, el Monasterio de San Giovanni Evangelista, Santa Maria Della Steccata, El Palazzo Ducale (1561), Palazzo Della Pilota (1583), con el Museo Bodoniano y el Palazzo lel Governatore del siglo XIII.<\/p>\n<p>Palazzo del Comune (1627), El Hospedale Vechio (1250).<\/p>\n<p>Sus personajes m\u00e1s relevantes son: Giusseppe Verdi (compositor), Toscanini (director de orquesta ) y Bernardo Bertolucci (director de cine).<\/p>\n","protected":false},"excerpt":{"rendered":"<p>Es una ciudad de la regi\u00f3n Padana, en Italia. Situada entre la cordillera de los Apeninos y la llanura del r\u00edo Po. Rodeada de espl\u00e9ndidos y bellos bosque, la ciudad presenta una notable arquitecura medieval. Parma es una ciudad de tradiciones art\u00edsticas donde abundan obras de arte y reliquias de su pasado como capital del [&hellip;]<\/p>\n","protected":false},"author":936,"featured_media":0,"parent":0,"menu_order":7,"comment_status":"open","ping_status":"open","template":"","meta":{"footnotes":""},"class_list":["post-64","page","type-page","status-publish","hentry"],"_links":{"self":[{"href":"https:\/\/blogs.ua.es\/goya08\/wp-json\/wp\/v2\/pages\/64","targetHints":{"allow":["GET"]}}],"collection":[{"href":"https:\/\/blogs.ua.es\/goya08\/wp-json\/wp\/v2\/pages"}],"about":[{"href":"https:\/\/blogs.ua.es\/goya08\/wp-json\/wp\/v2\/types\/page"}],"author":[{"embeddable":true,"href":"https:\/\/blogs.ua.es\/goya08\/wp-json\/wp\/v2\/users\/936"}],"replies":[{"embeddable":true,"href":"https:\/\/blogs.ua.es\/goya08\/wp-json\/wp\/v2\/comments?post=64"}],"version-history":[{"count":4,"href":"https:\/\/blogs.ua.es\/goya08\/wp-json\/wp\/v2\/pages\/64\/revisions"}],"predecessor-version":[{"id":75,"href":"https:\/\/blogs.ua.es\/goya08\/wp-json\/wp\/v2\/pages\/64\/revisions\/75"}],"wp:attachment":[{"href":"https:\/\/blogs.ua.es\/goya08\/wp-json\/wp\/v2\/media?parent=64"}],"curies":[{"name":"wp","href":"https:\/\/api.w.org\/{rel}","templated":true}]}}