{"id":66,"date":"2008-12-04T13:35:53","date_gmt":"2008-12-04T11:35:53","guid":{"rendered":"https:\/\/blogs.ua.es\/goya08\/?page_id=66"},"modified":"2008-12-10T19:13:44","modified_gmt":"2008-12-10T17:13:44","slug":"sevilla","status":"publish","type":"page","link":"https:\/\/blogs.ua.es\/goya08\/sevilla\/","title":{"rendered":"Sevilla"},"content":{"rendered":"<p><!--[if gte mso 9]&gt; Normal   0   21         false   false   false                             MicrosoftInternetExplorer4 &lt;![endif]--><!--[if gte mso 9]&gt; &lt;![endif]--><!--[endif]--><!--  --><!--[if gte mso 10]&gt; &lt;!   \/* Style Definitions *\/  table.MsoNormalTable \t{mso-style-name:\"Tabla normal\"; \tmso-tstyle-rowband-size:0; \tmso-tstyle-colband-size:0; \tmso-style-noshow:yes; \tmso-style-parent:\"\"; \tmso-padding-alt:0cm 5.4pt 0cm 5.4pt; \tmso-para-margin:0cm; \tmso-para-margin-bottom:.0001pt; \tmso-pagination:widow-orphan; \tfont-size:10.0pt; \tfont-family:\"Times New Roman\"; \tmso-ansi-language:#0400; \tmso-fareast-language:#0400; \tmso-bidi-language:#0400;} --> <!--[endif]--><\/p>\n<p style=\"text-align: justify\">Est\u00e1 situada al sudoeste de la pen\u00ednsula ib\u00e9rica, en el centro de la Comunidad Aut\u00f3noma de Andaluc\u00eda, siendo su capital. Es la cuarta\u00a0 ciudad de Espa\u00f1a, en cuanto al n\u00famero de habitantes: 704.414habitantes. La poblaci\u00f3n total en la capital, con sus 105 pueblos, que componen la provincia, es de 1.835.077 habitantes.<\/p>\n<p style=\"text-align: justify\">Puede ser considerada, sin lugar a dudas, el centro art\u00edstico, cultural, financiero, econ\u00f3mico y social del sur de Espa\u00f1a<\/p>\n<p style=\"text-align: justify\">Su casco hist\u00f3rico es de los m\u00e1s extensos de Europa y su patrimonio hist\u00f3rico y monumental, sus respectivos espacios esc\u00e9nicos y culturales la convierten en una ciudad receptora de turismo nacional e internacional.<\/p>\n<p style=\"text-align: justify\">Sus monumentos m\u00e1s importantes son: La  Giralda, la  Catedral, el Alc\u00e1zar, el Archivo de Indias, la Torres del Oro, etc.Algunos monumentos de \u00e9stos, son declarados Patrimonio de la Humanidad por la UNESCO en 1987.<\/p>\n<p style=\"text-align: justify\">El Museo de Bellas Artes de Sevilla, es el museo m\u00e1s visitado de Andaluc\u00eda y la segunda pinacoteca m\u00e1s importantes de Espa\u00f1a.<\/p>\n<p style=\"text-align: justify\">Hist\u00f3ricamente, Sevilla es una de las ciudades m\u00e1s importantes de la historia de Espa\u00f1a. Desde la Edad Antigua en que surge el primer n\u00facleo identificado de la cultura tart\u00e9sica, posteriormente destruida por los cartagineses, dio paso a la ciudad romana de Hispalis.<\/p>\n<p style=\"text-align: justify\">Durante el reino visigodo aloj\u00f3 en m\u00e1s de una ocasi\u00f3n la Corte. Cuando fue musulmana, en Al-Andalus, fue sede de una kora y despu\u00e9s de taifas.<\/p>\n<p style=\"text-align: justify\">Incorporado despu\u00e9s\u00a0 a la Corona de Castilla- Le\u00f3n bajo el rey Fernando III, que fue el primero en ser enterrado en su catedral.<\/p>\n<p style=\"text-align: justify\">Durante la   Baja Edad Media, fue ciudad de comercio activo con los mercados genoveses.<\/p>\n<p style=\"text-align: justify\">Sufri\u00f3 la peste negra en 1348 y la revuelta antijud\u00eda de 1391.<\/p>\n<p style=\"text-align: justify\">Tras el descubrimiento de Am\u00e9rica, Sevilla se convirti\u00f3 en el centro econ\u00f3mico del Imperio Espa\u00f1ol, al monopolizar el comercio transoce\u00e1nico, abri\u00e9ndose una verdadera Edad de oro de las artes y las letras.<\/p>\n<p style=\"text-align: justify\">Su momento art\u00edstico m\u00e1s brillante ser\u00e1 el Barroco en el siglo XVII, pero parad\u00f3jicamente tambi\u00e9n sufri\u00f3 el siglo de la decadencia econ\u00f3mica y demogr\u00e1fica.<\/p>\n<p style=\"text-align: justify\">En el siglo XIX, se produce una revitalizaci\u00f3n de la ciudad con la industrializaci\u00f3n, el ferrocarril, que coincide con la \u00e9poca rom\u00e1ntica.<\/p>\n<p style=\"text-align: justify\">El siglo XX, adem\u00e1s de la tr\u00e1gica Guerra Civil, presenci\u00f3 hitos decisivos (Exposici\u00f3n Iberoamericana de1929 y la Exposici\u00f3n  Universal de 1992).<\/p>\n<p style=\"text-align: justify\">En Sevilla han nacido: Murillo, Vel\u00e1zquez, Juan de Vald\u00e9s, Antonio Machado, Manuel Machado, Gustavo Adolfo B\u00e9cquer, Lope de Rueda, Luis Cernuda, Vicente Aleixandre, Francisco Guerrero, Joaqu\u00edn Turina, Juan Belmonte e Ignacio S\u00e1nchez Mej\u00edas.<\/p>\n","protected":false},"excerpt":{"rendered":"<p>Est\u00e1 situada al sudoeste de la pen\u00ednsula ib\u00e9rica, en el centro de la Comunidad Aut\u00f3noma de Andaluc\u00eda, siendo su capital. Es la cuarta\u00a0 ciudad de Espa\u00f1a, en cuanto al n\u00famero de habitantes: 704.414habitantes. La poblaci\u00f3n total en la capital, con sus 105 pueblos, que componen la provincia, es de 1.835.077 habitantes. Puede ser considerada, sin [&hellip;]<\/p>\n","protected":false},"author":936,"featured_media":0,"parent":0,"menu_order":8,"comment_status":"open","ping_status":"open","template":"","meta":{"footnotes":""},"class_list":["post-66","page","type-page","status-publish","hentry"],"_links":{"self":[{"href":"https:\/\/blogs.ua.es\/goya08\/wp-json\/wp\/v2\/pages\/66","targetHints":{"allow":["GET"]}}],"collection":[{"href":"https:\/\/blogs.ua.es\/goya08\/wp-json\/wp\/v2\/pages"}],"about":[{"href":"https:\/\/blogs.ua.es\/goya08\/wp-json\/wp\/v2\/types\/page"}],"author":[{"embeddable":true,"href":"https:\/\/blogs.ua.es\/goya08\/wp-json\/wp\/v2\/users\/936"}],"replies":[{"embeddable":true,"href":"https:\/\/blogs.ua.es\/goya08\/wp-json\/wp\/v2\/comments?post=66"}],"version-history":[{"count":5,"href":"https:\/\/blogs.ua.es\/goya08\/wp-json\/wp\/v2\/pages\/66\/revisions"}],"predecessor-version":[{"id":86,"href":"https:\/\/blogs.ua.es\/goya08\/wp-json\/wp\/v2\/pages\/66\/revisions\/86"}],"wp:attachment":[{"href":"https:\/\/blogs.ua.es\/goya08\/wp-json\/wp\/v2\/media?parent=66"}],"curies":[{"name":"wp","href":"https:\/\/api.w.org\/{rel}","templated":true}]}}