{"id":68,"date":"2008-12-04T16:28:52","date_gmt":"2008-12-04T14:28:52","guid":{"rendered":"https:\/\/blogs.ua.es\/goya08\/?page_id=68"},"modified":"2008-12-04T16:28:52","modified_gmt":"2008-12-04T14:28:52","slug":"burdeos","status":"publish","type":"page","link":"https:\/\/blogs.ua.es\/goya08\/burdeos\/","title":{"rendered":"Burdeos"},"content":{"rendered":"<p style=\"text-align: justify\">Burdeos, puerto de la luna, declarado sitio Patrimonio de la Humanidad por la Unesco 2007.<\/p>\n<p style=\"text-align: justify\">Burdeos, Bordeu, Bordeaux. Ciudad portuaria del sudoeste de Francia, capital de la regi\u00f3n de Aquitania. La quinta ciudad m\u00e1s poblada de Francia con m\u00e1s de 244.000 habitantes.<\/p>\n<p style=\"text-align: justify\">El siglo XVIII fue su \u00e9poca dorada, debido al comercio con las Indias orientales. Durante la 1\u00aa Guerra Mundial, el gobierno franc\u00e9s se retir\u00f3 a esta ciudad.<\/p>\n<p style=\"text-align: justify\">Goya que muri\u00f3 en esta ciudad en 1828, ver\u00eda en ella lo que es: una ciudad hist\u00f3rica habitada, un conjunto urbano y arquitect\u00f3nico sobresaliente, creado en la \u00e9poca de la Ilustraci\u00f3n, cuyos valores se mantuvieron hasta la preimera mitad del siglo XIX, con m\u00e1s edificios protegidos que ninguna otra ciudad francesa, excepto Par\u00eds.<\/p>\n<p style=\"text-align: justify\">Los planes urbanos y conjuntos arquitect\u00f3nicos de principios del siglo XVIII en adelante, colocan a la ciudad como un ejemplo destacado de tendencias cl\u00e1sicas y neocl\u00e1sicas innovadoras. Su forma urbana representa el triunfo de los fil\u00f3sofos que deseaban hacer ciudades que fueran crisoles de humanismo, universalidad y cultura.<\/p>\n<p style=\"text-align: justify\">Monumentos destacados:<\/p>\n<ul style=\"text-align: justify\">\n<li>Anfiteatro romano del siglo III.<\/li>\n<li>Iglesias rom\u00e1nicas de San Severino y de la Santa Cruz.<\/li>\n<li>Catedral de San Andr\u00e9s (S:XII y XVI) y San Miguel.<\/li>\n<li>Actual Ayuntamiento (antiguo palacio arzobispal).<\/li>\n<li>Teatro V\u00edctor Louis, edificios neocl\u00e1sicos del siglo XVIII.<\/li>\n<li>Museo de Bellas Artes de Aquitania.<\/li>\n<li>Centro de Artes Pl\u00e1sticas Contempor\u00e1neas.<\/li>\n<\/ul>\n","protected":false},"excerpt":{"rendered":"<p>Burdeos, puerto de la luna, declarado sitio Patrimonio de la Humanidad por la Unesco 2007. Burdeos, Bordeu, Bordeaux. Ciudad portuaria del sudoeste de Francia, capital de la regi\u00f3n de Aquitania. La quinta ciudad m\u00e1s poblada de Francia con m\u00e1s de 244.000 habitantes. El siglo XVIII fue su \u00e9poca dorada, debido al comercio con las Indias [&hellip;]<\/p>\n","protected":false},"author":936,"featured_media":0,"parent":0,"menu_order":9,"comment_status":"open","ping_status":"open","template":"","meta":{"footnotes":""},"class_list":["post-68","page","type-page","status-publish","hentry"],"_links":{"self":[{"href":"https:\/\/blogs.ua.es\/goya08\/wp-json\/wp\/v2\/pages\/68","targetHints":{"allow":["GET"]}}],"collection":[{"href":"https:\/\/blogs.ua.es\/goya08\/wp-json\/wp\/v2\/pages"}],"about":[{"href":"https:\/\/blogs.ua.es\/goya08\/wp-json\/wp\/v2\/types\/page"}],"author":[{"embeddable":true,"href":"https:\/\/blogs.ua.es\/goya08\/wp-json\/wp\/v2\/users\/936"}],"replies":[{"embeddable":true,"href":"https:\/\/blogs.ua.es\/goya08\/wp-json\/wp\/v2\/comments?post=68"}],"version-history":[{"count":1,"href":"https:\/\/blogs.ua.es\/goya08\/wp-json\/wp\/v2\/pages\/68\/revisions"}],"predecessor-version":[{"id":69,"href":"https:\/\/blogs.ua.es\/goya08\/wp-json\/wp\/v2\/pages\/68\/revisions\/69"}],"wp:attachment":[{"href":"https:\/\/blogs.ua.es\/goya08\/wp-json\/wp\/v2\/media?parent=68"}],"curies":[{"name":"wp","href":"https:\/\/api.w.org\/{rel}","templated":true}]}}