{"id":2,"date":"2009-10-06T15:23:45","date_gmt":"2009-10-06T13:23:45","guid":{"rendered":""},"modified":"2010-01-07T13:59:47","modified_gmt":"2010-01-07T11:59:47","slug":"informacion","status":"publish","type":"page","link":"https:\/\/blogs.ua.es\/grancapitan\/informacion\/","title":{"rendered":"Biograf\u00eda y personaje"},"content":{"rendered":"<p><img loading=\"lazy\" decoding=\"async\" class=\"alignleft size-medium wp-image-59\" title=\"Estatua de Gran Capit\u00e1n en Madrid\" src=\"https:\/\/blogs.ua.es\/grancapitan\/files\/2009\/10\/355px-Monumento_a_Isabel_la_Cat\u00f3lica_Madrid_04a-177x300.jpg\" alt=\"Estatua de Gran Capit\u00e1n en Madrid\" width=\"145\" height=\"247\" \/>Don Gonzalez Fern\u00e1ndo C\u00f3rdoba\u00a0fue un noble, pol\u00edtico y un\u00a0genio militar excepcionalmente dotado que por primera vez manej\u00f3 combinadamente la Infanter\u00eda, la Caballer\u00eda y la Artiller\u00eda.<\/p>\n<p>Naci\u00f3 el 1 de septiembre de 1453 en Montilla, C\u00f3rdoba. Era el segundo hijo de Pedro Fern\u00e1ndez de C\u00f3rdoba y Elvira de Herrera y Enr\u00edquez, pertenc\u00eda a la  Casa de Aguilar. Su padre muri\u00f3 cuando su hermano mayor, Alonso de Aguliar (o Alonso Fern\u00e1ndez de C\u00f3rdoba) y \u00e9l eran ni\u00f1os. Se criaron en C\u00f3rdoba al cuidado del caballero Don Pedro de C\u00e1rcamo.<\/p>\n<p>Como segundo hijo, tuvo que elegir una carrera militar, sin embargo su hermano le subvenci\u00f3. Siendo ni\u00f1o fue incorporado al servicio como paje del pr\u00edncipe Alfonso y despu\u00e9s de su muerte, de la luego reina Isabel I de Castilla. Se cas\u00f3 con su prima Isabel de Montemayor, pero pront\u00f3 qued\u00f3 viudo y libre para dedicarse por entero a la vida militar.<span style=\"font-family: arial\"><span style=\"font-size: x-small\"> <\/span><\/span><\/p>\n<p>En su carrera la insiparci\u00f3n principal fue Alonso de C\u00e1rdenas, el maestre de la Orden de Santiago. Despu\u00e9s de la batalla de Albuera, C\u00e1rdenas le encomi\u00f3 porque siempre le hab\u00eda visto delante del arma. En la lucha era calmoso, ten\u00eda paciencia y arriesgado pero siempre una persona de asiento. Por eso sus soldadores le admiraron y respetaron mucho, adem\u00e1s unos imitaron su vestuario. Fue llamado por su excelencia en el arte de la guerra el Gran Capit\u00e1n.<strong> <\/strong>Mostrando su excelencia que los mayores generales de Carlos I y de Felipe II fueron adiestrados por \u00e9l.<\/p>\n<p>Durante el reinado de los Reyes Cat\u00f3licos, Gonzalo Fern\u00e1ndez de C\u00f3rdoba intervino en la conquista de Granada (1492), en las dos primeras Guerras de Italia y en la toma de Celafonia (1500). Gonzalo se retir\u00f3 a Loja, donde muri\u00f3 el 2 de diciembre de 1515.<\/p>\n<p>Fern\u00e1ndez de C\u00f3rdoba gobern\u00f3 como virrey en N\u00e1poles durante cuatro a\u00f1os, con toda la autoridad de un soberano. Congreg\u00f3 a todos los Estados del reino y les recibi\u00f3 juramento de fidelidad a los monarcas de Castilla y Arag\u00f3n. Tambi\u00e9n quiso recompensar a los que le hab\u00edan ayudado combatiendo a su lado (Pr\u00f3spero y Fabricio Colonna, Bartolom\u00e9 Albiano, Diego de Mendoza, Pedro Navarro, Diego de Paredes).<\/p>\n<p>Tras el fallecimiento de Isabel en 1504, don Fernando y Gonzalo iniciaron un distanciamiento que provoc\u00f3 la retirada de C\u00f3rdoba del gobierno napolitano. Posiblemente los ligeros deseos independentistas del territorio que pod\u00edan ser encabezados por el Gran Capit\u00e1n llevaron al rey cat\u00f3lico a tomar la decisi\u00f3n.<\/p>\n<p><img loading=\"lazy\" decoding=\"async\" class=\"alignright size-medium wp-image-62\" title=\"Iglesia de San Francisco en Granada\" src=\"https:\/\/blogs.ua.es\/grancapitan\/files\/2009\/10\/Granada-300x174.jpg\" alt=\"Iglesia de San Francisco en Granada\" width=\"300\" height=\"174\" srcset=\"https:\/\/blogs.ua.es\/grancapitan\/files\/2009\/10\/Granada-300x174.jpg 300w, https:\/\/blogs.ua.es\/grancapitan\/files\/2009\/10\/Granada.jpg 448w\" sizes=\"auto, (max-width: 300px) 100vw, 300px\" \/>Antes de su fallecimiento estuvo una temporada de retiro en el monasterio de San Jer\u00f3nimo de C\u00f3rdoba, en cuyo cenobio tuvo intenci\u00f3n de recluirse el resto de sus d\u00edas. Su cad\u00e1ver se conserva en la iglesia de San Francisco de Granada.<\/p>\n<p>Tambi\u00e9n unos contempor\u00e1neos se llaman &#8220;El Padre de la guerra de trincheras&#8221;.<\/p>\n<p>Fuentes:<\/p>\n<ul>\n<li><a href=\"http:\/\/www.geocities.com\/CapitolHill\/8788\/grancapi.htm\">http:\/\/en.wikipedia.org\/wiki\/Gonzalo_Fern%C3%A1ndez_de_C%C3%B3rdoba<\/a><\/li>\n<li><a href=\"http:\/\/es.wikipedia.org\/wiki\/Gonzalo_Fern%C3%A1ndez_de_C%C3%B3rdoba\">http:\/\/es.wikipedia.org\/wiki\/Gonzalo_Fern%C3%A1ndez_de_C%C3%B3rdoba<\/a><\/li>\n<li><a href=\"http:\/\/www.artehistoria.jcyl.es\/historia\/personajes\/5613.htm\">http:\/\/www.artehistoria.jcyl.es\/historia\/personajes\/5613.htm<\/a><\/li>\n<li><a href=\"http:\/\/www.ingenierosdelrey.com\/personajes\/s_16\/fernandez_cordoba.htm\">http:\/\/www.ingenierosdelrey.com\/personajes\/s_16\/fernandez_cordoba.htm<\/a><\/li>\n<\/ul>\n","protected":false},"excerpt":{"rendered":"<p>Don Gonzalez Fern\u00e1ndo C\u00f3rdoba\u00a0fue un noble, pol\u00edtico y un\u00a0genio militar excepcionalmente dotado que por primera vez manej\u00f3 combinadamente la Infanter\u00eda, la Caballer\u00eda y la Artiller\u00eda. Naci\u00f3 el 1 de septiembre de 1453 en Montilla, C\u00f3rdoba. Era el segundo hijo de Pedro Fern\u00e1ndez de C\u00f3rdoba y Elvira de Herrera y Enr\u00edquez, pertenc\u00eda a la Casa de [&hellip;]<\/p>\n","protected":false},"author":1321,"featured_media":0,"parent":0,"menu_order":0,"comment_status":"open","ping_status":"open","template":"","meta":{"footnotes":""},"class_list":["post-2","page","type-page","status-publish","hentry"],"_links":{"self":[{"href":"https:\/\/blogs.ua.es\/grancapitan\/wp-json\/wp\/v2\/pages\/2","targetHints":{"allow":["GET"]}}],"collection":[{"href":"https:\/\/blogs.ua.es\/grancapitan\/wp-json\/wp\/v2\/pages"}],"about":[{"href":"https:\/\/blogs.ua.es\/grancapitan\/wp-json\/wp\/v2\/types\/page"}],"author":[{"embeddable":true,"href":"https:\/\/blogs.ua.es\/grancapitan\/wp-json\/wp\/v2\/users\/1321"}],"replies":[{"embeddable":true,"href":"https:\/\/blogs.ua.es\/grancapitan\/wp-json\/wp\/v2\/comments?post=2"}],"version-history":[{"count":18,"href":"https:\/\/blogs.ua.es\/grancapitan\/wp-json\/wp\/v2\/pages\/2\/revisions"}],"predecessor-version":[{"id":14,"href":"https:\/\/blogs.ua.es\/grancapitan\/wp-json\/wp\/v2\/pages\/2\/revisions\/14"}],"wp:attachment":[{"href":"https:\/\/blogs.ua.es\/grancapitan\/wp-json\/wp\/v2\/media?parent=2"}],"curies":[{"name":"wp","href":"https:\/\/api.w.org\/{rel}","templated":true}]}}