{"id":48,"date":"2009-11-24T16:42:31","date_gmt":"2009-11-24T14:42:31","guid":{"rendered":"https:\/\/blogs.ua.es\/grancapitan\/?page_id=48"},"modified":"2010-01-07T18:51:26","modified_gmt":"2010-01-07T16:51:26","slug":"el-ejercito-del-gran-capitan","status":"publish","type":"page","link":"https:\/\/blogs.ua.es\/grancapitan\/el-ejercito-del-gran-capitan\/","title":{"rendered":"El ej\u00e9rcito del Gran Capit\u00e1n"},"content":{"rendered":"<p><strong>En general<\/strong><\/p>\n<p>El Gran Capit\u00e1n us\u00f3 dos elementos para realizar sus estrategias:<\/p>\n<ul>\n<li>la observaci\u00f3n de las circunstancias dominantes que      le rodeaban &#8211; el conocimiento del empleo de las nuevas armas y t\u00e9cnicas de      combate<\/li>\n<li>el aprovechamiento de las lecciones de la historia      &#8211; su fascinaci\u00f3n por los triunfos romanos, que combatieron victoriosamente      en todo tipo de climas y circunstancias.<\/li>\n<\/ul>\n<p><em>Ideas nuevas<\/em><strong><img loading=\"lazy\" decoding=\"async\" class=\"alignleft size-medium wp-image-91\" title=\"Gonzalo Fern\u00e1ndez de C\u00f3rdoba, &quot;El Gran Capit\u00e1n&quot;\" src=\"https:\/\/blogs.ua.es\/grancapitan\/files\/2009\/11\/Gonzalo_Fern\u00e1ndez_de_C\u00f3rdoba-180x300.jpg\" alt=\"Gonzalo Fern\u00e1ndez de C\u00f3rdoba, &quot;El Gran Capit\u00e1n&quot;\" width=\"177\" height=\"300\" \/><\/strong><\/p>\n<p>Tuvo posibilidad para usar estos pensamientos en pr\u00e1ctica en las dos Campa\u00f1as de Italia. Sus experiencias concluyeron que la clave del \u00e9xito es la organizaci\u00f3n de los ej\u00e9rcitos. Cre\u00f3 un completo sistema militar que complement\u00f3 las reformas iniciadas por Gonzalo de Ayora. \u00a0La fuerza principal fue el protagonismo de la infanter\u00eda sobre la caballer\u00eda. La idea b\u00e1sica radicaba en el poder de moverse de la infanter\u00eda en todo tipo de tereno y en poder influir en el \u00e1nimo de los combatientes. Tambi\u00e9n concluy\u00f3 que importancia ten\u00edan los fuegos de arcabuces y artiller\u00eda en el combate. Dio mucha importancia a la recogida de informaci\u00f3n y al establecimiento de un eficaz servicio de inteligencia.<\/p>\n<p><em>Ideas en pr\u00e1ctica<\/em><\/p>\n<p>La combinaci\u00f3n de las operaciones de combate permiti\u00f3 a Gonzalo Fern\u00e1ndez de C\u00f3rdoba introducir varias reformas sucesivas en el ej\u00e9rcito espa\u00f1ol, que desembocaron en el Tercio. La primera reorganizaci\u00f3n fue en 1503. Don Gonzalo cre\u00f3 la divisi\u00f3n con dos coronel\u00edas de 6.000 infantes cada una, 800 hombres de armas, 800 caballos ligeros y 22 ca\u00f1ones. Dio el predominio a la infanter\u00eda, dobl\u00f3 la proporci\u00f3n de arcabuceros y armaron con espadas cortas y lanzas arrojadizas a dos infantes de cada cinco.<\/p>\n<p><strong>Visiones nuevas estrat\u00e9gicas<\/strong><img loading=\"lazy\" decoding=\"async\" class=\"alignright size-medium wp-image-89\" title=\"Arcabucero del siglo XVI\" src=\"https:\/\/blogs.ua.es\/grancapitan\/files\/2009\/11\/terciospalabras1-189x300.jpg\" alt=\"Arcabucero del siglo XVI\" width=\"189\" height=\"300\" srcset=\"https:\/\/blogs.ua.es\/grancapitan\/files\/2009\/11\/terciospalabras1-189x300.jpg 189w, https:\/\/blogs.ua.es\/grancapitan\/files\/2009\/11\/terciospalabras1.jpg 348w\" sizes=\"auto, (max-width: 189px) 100vw, 189px\" \/><\/p>\n<p><strong> <\/strong><\/p>\n<p>Los diferentes observaciones le ayudaron al Gran Capit\u00e1n para crear las estrategias. Por ejemplo supo utilizar las ventajas de las accidentes y formas naturales (como l\u00edneas de defensa), y tambi\u00e9n utiliz\u00f3 los diferentes cuerpos de su ej\u00e9rcito en acciones alejadas y relacionadas entre s\u00ed, pero sin perder la unidad de acci\u00f3n del ej\u00e9rcito. Se dio cuenta de la importancia de las posiciones centrales respecto a las l\u00edneas de movimiento del enemigo (por ejemplo lo us\u00f3 en la campa\u00f1a de Garellano). Entendi\u00f3 que cualquier operaci\u00f3n militar necesita de una base de operaciones, y l\u00edneas de operaciones y de comunicaciones (en la campa\u00f1a de Calabria).<\/p>\n<p><strong>Los elementos del ej\u00e9rcito<\/strong><\/p>\n<p><strong> <\/strong><\/p>\n<p><em>La capitan\u00eda<\/em><\/p>\n<p><em> <\/em><\/p>\n<p>La unidad elemental de combate de la infanter\u00eda del Gran Capit\u00e1n era la capitan\u00eda o batalla, compuesta por un conjunto de 500 hombres. Cada capitan\u00eda consegu\u00eda unos efectos integrados de contenci\u00f3n, fuego y choque, que combinados con el movimiento la convirtieron en un formidable instrumento de combate.<em> <\/em><\/p>\n<p><em> <\/em><\/p>\n<p><em>La caballer\u00eda<\/em><\/p>\n<p><em> <\/em><\/p>\n<p>El Gran Capit\u00e1n propugn\u00f3 emplear la proporci\u00f3n de 100 jinetes por cada 1000 infantes, de los cuales la mitad deb\u00edan ser ligeros (usaban dos armas, la espada y lanza, ballesta, hacha o maza) y la otra mitad pesados (estaba formada por los &#8220;hombres de armas&#8221; medievales). Prin<em><img loading=\"lazy\" decoding=\"async\" class=\"alignleft size-medium wp-image-90\" title=\"Ca\u00f1ones\" src=\"https:\/\/blogs.ua.es\/grancapitan\/files\/2009\/11\/bronzedemicannonculveri-225x300.png\" alt=\"Ca\u00f1ones\" width=\"225\" height=\"300\" srcset=\"https:\/\/blogs.ua.es\/grancapitan\/files\/2009\/11\/bronzedemicannonculveri-225x300.png 225w, https:\/\/blogs.ua.es\/grancapitan\/files\/2009\/11\/bronzedemicannonculveri.png 480w\" sizes=\"auto, (max-width: 225px) 100vw, 225px\" \/><\/em>cipalmente la emple\u00f3 en misiones de exploraci\u00f3n y reconocimiento.<\/p>\n<p><em>La artiller\u00eda<\/em><\/p>\n<p><em> <\/em><\/p>\n<p>El total de la artiller\u00eda fueron 44 de piezas: 10 ca\u00f1ones, 8 serpentinas, 4 culebrinas, 2 pedreros y 20 sacres y falconetes. Su peso, lentitud de los fuegos y materiales defectuosos la hac\u00eda poco eficaz.<\/p>\n<p><em>La escuadr\u00f3n<\/em><\/p>\n<p><em> <\/em><\/p>\n<p>La unidad principal del ej\u00e9rcito del Gran Capit\u00e1n era la coronel\u00eda o escuadr\u00f3n, al mando de un coronel. Deb\u00eda de estar formada por 12 capitan\u00edas de la siguiente manera, para totalizar 6000 soldados.<\/p>\n<p>Fernando de C\u00f3rdoba no present\u00f3 batalla al enemigo si no se ten\u00eda seguridad en la victoria o si el mal que podr\u00eda ocasionar la batalla era menor que el hecho de no presentarla. El Gran Capit\u00e1n fue quien sent\u00f3 las bases de la que ser\u00eda en un futuro inmediato la famosa &#8220;infanter\u00eda espa\u0144ola&#8221;, que rein\u00f3 en los campos de batalla durante m\u00e1s de siglo y medio hasta de derrota de Rocroi.<\/p>\n<p>Fuentes:<\/p>\n<ul>\n<li><a href=\"http:\/\/www.ingenierosdelrey.com\/organizacion\/gran_capitan\/ejercito_gc.htm\">http:\/\/www.ingenierosdelrey.com\/organizacion\/gran_capitan\/ejercito_gc.htm<\/a><\/li>\n<li><a href=\"http:\/\/es.wikipedia.org\/wiki\/Gonzalo_Fern%C3%A1ndez_de_C%C3%B3rdoba#La_reforma_militar_del_Gran_Capit.C3.A1n\">http:\/\/es.wikipedia.org\/wiki\/Gonzalo_Fern%C3%A1ndez_de_C%C3%B3rdoba#La_reforma_militar_del_Gran_Capit.C3.A1n<\/a><\/li>\n<li><a href=\"http:\/\/historia.mforos.com\/725448\/8681396-francia-1490-1504\/\">http:\/\/historia.mforos.com\/725448\/8681396-francia-1490-1504\/<\/a><\/li>\n<\/ul>\n","protected":false},"excerpt":{"rendered":"<p>En general El Gran Capit\u00e1n us\u00f3 dos elementos para realizar sus estrategias: la observaci\u00f3n de las circunstancias dominantes que le rodeaban &#8211; el conocimiento del empleo de las nuevas armas y t\u00e9cnicas de combate el aprovechamiento de las lecciones de la historia &#8211; su fascinaci\u00f3n por los triunfos romanos, que combatieron victoriosamente en todo tipo [&hellip;]<\/p>\n","protected":false},"author":1321,"featured_media":0,"parent":0,"menu_order":0,"comment_status":"open","ping_status":"open","template":"","meta":{"footnotes":""},"class_list":["post-48","page","type-page","status-publish","hentry"],"_links":{"self":[{"href":"https:\/\/blogs.ua.es\/grancapitan\/wp-json\/wp\/v2\/pages\/48","targetHints":{"allow":["GET"]}}],"collection":[{"href":"https:\/\/blogs.ua.es\/grancapitan\/wp-json\/wp\/v2\/pages"}],"about":[{"href":"https:\/\/blogs.ua.es\/grancapitan\/wp-json\/wp\/v2\/types\/page"}],"author":[{"embeddable":true,"href":"https:\/\/blogs.ua.es\/grancapitan\/wp-json\/wp\/v2\/users\/1321"}],"replies":[{"embeddable":true,"href":"https:\/\/blogs.ua.es\/grancapitan\/wp-json\/wp\/v2\/comments?post=48"}],"version-history":[{"count":10,"href":"https:\/\/blogs.ua.es\/grancapitan\/wp-json\/wp\/v2\/pages\/48\/revisions"}],"predecessor-version":[{"id":50,"href":"https:\/\/blogs.ua.es\/grancapitan\/wp-json\/wp\/v2\/pages\/48\/revisions\/50"}],"wp:attachment":[{"href":"https:\/\/blogs.ua.es\/grancapitan\/wp-json\/wp\/v2\/media?parent=48"}],"curies":[{"name":"wp","href":"https:\/\/api.w.org\/{rel}","templated":true}]}}