{"id":2,"date":"2010-06-02T11:24:19","date_gmt":"2010-06-02T11:24:19","guid":{"rendered":""},"modified":"2015-03-12T13:29:00","modified_gmt":"2015-03-12T13:29:00","slug":"informacion","status":"publish","type":"page","link":"https:\/\/blogs.ua.es\/gresmes\/informacion\/","title":{"rendered":"Contacto"},"content":{"rendered":"<p style=\"text-align: left\"><strong>GRESMES<\/strong> es un <strong>Grupo de Ensayo, Simulaci\u00f3n y Modelizaci\u00f3n de estructuras en Ingenier\u00eda civil y Arquitectura<\/strong>, con sede en la Universidad de Alicante.<\/p>\n<p style=\"text-align: left\">Est\u00e1 dirigido por <a href=\"https:\/\/biar.cpd.ua.es\/directorio\/busqueda\/resultados.php?cb=SALVADOR+IVORRA+CHORRO&amp;que=PER&amp;donde=NA&amp;como=like&amp;pagina=0&amp;nres=0&amp;idioma=es\" target=\"_blank\">Salvador Ivorra Chorro<\/a>, subdirector de la Escuela Polit\u00e9cnica Superior de la Universidad de Alicante.<\/p>\n<table style=\"height: 40px\" width=\"564\" cellspacing=\"0\" cellpadding=\"0\">\n<tbody>\n<tr>\n<td width=\"377\"><strong><span style=\"font-family: Verdana;color: #000000;font-size: x-small\"> Universidad de Alicante<\/span><\/strong><strong><span style=\"font-family: Verdana;color: #000000;font-size: x-small\">Carretera San Vicente del Raspeig, s\/n-03690 San Vicente del Raspeig- Alicante<\/span><\/strong><strong><span style=\"font-family: Verdana;color: #000000;font-size: x-small\">web ua: <a href=\"http:\/\/www.ua.es\/\" target=\"_blank\">www.ua.es<\/a><br \/>\n<\/span><\/strong><strong><span style=\"font-family: Verdana;color: #000000;font-size: x-small\">web eps: <a href=\"http:\/\/www.eps.ua.es\/\" target=\"_blank\">www.eps.ua.es<\/a><br \/>\n<\/span><\/strong><\/td>\n<td width=\"418\"><strong> <\/strong><strong><span style=\"font-family: Verdana;color: #000000;font-size: x-small\">Escuela Polit\u00e9cnica Superior \u00a0 \u00a0 \u00a0<\/span><\/strong><strong><span style=\"font-family: Verdana;color: #000000;font-size: x-small\">Departamento de Ingenier\u00eda Civil.<\/span><\/strong><\/p>\n<p><strong><span style=\"font-family: Verdana;color: #000000;font-size: x-small\"> Tlf. secretar\u00eda + 34 <\/span>965.90.37.07<\/strong><br \/>\n<strong><\/strong><strong><\/strong><strong><span style=\"font-family: Verdana;color: #000000;font-size: x-small\"><br \/>\n<\/span><\/strong><strong>web depto: <\/strong><a href=\"http:\/\/dicop.ua.es\/es\/\" target=\"_blank\"><strong>http:\/\/dic.ua.es\/es\/<\/strong><\/a><strong><span style=\"font-family: Verdana;color: #000000;font-size: x-small\"><br \/>\n<\/span><\/strong><\/td>\n<\/tr>\n<\/tbody>\n<\/table>\n<p style=\"text-align: center\"><a href=\"http:\/\/maps.google.com\/maps\/ms?f=d&amp;source=embed&amp;saddr=Carretera+desconocida&amp;daddr=38.288724,-0.555325&amp;geocode=FZGsSQId6Dv4_w%3B&amp;hl=es&amp;mra=dme&amp;mrcr=0&amp;mrsp=1&amp;sz=13&amp;ie=UTF8&amp;t=k&amp;msa=0&amp;msid=109321343001344630087.000484aadb43b6f482f6d&amp;ll=38.386073,-0.513868&amp;spn=0.055504,0.132093&amp;z=14\" target=\"_blank\"><img loading=\"lazy\" decoding=\"async\" class=\"aligncenter size-full wp-image-1198\" style=\"border: 0pt none\" title=\"situaci\u00f3nweb\" alt=\"\" src=\"https:\/\/blogs.ua.es\/proyectosarquitectonicos\/files\/2010\/04\/situaci\u00f3nweb.jpg\" width=\"700\" height=\"581\" \/><\/a><\/p>\n<p>Ver <a href=\"http:\/\/maps.google.com\/maps\/ms?f=d&amp;source=embed&amp;saddr=Carretera+desconocida&amp;daddr=38.288724,-0.555325&amp;geocode=FZGsSQId6Dv4_w%3B&amp;hl=es&amp;mra=dme&amp;mrcr=0&amp;mrsp=1&amp;sz=13&amp;ie=UTF8&amp;t=k&amp;msa=0&amp;msid=109321343001344630087.000484aadb43b6f482f6d&amp;ll=38.386073,-0.513868&amp;spn=0.023547,0.036478&amp;z=14\">UA<\/a> en un mapa m\u00e1s grande<\/p>\n<table style=\"width: 600px\" border=\"0\" cellspacing=\"0\" cellpadding=\"0\">\n<tbody>\n<tr>\n<td><\/td>\n<td><\/td>\n<\/tr>\n<\/tbody>\n<\/table>\n","protected":false},"excerpt":{"rendered":"<p>GRESMES es un Grupo de Ensayo, Simulaci\u00f3n y Modelizaci\u00f3n de estructuras en Ingenier\u00eda civil y Arquitectura, con sede en la Universidad de Alicante. Est\u00e1 dirigido por Salvador Ivorra Chorro, subdirector de la Escuela Polit\u00e9cnica Superior de la Universidad de Alicante. Universidad de AlicanteCarretera San Vicente del Raspeig, s\/n-03690 San Vicente del Raspeig- Alicanteweb ua: www.ua.es [&hellip;]<\/p>\n","protected":false},"author":3077,"featured_media":0,"parent":0,"menu_order":6,"comment_status":"closed","ping_status":"closed","template":"","meta":{"footnotes":""},"class_list":["post-2","page","type-page","status-publish","hentry"],"_links":{"self":[{"href":"https:\/\/blogs.ua.es\/gresmes\/wp-json\/wp\/v2\/pages\/2","targetHints":{"allow":["GET"]}}],"collection":[{"href":"https:\/\/blogs.ua.es\/gresmes\/wp-json\/wp\/v2\/pages"}],"about":[{"href":"https:\/\/blogs.ua.es\/gresmes\/wp-json\/wp\/v2\/types\/page"}],"author":[{"embeddable":true,"href":"https:\/\/blogs.ua.es\/gresmes\/wp-json\/wp\/v2\/users\/3077"}],"replies":[{"embeddable":true,"href":"https:\/\/blogs.ua.es\/gresmes\/wp-json\/wp\/v2\/comments?post=2"}],"version-history":[{"count":29,"href":"https:\/\/blogs.ua.es\/gresmes\/wp-json\/wp\/v2\/pages\/2\/revisions"}],"predecessor-version":[{"id":566,"href":"https:\/\/blogs.ua.es\/gresmes\/wp-json\/wp\/v2\/pages\/2\/revisions\/566"}],"wp:attachment":[{"href":"https:\/\/blogs.ua.es\/gresmes\/wp-json\/wp\/v2\/media?parent=2"}],"curies":[{"name":"wp","href":"https:\/\/api.w.org\/{rel}","templated":true}]}}