{"id":201,"date":"2010-06-21T22:30:32","date_gmt":"2010-06-21T22:30:32","guid":{"rendered":"https:\/\/blogs.ua.es\/gresmes\/?page_id=201"},"modified":"2015-03-12T13:27:50","modified_gmt":"2015-03-12T13:27:50","slug":"estudios-estaticos","status":"publish","type":"page","link":"https:\/\/blogs.ua.es\/gresmes\/empresa\/estudios-estaticos\/","title":{"rendered":"Estudios Est\u00e1ticos"},"content":{"rendered":"<p><strong>ESTUDIOS EST\u00c1TICOS LINEALES O NO LINEALES DE ESTRUCTURAS, tanto para ingenier\u00eda civil, arquitectura o ingenier\u00eda mec\u00e1nica.<\/strong><\/p>\n<p>Evaluaci\u00f3n num\u00e9rica y\/o experimental de estados l\u00edmites. Pruebas de carga est\u00e1ticas. Evaluaci\u00f3n experimental de tensiones\/deformaciones en elementos estructurales. Evaluaci\u00f3n experimental de flechas. Modelizaci\u00f3n num\u00e9rica de edificios.<\/p>\n<p><strong>Muestra de algunos estudios realizados en esta l\u00ednea:<\/strong><\/p>\n<table style=\"height: 150px;width: 450px\" border=\"0\" cellspacing=\"0\" cellpadding=\"0\">\n<tbody>\n<tr>\n<td><a href=\"https:\/\/blogs.ua.es\/gresmes\/files\/2010\/06\/E_pabellonexpo00.jpg\" target=\"_blank\"><img loading=\"lazy\" decoding=\"async\" class=\"size-thumbnail wp-image-202 aligncenter\" style=\"border: 0pt none;margin-top: 0px;margin-bottom: 0px\" title=\"E_pabellonexpo00\" src=\"https:\/\/blogs.ua.es\/gresmes\/files\/2010\/06\/E_pabellonexpo00-150x150.jpg\" alt=\"\" width=\"150\" height=\"150\" srcset=\"https:\/\/blogs.ua.es\/gresmes\/files\/2010\/06\/E_pabellonexpo00-150x150.jpg 150w, https:\/\/blogs.ua.es\/gresmes\/files\/2010\/06\/E_pabellonexpo00.jpg 300w\" sizes=\"auto, (max-width: 150px) 100vw, 150px\" \/><\/a><\/td>\n<td><a href=\"https:\/\/blogs.ua.es\/gresmes\/files\/2010\/06\/E_pabellonexpo01.jpg\" target=\"_blank\"><img loading=\"lazy\" decoding=\"async\" class=\"size-thumbnail wp-image-203 aligncenter\" style=\"border: 0pt none;margin-top: 0px;margin-bottom: 0px\" title=\"E_pabellonexpo01\" src=\"https:\/\/blogs.ua.es\/gresmes\/files\/2010\/06\/E_pabellonexpo01-150x150.jpg\" alt=\"\" width=\"150\" height=\"150\" srcset=\"https:\/\/blogs.ua.es\/gresmes\/files\/2010\/06\/E_pabellonexpo01-150x150.jpg 150w, https:\/\/blogs.ua.es\/gresmes\/files\/2010\/06\/E_pabellonexpo01.jpg 300w\" sizes=\"auto, (max-width: 150px) 100vw, 150px\" \/><\/a><\/td>\n<td style=\"text-align: left\"><em>Modelizaci\u00f3n, estudio y c\u00e1culo del comportamiento estructural del Pabell\u00f3n de la regi\u00f3n de Murcia en Expo Zaragoza 2008.<\/em><\/td>\n<\/tr>\n<\/tbody>\n<\/table>\n<table style=\"height: 150px;width: 450px\" border=\"0\" cellspacing=\"0\" cellpadding=\"0\">\n<tbody>\n<tr>\n<td><a href=\"https:\/\/blogs.ua.es\/gresmes\/files\/2010\/06\/E_pasarela01.jpg\" target=\"_blank\"><img loading=\"lazy\" decoding=\"async\" class=\"aligncenter size-thumbnail wp-image-400\" style=\"border: 0pt none;margin: 0px\" title=\"E_pasarela01\" src=\"https:\/\/blogs.ua.es\/gresmes\/files\/2010\/06\/E_pasarela01-150x150.jpg\" alt=\"\" width=\"150\" height=\"150\" srcset=\"https:\/\/blogs.ua.es\/gresmes\/files\/2010\/06\/E_pasarela01-150x150.jpg 150w, https:\/\/blogs.ua.es\/gresmes\/files\/2010\/06\/E_pasarela01.jpg 300w\" sizes=\"auto, (max-width: 150px) 100vw, 150px\" \/><\/a><\/td>\n<td><a href=\"https:\/\/blogs.ua.es\/gresmes\/files\/2010\/06\/E_pasarela03.jpg\" target=\"_blank\"><img loading=\"lazy\" decoding=\"async\" class=\"aligncenter size-thumbnail wp-image-401\" style=\"border: 0pt none;margin: 0px\" title=\"E_pasarela03\" src=\"https:\/\/blogs.ua.es\/gresmes\/files\/2010\/06\/E_pasarela03-150x150.jpg\" alt=\"\" width=\"150\" height=\"150\" srcset=\"https:\/\/blogs.ua.es\/gresmes\/files\/2010\/06\/E_pasarela03-150x150.jpg 150w, https:\/\/blogs.ua.es\/gresmes\/files\/2010\/06\/E_pasarela03.jpg 300w\" sizes=\"auto, (max-width: 150px) 100vw, 150px\" \/><\/a><\/td>\n<td style=\"text-align: left\"><em>Modelizaci\u00f3n, estudio y c\u00e1culo del comportamiento estructural de la Pasarela de Pilar de la Horadada.<\/em><\/td>\n<\/tr>\n<\/tbody>\n<\/table>\n<table style=\"height: 150px;width: 450px\" border=\"0\" cellspacing=\"0\" cellpadding=\"0\">\n<tbody>\n<tr>\n<td><a href=\"https:\/\/blogs.ua.es\/gresmes\/files\/2010\/06\/E_cubiertaorihuela01.jpg\" target=\"_blank\"><img loading=\"lazy\" decoding=\"async\" class=\"size-thumbnail wp-image-206 aligncenter\" style=\"border: 0pt none;margin-top: 0px;margin-bottom: 0px\" title=\"E_cubiertaorihuela01\" src=\"https:\/\/blogs.ua.es\/gresmes\/files\/2010\/06\/E_cubiertaorihuela01-150x150.jpg\" alt=\"\" width=\"150\" height=\"150\" srcset=\"https:\/\/blogs.ua.es\/gresmes\/files\/2010\/06\/E_cubiertaorihuela01-150x150.jpg 150w, https:\/\/blogs.ua.es\/gresmes\/files\/2010\/06\/E_cubiertaorihuela01.jpg 300w\" sizes=\"auto, (max-width: 150px) 100vw, 150px\" \/><\/a><\/td>\n<td><a href=\"https:\/\/blogs.ua.es\/gresmes\/files\/2010\/06\/E_cubiertaorihuela.jpg\" target=\"_blank\"><img loading=\"lazy\" decoding=\"async\" class=\"size-thumbnail wp-image-207 aligncenter\" style=\"border: 0pt none;margin-top: 0px;margin-bottom: 0px\" title=\"E_cubiertaorihuela\" src=\"https:\/\/blogs.ua.es\/gresmes\/files\/2010\/06\/E_cubiertaorihuela-150x150.jpg\" alt=\"\" width=\"150\" height=\"150\" srcset=\"https:\/\/blogs.ua.es\/gresmes\/files\/2010\/06\/E_cubiertaorihuela-150x150.jpg 150w, https:\/\/blogs.ua.es\/gresmes\/files\/2010\/06\/E_cubiertaorihuela.jpg 300w\" sizes=\"auto, (max-width: 150px) 100vw, 150px\" \/><\/a><\/td>\n<td style=\"text-align: left\"><em>Estudio del comportamiento estructural de la cubierta de estructura met\u00e1lica del campo de futbol de Orihuela, Alicante.<br \/>\n<\/em><\/td>\n<\/tr>\n<\/tbody>\n<\/table>\n<table style=\"height: 150px;width: 450px\" border=\"0\" cellspacing=\"0\" cellpadding=\"0\">\n<tbody>\n<tr>\n<td><a href=\"https:\/\/blogs.ua.es\/gresmes\/files\/2010\/06\/E_escultura01.jpg\" target=\"_blank\"><img loading=\"lazy\" decoding=\"async\" class=\"aligncenter size-thumbnail wp-image-403\" style=\"border: 0pt none;margin: 0px\" title=\"E_escultura01\" src=\"https:\/\/blogs.ua.es\/gresmes\/files\/2010\/06\/E_escultura01-150x150.jpg\" alt=\"\" width=\"150\" height=\"150\" srcset=\"https:\/\/blogs.ua.es\/gresmes\/files\/2010\/06\/E_escultura01-150x150.jpg 150w, https:\/\/blogs.ua.es\/gresmes\/files\/2010\/06\/E_escultura01.jpg 300w\" sizes=\"auto, (max-width: 150px) 100vw, 150px\" \/><\/a><\/td>\n<td><a href=\"https:\/\/blogs.ua.es\/gresmes\/files\/2010\/06\/E_escultura02.jpg\" target=\"_blank\"><img loading=\"lazy\" decoding=\"async\" class=\"aligncenter size-thumbnail wp-image-404\" style=\"border: 0pt none;margin: 0px\" title=\"E_escultura02\" src=\"https:\/\/blogs.ua.es\/gresmes\/files\/2010\/06\/E_escultura02-150x150.jpg\" alt=\"\" width=\"150\" height=\"150\" srcset=\"https:\/\/blogs.ua.es\/gresmes\/files\/2010\/06\/E_escultura02-150x150.jpg 150w, https:\/\/blogs.ua.es\/gresmes\/files\/2010\/06\/E_escultura02.jpg 300w\" sizes=\"auto, (max-width: 150px) 100vw, 150px\" \/><\/a><\/td>\n<td style=\"text-align: left\"><em>Modelizaci\u00f3n, estudio y c\u00e1culo del comportamiento estructural de una escultura en Pilar de la Horadada.<\/em><\/td>\n<\/tr>\n<\/tbody>\n<\/table>\n<table style=\"height: 150px;width: 450px\" border=\"0\" cellspacing=\"0\" cellpadding=\"0\">\n<tbody>\n<tr>\n<td><a href=\"https:\/\/blogs.ua.es\/gresmes\/files\/2010\/06\/E_forjadomixto01.jpg\" target=\"_blank\"><img loading=\"lazy\" decoding=\"async\" class=\"size-thumbnail wp-image-208 aligncenter\" style=\"border: 0pt none;margin-top: 0px;margin-bottom: 0px\" title=\"E_forjadomixto01\" src=\"https:\/\/blogs.ua.es\/gresmes\/files\/2010\/06\/E_forjadomixto01-150x150.jpg\" alt=\"\" width=\"150\" height=\"150\" srcset=\"https:\/\/blogs.ua.es\/gresmes\/files\/2010\/06\/E_forjadomixto01-150x150.jpg 150w, https:\/\/blogs.ua.es\/gresmes\/files\/2010\/06\/E_forjadomixto01.jpg 300w\" sizes=\"auto, (max-width: 150px) 100vw, 150px\" \/><\/a><\/td>\n<td><a href=\"https:\/\/blogs.ua.es\/gresmes\/files\/2010\/06\/E_forjadomixto02.jpg\" target=\"_blank\"><img loading=\"lazy\" decoding=\"async\" class=\"size-thumbnail wp-image-209 aligncenter\" style=\"border: 0pt none;margin-top: 0px;margin-bottom: 0px\" title=\"E_forjadomixto02\" src=\"https:\/\/blogs.ua.es\/gresmes\/files\/2010\/06\/E_forjadomixto02-150x150.jpg\" alt=\"\" width=\"150\" height=\"150\" srcset=\"https:\/\/blogs.ua.es\/gresmes\/files\/2010\/06\/E_forjadomixto02-150x150.jpg 150w, https:\/\/blogs.ua.es\/gresmes\/files\/2010\/06\/E_forjadomixto02.jpg 300w\" sizes=\"auto, (max-width: 150px) 100vw, 150px\" \/><\/a><\/td>\n<td style=\"text-align: left\"><em>Estudio del comportamiento estructural de un forjado mixto.<br \/>\n<\/em><\/td>\n<\/tr>\n<\/tbody>\n<\/table>\n<table style=\"height: 150px;width: 450px\" border=\"0\" cellspacing=\"0\" cellpadding=\"0\">\n<tbody>\n<tr>\n<td><a href=\"https:\/\/blogs.ua.es\/gresmes\/files\/2010\/06\/E_Nudo01.jpg\" target=\"_blank\"><img loading=\"lazy\" decoding=\"async\" class=\"aligncenter size-thumbnail wp-image-406\" style=\"border: 0pt none;margin: 0px\" title=\"E_Nudo01\" src=\"https:\/\/blogs.ua.es\/gresmes\/files\/2010\/06\/E_Nudo01-150x150.jpg\" alt=\"\" width=\"150\" height=\"150\" srcset=\"https:\/\/blogs.ua.es\/gresmes\/files\/2010\/06\/E_Nudo01-150x150.jpg 150w, https:\/\/blogs.ua.es\/gresmes\/files\/2010\/06\/E_Nudo01.jpg 300w\" sizes=\"auto, (max-width: 150px) 100vw, 150px\" \/><\/a><\/td>\n<td><a href=\"https:\/\/blogs.ua.es\/gresmes\/files\/2010\/06\/E_Nudo02.jpg\" target=\"_blank\"><img loading=\"lazy\" decoding=\"async\" class=\"aligncenter size-thumbnail wp-image-407\" style=\"border: 0pt none;margin: 0px\" title=\"E_Nudo02\" src=\"https:\/\/blogs.ua.es\/gresmes\/files\/2010\/06\/E_Nudo02-150x150.jpg\" alt=\"\" width=\"150\" height=\"150\" srcset=\"https:\/\/blogs.ua.es\/gresmes\/files\/2010\/06\/E_Nudo02-150x150.jpg 150w, https:\/\/blogs.ua.es\/gresmes\/files\/2010\/06\/E_Nudo02.jpg 300w\" sizes=\"auto, (max-width: 150px) 100vw, 150px\" \/><\/a><\/td>\n<td style=\"text-align: left\"><em>Modelizaci\u00f3n, estudio y c\u00e1culo del comportamiento estructural de un nudo de estructura met\u00e1lica.<\/em><\/td>\n<\/tr>\n<\/tbody>\n<\/table>\n<table style=\"height: 150px;width: 450px\" border=\"0\" cellspacing=\"0\" cellpadding=\"0\">\n<tbody>\n<tr>\n<td><a href=\"https:\/\/blogs.ua.es\/gresmes\/files\/2010\/06\/E_mirador01.jpg\" target=\"_blank\"><img loading=\"lazy\" decoding=\"async\" class=\"aligncenter size-thumbnail wp-image-408\" style=\"border: 0pt none;margin: 0px\" title=\"E_mirador01\" src=\"https:\/\/blogs.ua.es\/gresmes\/files\/2010\/06\/E_mirador01-150x150.jpg\" alt=\"\" width=\"150\" height=\"150\" srcset=\"https:\/\/blogs.ua.es\/gresmes\/files\/2010\/06\/E_mirador01-150x150.jpg 150w, https:\/\/blogs.ua.es\/gresmes\/files\/2010\/06\/E_mirador01.jpg 300w\" sizes=\"auto, (max-width: 150px) 100vw, 150px\" \/><\/a><\/td>\n<td><\/td>\n<td style=\"text-align: left\"><em>Modelizaci\u00f3n, estudio y c\u00e1culo del comportamiento estructural del Mirador de Daya Vieja.<\/em><\/td>\n<\/tr>\n<\/tbody>\n<\/table>\n<table style=\"height: 150px;width: 450px\" border=\"0\" cellspacing=\"0\" cellpadding=\"0\">\n<tbody>\n<tr>\n<td><a href=\"https:\/\/blogs.ua.es\/gresmes\/files\/2010\/06\/E_auditoriomusica00.jpg\" target=\"_blank\"><img loading=\"lazy\" decoding=\"async\" class=\"size-thumbnail wp-image-210 aligncenter\" style=\"border: 0pt none;margin-top: 0px;margin-bottom: 0px\" title=\"E_auditoriomusica00\" src=\"https:\/\/blogs.ua.es\/gresmes\/files\/2010\/06\/E_auditoriomusica00-150x150.jpg\" alt=\"\" width=\"150\" height=\"150\" srcset=\"https:\/\/blogs.ua.es\/gresmes\/files\/2010\/06\/E_auditoriomusica00-150x150.jpg 150w, https:\/\/blogs.ua.es\/gresmes\/files\/2010\/06\/E_auditoriomusica00.jpg 300w\" sizes=\"auto, (max-width: 150px) 100vw, 150px\" \/><\/a><\/td>\n<td><a href=\"https:\/\/blogs.ua.es\/gresmes\/files\/2010\/06\/E_auditoriomusica01.jpg\" target=\"_blank\"><img loading=\"lazy\" decoding=\"async\" class=\"size-thumbnail wp-image-211 aligncenter\" style=\"border: 0pt none;margin-top: 0px;margin-bottom: 0px\" title=\"E_auditoriomusica01\" src=\"https:\/\/blogs.ua.es\/gresmes\/files\/2010\/06\/E_auditoriomusica01-150x150.jpg\" alt=\"\" width=\"150\" height=\"150\" srcset=\"https:\/\/blogs.ua.es\/gresmes\/files\/2010\/06\/E_auditoriomusica01-150x150.jpg 150w, https:\/\/blogs.ua.es\/gresmes\/files\/2010\/06\/E_auditoriomusica01.jpg 300w\" sizes=\"auto, (max-width: 150px) 100vw, 150px\" \/><\/a><\/td>\n<td style=\"text-align: left\"><em>Estudio del comportamiento estructural del auditorio de m\u00fasica&#8230;<br \/>\n<\/em><\/td>\n<\/tr>\n<\/tbody>\n<\/table>\n<table style=\"height: 150px;width: 450px\" border=\"0\" cellspacing=\"0\" cellpadding=\"0\">\n<tbody>\n<tr>\n<td><a href=\"https:\/\/blogs.ua.es\/gresmes\/files\/2010\/06\/E_ensayoviga.jpg\" target=\"_blank\"><img loading=\"lazy\" decoding=\"async\" class=\"size-thumbnail wp-image-213 aligncenter\" style=\"border: 0pt none;margin-top: 0px;margin-bottom: 0px\" title=\"E_ensayoviga\" src=\"https:\/\/blogs.ua.es\/gresmes\/files\/2010\/06\/E_ensayoviga-150x150.jpg\" alt=\"\" width=\"150\" height=\"150\" srcset=\"https:\/\/blogs.ua.es\/gresmes\/files\/2010\/06\/E_ensayoviga-150x150.jpg 150w, https:\/\/blogs.ua.es\/gresmes\/files\/2010\/06\/E_ensayoviga.jpg 300w\" sizes=\"auto, (max-width: 150px) 100vw, 150px\" \/><\/a><\/td>\n<td style=\"text-align: right\">\n<p style=\"text-align: left\"><em>Ensayos de cargas est\u00e1ticas en una viga met\u00e1lica.<\/em><\/p>\n<p><em><br \/>\n<\/em><\/td>\n<td style=\"text-align: left\"><em><br \/>\n<\/em><\/p>\n<p><em><br \/>\n<\/em><\/td>\n<\/tr>\n<\/tbody>\n<\/table>\n<table style=\"height: 150px;width: 450px\" border=\"0\" cellspacing=\"0\" cellpadding=\"0\">\n<tbody>\n<tr>\n<td><a href=\"https:\/\/blogs.ua.es\/gresmes\/files\/2010\/06\/E_parkingsubterraneo.jpg\" target=\"_blank\"><img loading=\"lazy\" decoding=\"async\" class=\"size-thumbnail wp-image-218 aligncenter\" style=\"border: 0pt none;margin-top: 0px;margin-bottom: 0px\" title=\"E_parkingsubterraneo\" src=\"https:\/\/blogs.ua.es\/gresmes\/files\/2010\/06\/E_parkingsubterraneo-150x150.jpg\" alt=\"\" width=\"150\" height=\"150\" srcset=\"https:\/\/blogs.ua.es\/gresmes\/files\/2010\/06\/E_parkingsubterraneo-150x150.jpg 150w, https:\/\/blogs.ua.es\/gresmes\/files\/2010\/06\/E_parkingsubterraneo.jpg 300w\" sizes=\"auto, (max-width: 150px) 100vw, 150px\" \/><\/a><\/td>\n<td style=\"text-align: right\">\n<p style=\"text-align: left\"><em>Modelizaci\u00f3n y Estudio de un parking subterr\u00e9neo de diez plantas.<\/em><\/p>\n<p><em><br \/>\n<\/em><\/td>\n<td style=\"text-align: left\"><em><br \/>\n<\/em><\/p>\n<p><em><br \/>\n<\/em><\/td>\n<\/tr>\n<\/tbody>\n<\/table>\n<table style=\"height: 150px;width: 450px\" border=\"0\" cellspacing=\"0\" cellpadding=\"0\">\n<tbody>\n<tr>\n<td><a href=\"https:\/\/blogs.ua.es\/gresmes\/files\/2010\/06\/E_galeriaMAC01.jpg\" target=\"_blank\"><img loading=\"lazy\" decoding=\"async\" class=\"aligncenter size-thumbnail wp-image-412\" style=\"border: 0pt none;margin: 0px\" title=\"E_galeriaMAC01\" src=\"https:\/\/blogs.ua.es\/gresmes\/files\/2010\/06\/E_galeriaMAC01-150x150.jpg\" alt=\"\" width=\"150\" height=\"150\" srcset=\"https:\/\/blogs.ua.es\/gresmes\/files\/2010\/06\/E_galeriaMAC01-150x150.jpg 150w, https:\/\/blogs.ua.es\/gresmes\/files\/2010\/06\/E_galeriaMAC01.jpg 300w\" sizes=\"auto, (max-width: 150px) 100vw, 150px\" \/><\/a><\/td>\n<td><a href=\"https:\/\/blogs.ua.es\/gresmes\/files\/2010\/06\/E_galeriaMAC02.jpg\" target=\"_blank\"><img loading=\"lazy\" decoding=\"async\" class=\"aligncenter size-thumbnail wp-image-413\" style=\"border: 0pt none;margin: 0px\" title=\"E_galeriaMAC02\" src=\"https:\/\/blogs.ua.es\/gresmes\/files\/2010\/06\/E_galeriaMAC02-150x150.jpg\" alt=\"\" width=\"150\" height=\"150\" srcset=\"https:\/\/blogs.ua.es\/gresmes\/files\/2010\/06\/E_galeriaMAC02-150x150.jpg 150w, https:\/\/blogs.ua.es\/gresmes\/files\/2010\/06\/E_galeriaMAC02.jpg 300w\" sizes=\"auto, (max-width: 150px) 100vw, 150px\" \/><\/a><\/td>\n<td style=\"text-align: left\"><em>Estudio del comportamiento estructural de la Galer\u00eda MAC<br \/>\n<\/em><\/td>\n<\/tr>\n<\/tbody>\n<\/table>\n<table style=\"height: 150px;width: 450px\" border=\"0\" cellspacing=\"0\" cellpadding=\"0\">\n<tbody>\n<tr>\n<td><a href=\"https:\/\/blogs.ua.es\/gresmes\/files\/2010\/06\/E_Rotura-nudo-hormig\u00f3n3.jpg\" target=\"_blank\"><img loading=\"lazy\" decoding=\"async\" class=\"size-thumbnail wp-image-410 aligncenter\" style=\"border: 0pt none;margin-top: 0px;margin-bottom: 0px\" title=\"E_Rotura-nudo-hormig\u00f3n\" src=\"https:\/\/blogs.ua.es\/gresmes\/files\/2010\/06\/E_Rotura-nudo-hormig\u00f3n3-150x150.jpg\" alt=\"\" width=\"150\" height=\"150\" srcset=\"https:\/\/blogs.ua.es\/gresmes\/files\/2010\/06\/E_Rotura-nudo-hormig\u00f3n3-150x150.jpg 150w, https:\/\/blogs.ua.es\/gresmes\/files\/2010\/06\/E_Rotura-nudo-hormig\u00f3n3.jpg 300w\" sizes=\"auto, (max-width: 150px) 100vw, 150px\" \/><\/a><\/td>\n<td style=\"text-align: right\">\n<p style=\"text-align: left\"><em>Ensayos hasta rotura de un nudo de hormig\u00f3n.<\/em><\/p>\n<p><em><br \/>\n<\/em><\/td>\n<td style=\"text-align: left\"><em><br \/>\n<\/em><\/td>\n<\/tr>\n<\/tbody>\n<\/table>\n","protected":false},"excerpt":{"rendered":"<p>ESTUDIOS EST\u00c1TICOS LINEALES O NO LINEALES DE ESTRUCTURAS, tanto para ingenier\u00eda civil, arquitectura o ingenier\u00eda mec\u00e1nica. Evaluaci\u00f3n num\u00e9rica y\/o experimental de estados l\u00edmites. Pruebas de carga est\u00e1ticas. Evaluaci\u00f3n experimental de tensiones\/deformaciones en elementos estructurales. Evaluaci\u00f3n experimental de flechas. Modelizaci\u00f3n num\u00e9rica de edificios. Muestra de algunos estudios realizados en esta l\u00ednea: Modelizaci\u00f3n, estudio y c\u00e1culo del [&hellip;]<\/p>\n","protected":false},"author":3077,"featured_media":0,"parent":24,"menu_order":0,"comment_status":"closed","ping_status":"closed","template":"","meta":{"footnotes":""},"class_list":["post-201","page","type-page","status-publish","hentry"],"_links":{"self":[{"href":"https:\/\/blogs.ua.es\/gresmes\/wp-json\/wp\/v2\/pages\/201","targetHints":{"allow":["GET"]}}],"collection":[{"href":"https:\/\/blogs.ua.es\/gresmes\/wp-json\/wp\/v2\/pages"}],"about":[{"href":"https:\/\/blogs.ua.es\/gresmes\/wp-json\/wp\/v2\/types\/page"}],"author":[{"embeddable":true,"href":"https:\/\/blogs.ua.es\/gresmes\/wp-json\/wp\/v2\/users\/3077"}],"replies":[{"embeddable":true,"href":"https:\/\/blogs.ua.es\/gresmes\/wp-json\/wp\/v2\/comments?post=201"}],"version-history":[{"count":28,"href":"https:\/\/blogs.ua.es\/gresmes\/wp-json\/wp\/v2\/pages\/201\/revisions"}],"predecessor-version":[{"id":425,"href":"https:\/\/blogs.ua.es\/gresmes\/wp-json\/wp\/v2\/pages\/201\/revisions\/425"}],"up":[{"embeddable":true,"href":"https:\/\/blogs.ua.es\/gresmes\/wp-json\/wp\/v2\/pages\/24"}],"wp:attachment":[{"href":"https:\/\/blogs.ua.es\/gresmes\/wp-json\/wp\/v2\/media?parent=201"}],"curies":[{"name":"wp","href":"https:\/\/api.w.org\/{rel}","templated":true}]}}