{"id":227,"date":"2010-06-21T23:47:08","date_gmt":"2010-06-21T23:47:08","guid":{"rendered":"https:\/\/blogs.ua.es\/gresmes\/?page_id=227"},"modified":"2015-03-12T13:27:57","modified_gmt":"2015-03-12T13:27:57","slug":"ensayos-de-materiales","status":"publish","type":"page","link":"https:\/\/blogs.ua.es\/gresmes\/empresa\/ensayos-de-materiales\/","title":{"rendered":"Ensayos de Materiales"},"content":{"rendered":"<p><strong>ENSAYOS DE MATERIALES<\/strong><strong>.<\/strong><\/p>\n<p>Dise\u00f1o de ensayos espec\u00edficos para determinarci\u00f3n de caracter\u00edsticas mec\u00e1nicas de materiales. Evaluaci\u00f3n experimental del comportamiento mec\u00e1nico de nuevos materiales.<\/p>\n<p><strong>Muestra de algunos estudios realizados en esta l\u00ednea:<\/strong><\/p>\n<table style=\"width: 450px;height: 150px\" border=\"0\" cellspacing=\"0\" cellpadding=\"0\">\n<tbody>\n<tr>\n<td><a href=\"https:\/\/blogs.ua.es\/gresmes\/files\/2010\/06\/M_hormigonextensiometria00.jpg\" target=\"_blank\"><img loading=\"lazy\" decoding=\"async\" class=\"size-thumbnail wp-image-228 aligncenter\" style=\"border: 0pt none;margin-top: 0px;margin-bottom: 0px\" title=\"M_hormigonextensiometria00\" src=\"https:\/\/blogs.ua.es\/gresmes\/files\/2010\/06\/M_hormigonextensiometria00-150x150.jpg\" alt=\"\" width=\"150\" height=\"150\" srcset=\"https:\/\/blogs.ua.es\/gresmes\/files\/2010\/06\/M_hormigonextensiometria00-150x150.jpg 150w, https:\/\/blogs.ua.es\/gresmes\/files\/2010\/06\/M_hormigonextensiometria00.jpg 300w\" sizes=\"auto, (max-width: 150px) 100vw, 150px\" \/><\/a><\/td>\n<td><a href=\"https:\/\/blogs.ua.es\/gresmes\/files\/2010\/06\/M_hormigonextensiometria01.jpg\" target=\"_blank\"><img loading=\"lazy\" decoding=\"async\" class=\"size-thumbnail wp-image-229 aligncenter\" style=\"border: 0pt none;margin-top: 0px;margin-bottom: 0px\" title=\"M_hormigonextensiometria01\" src=\"https:\/\/blogs.ua.es\/gresmes\/files\/2010\/06\/M_hormigonextensiometria01-150x150.jpg\" alt=\"\" width=\"150\" height=\"150\" srcset=\"https:\/\/blogs.ua.es\/gresmes\/files\/2010\/06\/M_hormigonextensiometria01-150x150.jpg 150w, https:\/\/blogs.ua.es\/gresmes\/files\/2010\/06\/M_hormigonextensiometria01.jpg 300w\" sizes=\"auto, (max-width: 150px) 100vw, 150px\" \/><\/a><\/td>\n<td style=\"text-align: left\"><em>Extensiometr\u00eda en hormig\u00f3n.<\/em><\/td>\n<\/tr>\n<\/tbody>\n<\/table>\n<table style=\"width: 450px;height: 150px\" border=\"0\" cellspacing=\"0\" cellpadding=\"0\">\n<tbody>\n<tr>\n<td><a href=\"https:\/\/blogs.ua.es\/gresmes\/files\/2010\/06\/M_FORMIGONFLEXOTRACCION.png\" target=\"_blank\"><img loading=\"lazy\" decoding=\"async\" class=\"size-full wp-image-230 aligncenter\" style=\"border: 0pt none;margin-top: 0px;margin-bottom: 0px\" title=\"M_FORMIGONFLEXOTRACCION\" src=\"https:\/\/blogs.ua.es\/gresmes\/files\/2010\/06\/M_FORMIGONFLEXOTRACCION.png\" alt=\"\" width=\"150\" height=\"150\" \/><\/a><\/td>\n<td><a href=\"https:\/\/blogs.ua.es\/gresmes\/files\/2010\/06\/M_morterosflexxotraccion00.jpg\" target=\"_blank\"><img loading=\"lazy\" decoding=\"async\" class=\"size-thumbnail wp-image-231 aligncenter\" style=\"border: 0pt none;margin-top: 0px;margin-bottom: 0px\" title=\"M_morterosflexxotraccion00\" src=\"https:\/\/blogs.ua.es\/gresmes\/files\/2010\/06\/M_morterosflexxotraccion00-150x150.jpg\" alt=\"\" width=\"150\" height=\"150\" srcset=\"https:\/\/blogs.ua.es\/gresmes\/files\/2010\/06\/M_morterosflexxotraccion00-150x150.jpg 150w, https:\/\/blogs.ua.es\/gresmes\/files\/2010\/06\/M_morterosflexxotraccion00.jpg 300w\" sizes=\"auto, (max-width: 150px) 100vw, 150px\" \/><\/a><\/td>\n<td style=\"text-align: left\"><em>Ensayos de flexotracci\u00f3n en hormigones y morteros.<br \/>\n<\/em><\/td>\n<\/tr>\n<\/tbody>\n<\/table>\n<table style=\"width: 450px;height: 150px\" border=\"0\" cellspacing=\"0\" cellpadding=\"0\">\n<tbody>\n<tr>\n<td><a href=\"https:\/\/blogs.ua.es\/gresmes\/files\/2010\/06\/M_hormigonelasticidad00.jpg\"><img loading=\"lazy\" decoding=\"async\" class=\"size-thumbnail wp-image-232 aligncenter\" title=\"M_hormigonelasticidad00\" src=\"https:\/\/blogs.ua.es\/gresmes\/files\/2010\/06\/M_hormigonelasticidad00-150x150.jpg\" alt=\"\" width=\"150\" height=\"150\" srcset=\"https:\/\/blogs.ua.es\/gresmes\/files\/2010\/06\/M_hormigonelasticidad00-150x150.jpg 150w, https:\/\/blogs.ua.es\/gresmes\/files\/2010\/06\/M_hormigonelasticidad00.jpg 300w\" sizes=\"auto, (max-width: 150px) 100vw, 150px\" \/><\/a><\/td>\n<td><a href=\"https:\/\/blogs.ua.es\/gresmes\/files\/2010\/06\/M_hormigonrotura00.jpg\"><img loading=\"lazy\" decoding=\"async\" class=\"size-thumbnail wp-image-233 aligncenter\" title=\"M_hormigonrotura00\" src=\"https:\/\/blogs.ua.es\/gresmes\/files\/2010\/06\/M_hormigonrotura00-150x150.jpg\" alt=\"\" width=\"150\" height=\"150\" srcset=\"https:\/\/blogs.ua.es\/gresmes\/files\/2010\/06\/M_hormigonrotura00-150x150.jpg 150w, https:\/\/blogs.ua.es\/gresmes\/files\/2010\/06\/M_hormigonrotura00.jpg 300w\" sizes=\"auto, (max-width: 150px) 100vw, 150px\" \/><\/a><\/td>\n<td style=\"text-align: left\"><em>Ensayos de elasticidad y de rotura en hormig\u00f3n.<br \/>\n<\/em><\/td>\n<\/tr>\n<\/tbody>\n<\/table>\n<table style=\"width: 450px;height: 150px\" border=\"0\" cellspacing=\"0\" cellpadding=\"0\">\n<tbody>\n<tr>\n<td><a href=\"https:\/\/blogs.ua.es\/gresmes\/files\/2010\/06\/M_PROBETAPVC.jpg\" target=\"_blank\"><img loading=\"lazy\" decoding=\"async\" class=\"size-thumbnail wp-image-234 aligncenter\" style=\"border: 0pt none;margin-top: 0px;margin-bottom: 0px\" title=\"M_PROBETAPVC\" src=\"https:\/\/blogs.ua.es\/gresmes\/files\/2010\/06\/M_PROBETAPVC-150x150.jpg\" alt=\"\" width=\"150\" height=\"150\" srcset=\"https:\/\/blogs.ua.es\/gresmes\/files\/2010\/06\/M_PROBETAPVC-150x150.jpg 150w, https:\/\/blogs.ua.es\/gresmes\/files\/2010\/06\/M_PROBETAPVC.jpg 300w\" sizes=\"auto, (max-width: 150px) 100vw, 150px\" \/><\/a><\/td>\n<td><\/td>\n<td style=\"text-align: left\"><em>Ensayos en probeta de PVC.<br \/>\n<\/em><\/td>\n<\/tr>\n<\/tbody>\n<\/table>\n<table style=\"width: 450px;height: 150px\" border=\"0\" cellspacing=\"0\" cellpadding=\"0\">\n<tbody>\n<tr>\n<td><a href=\"https:\/\/blogs.ua.es\/gresmes\/files\/2010\/06\/M_REFUERZOCARBONO.jpg\" target=\"_blank\"><img loading=\"lazy\" decoding=\"async\" class=\"size-thumbnail wp-image-235 aligncenter\" style=\"border: 0pt none;margin-top: 0px;margin-bottom: 0px\" title=\"M_REFUERZOCARBONO\" src=\"https:\/\/blogs.ua.es\/gresmes\/files\/2010\/06\/M_REFUERZOCARBONO-150x150.jpg\" alt=\"\" width=\"150\" height=\"150\" srcset=\"https:\/\/blogs.ua.es\/gresmes\/files\/2010\/06\/M_REFUERZOCARBONO-150x150.jpg 150w, https:\/\/blogs.ua.es\/gresmes\/files\/2010\/06\/M_REFUERZOCARBONO.jpg 300w\" sizes=\"auto, (max-width: 150px) 100vw, 150px\" \/><\/a><\/td>\n<td><\/td>\n<td style=\"text-align: left\"><em>Ensayos en probeta de hormig\u00f3n reforzado con fibra de carbono.<br \/>\n<\/em><\/td>\n<\/tr>\n<\/tbody>\n<\/table>\n<table style=\"width: 450px;height: 150px\" border=\"0\" cellspacing=\"0\" cellpadding=\"0\">\n<tbody>\n<tr>\n<td><a href=\"https:\/\/blogs.ua.es\/gresmes\/files\/2010\/06\/M_MADERA00.jpg\" target=\"_blank\"><img loading=\"lazy\" decoding=\"async\" class=\"size-thumbnail wp-image-240 aligncenter\" style=\"border: 0pt none;margin-top: 0px;margin-bottom: 0px\" title=\"M_MADERA00\" src=\"https:\/\/blogs.ua.es\/gresmes\/files\/2010\/06\/M_MADERA00-150x150.jpg\" alt=\"\" width=\"150\" height=\"150\" srcset=\"https:\/\/blogs.ua.es\/gresmes\/files\/2010\/06\/M_MADERA00-150x150.jpg 150w, https:\/\/blogs.ua.es\/gresmes\/files\/2010\/06\/M_MADERA00.jpg 300w\" sizes=\"auto, (max-width: 150px) 100vw, 150px\" \/><\/a><\/td>\n<td><a href=\"https:\/\/blogs.ua.es\/gresmes\/files\/2010\/06\/M_MADERA01.jpg\" target=\"_blank\"><img loading=\"lazy\" decoding=\"async\" class=\"size-thumbnail wp-image-241 aligncenter\" style=\"border: 0pt none;margin-top: 0px;margin-bottom: 0px\" title=\"M_MADERA01\" src=\"https:\/\/blogs.ua.es\/gresmes\/files\/2010\/06\/M_MADERA01-150x150.jpg\" alt=\"\" width=\"150\" height=\"150\" srcset=\"https:\/\/blogs.ua.es\/gresmes\/files\/2010\/06\/M_MADERA01-150x150.jpg 150w, https:\/\/blogs.ua.es\/gresmes\/files\/2010\/06\/M_MADERA01.jpg 300w\" sizes=\"auto, (max-width: 150px) 100vw, 150px\" \/><\/a><\/td>\n<td style=\"text-align: left\"><em>Ensayos en maderas.<\/em><\/td>\n<\/tr>\n<\/tbody>\n<\/table>\n","protected":false},"excerpt":{"rendered":"<p>ENSAYOS DE MATERIALES. Dise\u00f1o de ensayos espec\u00edficos para determinarci\u00f3n de caracter\u00edsticas mec\u00e1nicas de materiales. Evaluaci\u00f3n experimental del comportamiento mec\u00e1nico de nuevos materiales. Muestra de algunos estudios realizados en esta l\u00ednea: Extensiometr\u00eda en hormig\u00f3n. Ensayos de flexotracci\u00f3n en hormigones y morteros. Ensayos de elasticidad y de rotura en hormig\u00f3n. Ensayos en probeta de PVC. Ensayos en [&hellip;]<\/p>\n","protected":false},"author":3077,"featured_media":0,"parent":24,"menu_order":3,"comment_status":"closed","ping_status":"closed","template":"","meta":{"footnotes":""},"class_list":["post-227","page","type-page","status-publish","hentry"],"_links":{"self":[{"href":"https:\/\/blogs.ua.es\/gresmes\/wp-json\/wp\/v2\/pages\/227","targetHints":{"allow":["GET"]}}],"collection":[{"href":"https:\/\/blogs.ua.es\/gresmes\/wp-json\/wp\/v2\/pages"}],"about":[{"href":"https:\/\/blogs.ua.es\/gresmes\/wp-json\/wp\/v2\/types\/page"}],"author":[{"embeddable":true,"href":"https:\/\/blogs.ua.es\/gresmes\/wp-json\/wp\/v2\/users\/3077"}],"replies":[{"embeddable":true,"href":"https:\/\/blogs.ua.es\/gresmes\/wp-json\/wp\/v2\/comments?post=227"}],"version-history":[{"count":12,"href":"https:\/\/blogs.ua.es\/gresmes\/wp-json\/wp\/v2\/pages\/227\/revisions"}],"predecessor-version":[{"id":384,"href":"https:\/\/blogs.ua.es\/gresmes\/wp-json\/wp\/v2\/pages\/227\/revisions\/384"}],"up":[{"embeddable":true,"href":"https:\/\/blogs.ua.es\/gresmes\/wp-json\/wp\/v2\/pages\/24"}],"wp:attachment":[{"href":"https:\/\/blogs.ua.es\/gresmes\/wp-json\/wp\/v2\/media?parent=227"}],"curies":[{"name":"wp","href":"https:\/\/api.w.org\/{rel}","templated":true}]}}