{"id":24,"date":"2010-06-08T10:22:10","date_gmt":"2010-06-08T10:22:10","guid":{"rendered":"https:\/\/blogs.ua.es\/gresmes\/lineas-de-investigacion\/"},"modified":"2015-03-12T13:27:37","modified_gmt":"2015-03-12T13:27:37","slug":"empresa","status":"publish","type":"page","link":"https:\/\/blogs.ua.es\/gresmes\/empresa\/","title":{"rendered":"Servicios"},"content":{"rendered":"<p><strong>An\u00e1lisis Num\u00e9rico y Experimental del Comportamiento Mec\u00e1nico de Estructuras en Ingenier\u00eda Civil y Arquitectura.<\/strong><\/p>\n<table style=\"height: 300px;width: 500px\" border=\"0\" cellspacing=\"0\" cellpadding=\"0\">\n<tbody>\n<tr>\n<td style=\"text-align: center\"><strong>ESTUDIOS DIN\u00c1MICOS<\/strong><a title=\"Estudios Din\u00e1micos\" href=\"https:\/\/blogs.ua.es\/gresmes\/lineas-de-investigacion\/estudios-dinamicos\/\"><img loading=\"lazy\" decoding=\"async\" class=\"size-full wp-image-256 aligncenter\" style=\"border: 0pt none;margin-top: 0px;margin-bottom: 0px\" title=\"Estudios Din\u00e1micos\" alt=\"\" src=\"https:\/\/blogs.ua.es\/gresmes\/files\/2010\/06\/D_impacto033.jpg\" width=\"144\" height=\"144\" srcset=\"https:\/\/blogs.ua.es\/gresmes\/files\/2010\/06\/D_impacto033.jpg 300w, https:\/\/blogs.ua.es\/gresmes\/files\/2010\/06\/D_impacto033-150x150.jpg 150w\" sizes=\"auto, (max-width: 144px) 100vw, 144px\" \/><\/a><\/td>\n<td style=\"text-align: center\"><strong>ESTUDIOS EST\u00c1TICOS<\/strong><a href=\"https:\/\/blogs.ua.es\/gresmes\/lineas-de-investigacion\/estudios-estaticos\/\"><img loading=\"lazy\" decoding=\"async\" class=\"size-full wp-image-257 aligncenter\" style=\"border: 0pt none;margin-top: 0px;margin-bottom: 0px\" title=\"Estudios Est\u00e1ticos\" alt=\"\" src=\"https:\/\/blogs.ua.es\/gresmes\/files\/2010\/06\/E_pabellonexpo011.jpg\" width=\"140\" height=\"140\" srcset=\"https:\/\/blogs.ua.es\/gresmes\/files\/2010\/06\/E_pabellonexpo011.jpg 300w, https:\/\/blogs.ua.es\/gresmes\/files\/2010\/06\/E_pabellonexpo011-150x150.jpg 150w\" sizes=\"auto, (max-width: 140px) 100vw, 140px\" \/><\/a><\/td>\n<\/tr>\n<tr>\n<td style=\"text-align: center\"><strong> ENSAYOS DE MATERIALES<\/strong><a href=\"https:\/\/blogs.ua.es\/gresmes\/lineas-de-investigacion\/ensayos-de-materiales\/\"><img loading=\"lazy\" decoding=\"async\" class=\"size-full wp-image-258 aligncenter\" style=\"border: 0pt none;margin-top: 0px;margin-bottom: 0px\" title=\"Ensayos de Materiales\" alt=\"\" src=\"https:\/\/blogs.ua.es\/gresmes\/files\/2010\/06\/M_REFUERZOCARBONO1.jpg\" width=\"140\" height=\"140\" srcset=\"https:\/\/blogs.ua.es\/gresmes\/files\/2010\/06\/M_REFUERZOCARBONO1.jpg 300w, https:\/\/blogs.ua.es\/gresmes\/files\/2010\/06\/M_REFUERZOCARBONO1-150x150.jpg 150w\" sizes=\"auto, (max-width: 140px) 100vw, 140px\" \/><\/a><\/td>\n<td style=\"text-align: center\"><strong>PREVENCI\u00d3N DE RIESGOS <\/strong><a href=\"https:\/\/blogs.ua.es\/gresmes\/lineas-de-investigacion\/prevencion-de-riesgos-laborales\/\"><img loading=\"lazy\" decoding=\"async\" class=\"size-full wp-image-259 aligncenter\" style=\"border: 0pt none;margin-top: 0px;margin-bottom: 0px\" title=\"Prevenci\u00f3n de Riesgos Laborales\" alt=\"\" src=\"https:\/\/blogs.ua.es\/gresmes\/files\/2010\/06\/P_REDES001.jpg\" width=\"140\" height=\"140\" srcset=\"https:\/\/blogs.ua.es\/gresmes\/files\/2010\/06\/P_REDES001.jpg 300w, https:\/\/blogs.ua.es\/gresmes\/files\/2010\/06\/P_REDES001-150x150.jpg 150w\" sizes=\"auto, (max-width: 140px) 100vw, 140px\" \/><\/a><\/td>\n<\/tr>\n<\/tbody>\n<\/table>\n","protected":false},"excerpt":{"rendered":"<p>An\u00e1lisis Num\u00e9rico y Experimental del Comportamiento Mec\u00e1nico de Estructuras en Ingenier\u00eda Civil y Arquitectura. ESTUDIOS DIN\u00c1MICOS ESTUDIOS EST\u00c1TICOS ENSAYOS DE MATERIALES PREVENCI\u00d3N DE RIESGOS<\/p>\n","protected":false},"author":3077,"featured_media":0,"parent":0,"menu_order":2,"comment_status":"closed","ping_status":"closed","template":"","meta":{"footnotes":""},"class_list":["post-24","page","type-page","status-publish","hentry"],"_links":{"self":[{"href":"https:\/\/blogs.ua.es\/gresmes\/wp-json\/wp\/v2\/pages\/24","targetHints":{"allow":["GET"]}}],"collection":[{"href":"https:\/\/blogs.ua.es\/gresmes\/wp-json\/wp\/v2\/pages"}],"about":[{"href":"https:\/\/blogs.ua.es\/gresmes\/wp-json\/wp\/v2\/types\/page"}],"author":[{"embeddable":true,"href":"https:\/\/blogs.ua.es\/gresmes\/wp-json\/wp\/v2\/users\/3077"}],"replies":[{"embeddable":true,"href":"https:\/\/blogs.ua.es\/gresmes\/wp-json\/wp\/v2\/comments?post=24"}],"version-history":[{"count":31,"href":"https:\/\/blogs.ua.es\/gresmes\/wp-json\/wp\/v2\/pages\/24\/revisions"}],"predecessor-version":[{"id":575,"href":"https:\/\/blogs.ua.es\/gresmes\/wp-json\/wp\/v2\/pages\/24\/revisions\/575"}],"wp:attachment":[{"href":"https:\/\/blogs.ua.es\/gresmes\/wp-json\/wp\/v2\/media?parent=24"}],"curies":[{"name":"wp","href":"https:\/\/api.w.org\/{rel}","templated":true}]}}