{"id":27,"date":"2010-06-08T10:23:25","date_gmt":"2010-06-08T10:23:25","guid":{"rendered":"https:\/\/blogs.ua.es\/gresmes\/?page_id=27"},"modified":"2015-03-12T13:28:17","modified_gmt":"2015-03-12T13:28:17","slug":"proyectos","status":"publish","type":"page","link":"https:\/\/blogs.ua.es\/gresmes\/investigacion\/proyectos\/","title":{"rendered":"Proyectos"},"content":{"rendered":"<p>A continuaci\u00f3n se enuncian algunos proyectos realizados por el grupo de investigaci\u00f3n GRESMES. El grupo de investigaci\u00f3n cuenta con m\u00e1s de 150 proyectos privados, 100 proyectos p\u00fablicos y 1 proyecto europeo.\u00a0 Para m\u00e1s informaci\u00f3n, <a href=\"http:\/\/cvnet.cpd.ua.es\/GruposInvestigacion\/DatosGrupo.aspx?id=2870477&amp;tipo=A\" target=\"_blank\">ir a la\u00a0 secci\u00f3n de GRESMES en la web de la UA<\/a>.<\/p>\n<p><strong>EUROPEOS<\/strong>:<\/p>\n<p>1. &#8220;<strong>ASSESSMENT OF THE SEISMIC BEHAVIOUR OF FLAT-BOTTOM SILOS CONTAINING GRAIN-LIKE MATERIALS&#8221; &#8211; <\/strong>SERIES-EQUALS, 24 meses.<\/p>\n<p><strong>P\u00daBLICOS:<\/strong><br \/>\n1.\u00a0\u00a0\u00a0 <strong>&#8220;Durabilidad de materiales y construcciones en ingenier\u00eda y arquitectura&#8221;<\/strong>,\u00a0 vigrob\u2013034 ,\u00a0 24 meses,\u00a0 3.759,00 \u20ac, GARCES TERRADILLOS, PEDRO.<br \/>\n2.\u00a0\u00a0\u00a0<strong> &#8220;Funci\u00f3n\u00a0\u00a0 de\u00a0\u00a0 percepci\u00f3n\u00a0\u00a0 de\u00a0\u00a0 la\u00a0\u00a0 deformaci\u00f3n\u00a0\u00a0 en\u00a0\u00a0 composites\u00a0\u00a0 de\u00a0\u00a0 matriz\u00a0\u00a0 cemento multifuncionales conteniendo fibras y part\u00edculas de carbono&#8221;<\/strong>,\u00a0 bia2006\u201310703 ,\u00a0 36\u00a0 meses, 72.600,00 \u20ac, GARCES TERRADILLOS, PEDRO.<br \/>\n3.\u00a0\u00a0\u00a0<strong> &#8220;Grupo de ensayo, simulaci\u00f3n y modelizaci\u00f3n de estructuras (GRESMES)&#8221;<\/strong>,\u00a0 vigrob\u2013212 , 12\u00a0 meses,\u00a0 1.127,00 \u20ac, IVORRA CHORRO, SALVADOR.<br \/>\n4.\u00a0\u00a0\u00a0 <strong>&#8220;II Jornadas Sistemas Infom\u00e1ticos para el dise\u00f1o en Ingenier\u00eda Civil.&#8221;<\/strong>,\u00a0 aorg\/2009\/050 ,\u00a0 12 meses,\u00a0 5.400,00 \u20ac, FERREIRO PRIETO, JUAN IGNACIO.<br \/>\n5.\u00a0\u00a0\u00a0 <strong>&#8220;Mec\u00e1nica de los Medios Cont\u00ednuos&#8221;<\/strong>,\u00a0 redes 08\u201309 ,\u00a0 12\u00a0 meses,\u00a0 2.100,00 \u20ac, FERRER CRESPO, MARIA BELEN.<br \/>\n6.\u00a0\u00a0\u00a0 <strong>&#8220;Predicci\u00f3n\u00a0 del\u00a0 aislamiento\u00a0 ac\u00fastico\u00a0 en\u00a0 la\u00a0 edificaci\u00f3n&#8221;<\/strong>,\u00a0\u00a0\u00a0 bia2007\u201368098\u2013c02\u201301\u00a0 ,\u00a0\u00a0\u00a0 36 meses,\u00a0 73.447,00 \u20ac, RAMIS SORIANO, JAIME.<\/p>\n<p>&#8211;<br \/>\n<strong>PRIVADOS:<\/strong><br \/>\n1.\u00a0\u00a0\u00a0<strong> Anejo al contrato &#8220;Rutina de dise\u00f1o autom\u00e1tico de bandejas de protecci\u00f3n para edificaci\u00f3n [_M_]&#8221;<\/strong>,\u00a0 52.000,00 \u20ac, RAMON IRLES MAS.<br \/>\n2.\u00a0\u00a0\u00a0 <strong>&#8220;Colaboraci\u00f3n\u00a0 en c\u00e1lculo de la estructura de pasarela-mirador situada en Daya Vieja (Alicante)&#8221;<\/strong>,\u00a0 4.500,00 \u20ac, SALVADOR IVORRA CHORRO.<br \/>\n3.\u00a0\u00a0\u00a0<strong> &#8220;Control de vibraciones durante compactaci\u00f3n din\u00e1mica en el puerto de Sagunto&#8221;<\/strong>,\u00a0 10.400,00 \u20ac, SALVADOR IVORRA CHORRO.<br \/>\n4.\u00a0\u00a0\u00a0<strong> &#8220;Cuantificaci\u00f3n del nivel de servicio final del puente sobre el torrente del Mal Pas en Palma de Mallorca&#8221;<\/strong>,\u00a0\u00a0\u00a0 12.656,00\u00a0 \u20ac,\u00a0 SALVADOR IVORRA CHORRO.<br \/>\n5.\u00a0\u00a0\u00a0<strong> &#8220;Curso de formaci\u00f3n:\u00a0 C\u00e1lculo de estructuras de hormig\u00f3n con la instrucci\u00f3n EH\u201308 [_M_]&#8221;<\/strong>,\u00a0 1.920,00 \u20ac, FRANCISCO DE BORJA VARONA MOYA.<br \/>\n6.\u00a0\u00a0\u00a0 <strong>&#8220;Desarrollo y ejecuci\u00f3n de la exposici\u00f3n &#8220;Reciclar y Arte Siglo XXI&#8221;<\/strong>&#8220;, 116.050,00 \u20ac, JOSE MIGUEL SAVAL PEREZ.<br \/>\n7.\u00a0\u00a0\u00a0 <strong>&#8220;Evaluaci\u00f3n, Como ESP\u20134D del proyecto de investigaci\u00f3n RF: 187,011,09&#8221;<\/strong>, 400,00 \u20ac, SALVADOR IVORRA CHORRO.<br \/>\n8.\u00a0\u00a0\u00a0 <strong>&#8220;Evaluaci\u00f3n, Como EXP.T,<\/strong><strong> del proyecto de investigaci\u00f3n<\/strong><strong> RF: 187,011,09&#8243;<\/strong>, 800,00 \u20ac, SALVADOR IVORRA CHORRO.<br \/>\n9.\u00a0\u00a0\u00a0<strong> &#8220;Evaluaci\u00f3n estructural del puente arco de hormig\u00f3n en masa&#8221;<\/strong>, 13.888,00 \u20ac, SALVADOR IVORRA CHORRO.<br \/>\n10.\u00a0 <strong>&#8220;Informe pericial sobre el informe AB\u20130726\u201305&#8230;&#8221;<\/strong>,\u00a0 500,00 \u20ac, RAMON IRLES MAS.<br \/>\n11.\u00a0 <strong>&#8220;Informe sobre evaluaci\u00f3n estructural de la aptitud al servicio de nave industrial&#8221;<\/strong>,\u00a0 600,00 \u20ac, ENRIQUE GONZALO SEGOVIA EULOGIO.<br \/>\n12.\u00a0 <strong>&#8220;Informe t\u00e9cnico y an\u00e1lisis mediante alementos finitos de la abolladura de las almas met\u00e1licas de la artesa del viaducto del r\u00edo Genil en la A\u201345, durante el proceso constructivo de empujado sobre pilas&#8221;<\/strong>,\u00a0 5.000,00 \u20ac, RAMON IRLES MAS.<br \/>\n13.\u00a0<strong> &#8220;Monitorizaci\u00f3n de torre campanario cuando voltean las campanas&#8221;<\/strong>, 400,00 \u20ac, SALVADOR IVORRA CHORRO.<br \/>\n14.\u00a0 <strong>&#8220;Realizaci\u00f3n de prueba de carga din\u00e1mica en dos viaductos AVE&#8221;<\/strong>, 3.900,00 \u20ac, SALVADOR IVORRA CHORRO.<br \/>\n15.\u00a0<strong> &#8220;Rutina de dise\u00f1o autom\u00e1tico de bandejas de protecci\u00f3n para edificaci\u00f3n [_M_]&#8221;<\/strong>,\u00a0 52.000,00 \u20ac, RAMON IRLES MAS.<\/p>\n","protected":false},"excerpt":{"rendered":"<p>A continuaci\u00f3n se enuncian algunos proyectos realizados por el grupo de investigaci\u00f3n GRESMES. El grupo de investigaci\u00f3n cuenta con m\u00e1s de 150 proyectos privados, 100 proyectos p\u00fablicos y 1 proyecto europeo.\u00a0 Para m\u00e1s informaci\u00f3n, ir a la\u00a0 secci\u00f3n de GRESMES en la web de la UA. EUROPEOS: 1. &#8220;ASSESSMENT OF THE SEISMIC BEHAVIOUR OF FLAT-BOTTOM [&hellip;]<\/p>\n","protected":false},"author":3077,"featured_media":0,"parent":514,"menu_order":1,"comment_status":"closed","ping_status":"closed","template":"","meta":{"footnotes":""},"class_list":["post-27","page","type-page","status-publish","hentry"],"_links":{"self":[{"href":"https:\/\/blogs.ua.es\/gresmes\/wp-json\/wp\/v2\/pages\/27","targetHints":{"allow":["GET"]}}],"collection":[{"href":"https:\/\/blogs.ua.es\/gresmes\/wp-json\/wp\/v2\/pages"}],"about":[{"href":"https:\/\/blogs.ua.es\/gresmes\/wp-json\/wp\/v2\/types\/page"}],"author":[{"embeddable":true,"href":"https:\/\/blogs.ua.es\/gresmes\/wp-json\/wp\/v2\/users\/3077"}],"replies":[{"embeddable":true,"href":"https:\/\/blogs.ua.es\/gresmes\/wp-json\/wp\/v2\/comments?post=27"}],"version-history":[{"count":29,"href":"https:\/\/blogs.ua.es\/gresmes\/wp-json\/wp\/v2\/pages\/27\/revisions"}],"predecessor-version":[{"id":587,"href":"https:\/\/blogs.ua.es\/gresmes\/wp-json\/wp\/v2\/pages\/27\/revisions\/587"}],"up":[{"embeddable":true,"href":"https:\/\/blogs.ua.es\/gresmes\/wp-json\/wp\/v2\/pages\/514"}],"wp:attachment":[{"href":"https:\/\/blogs.ua.es\/gresmes\/wp-json\/wp\/v2\/media?parent=27"}],"curies":[{"name":"wp","href":"https:\/\/api.w.org\/{rel}","templated":true}]}}