{"id":30,"date":"2010-06-08T10:25:19","date_gmt":"2010-06-08T10:25:19","guid":{"rendered":"https:\/\/blogs.ua.es\/gresmes\/?page_id=30"},"modified":"2015-03-12T14:17:37","modified_gmt":"2015-03-12T14:17:37","slug":"publicaciones","status":"publish","type":"page","link":"https:\/\/blogs.ua.es\/gresmes\/investigacion\/publicaciones\/","title":{"rendered":"Articulos"},"content":{"rendered":"<p>Para m\u00e1s informaci\u00f3n, <a href=\"http:\/\/cv1.cpd.ua.es\/consplanesestudio\/ConsGrpInv\/portal\/datosGrupo.asp?desplegar=8&amp;codGrupo=2870477\" target=\"_blank\">pinchar aqui.<\/a><\/p>\n<p><strong>ART\u00cdCULOS EN PUBLICACIONES PERI\u00d3DICAS:<\/strong><\/p>\n<p><a href=\"http:\/\/aplicacionesua.cpd.ua.es\/consplanesestudio\/ConsGrpInv\/datosPublica_net.asp?codPublic=5608780&amp;tipo=A&amp;codGrupo=2870477\">A graphical approach for Slope Mass Rating (SMR)<\/a><br \/>\nR. Tom\u00e1s, A. Cuenca, M. Cano, J. Garc\u00eda-Barba<br \/>\nIssn: 0013-7952<br \/>\nRevista: Engineering Geology<\/p>\n<p><a href=\"http:\/\/aplicacionesua.cpd.ua.es\/consplanesestudio\/ConsGrpInv\/datosPublica_net.asp?codPublic=7315586&amp;tipo=A&amp;codGrupo=2870477\">Acceleraton and deflection analysis for class C edge protection systems (EN 13374-2013) in construction works<\/a><br \/>\nPomares, J.C.; Irles, R.; Segovia, E.; Ferrer, B.<br \/>\nIssn: 0733-9364<br \/>\nRevista: Journal of Construction Engineering and Management-Asce<\/p>\n<p><a href=\"http:\/\/aplicacionesua.cpd.ua.es\/consplanesestudio\/ConsGrpInv\/datosPublica_net.asp?codPublic=5444695&amp;tipo=A&amp;codGrupo=2870477\">Aislamiento Ac\u00fastico de trasdosados fabricados con derivados de la madera<\/a><br \/>\nC. Herv\u00e1s, J. Carbajo, E. Segovia, J. Ramis<br \/>\nIssn: 1983-442X<br \/>\nRevista: Ac\u00fastica &amp; Vibra\u00e7oes<\/p>\n<p><a href=\"http:\/\/aplicacionesua.cpd.ua.es\/consplanesestudio\/ConsGrpInv\/datosPublica_net.asp?codPublic=7590487&amp;tipo=A&amp;codGrupo=2870477\">An Unique Prestressed Concrete Pedestrian Bridge in Spain<\/a><br \/>\nS. Ivorra, J. Alvado, MA. Crespo<br \/>\nIssn: 1016-8664<br \/>\nRevista: Structural Engineering International<\/p>\n<p><a href=\"http:\/\/aplicacionesua.cpd.ua.es\/consplanesestudio\/ConsGrpInv\/datosPublica_net.asp?codPublic=7675646&amp;tipo=A&amp;codGrupo=2870477\">AN\u00c1LISIS EXPERIMENTAL DE LA P\u00c9RDIDA DE ADHERENCIA HORMIG\u00d3N-ACERO EN HORMIGONES SOMETIDOS A ALTAS TEMPERATURAS<\/a><br \/>\nVarona-Moya, F., Baeza-De Los Santos, F., Ivorra-Chorro, S., Bru, D.<br \/>\nIssn: 0012-7361<br \/>\nRevista: Dyna (Bilbao)<\/p>\n<p><a href=\"http:\/\/aplicacionesua.cpd.ua.es\/consplanesestudio\/ConsGrpInv\/datosPublica_net.asp?codPublic=7150706&amp;tipo=A&amp;codGrupo=2870477\">Analysis of a metallic pedestrian bridge under dynamic human loads in pre and post reinforcement phases<\/a><br \/>\nDora Foti, Salvador Ivorra, David Bru<br \/>\nIssn: 1998-0140<br \/>\nRevista: International Journal of Mathematical Models and Methods in Applied Sciences<\/p>\n<p><a href=\"http:\/\/aplicacionesua.cpd.ua.es\/consplanesestudio\/ConsGrpInv\/datosPublica_net.asp?codPublic=6602066&amp;tipo=A&amp;codGrupo=2870477\">BARANDILLAS DE PROTECCION PERSONAL CON SOLICITACION DINAMICA<\/a><br \/>\nJ. C. Pomares; R. Irles, E. G. Segovia; D. Boixader<br \/>\nIssn: 0020-0883<br \/>\nRevista: INFORMES DE LA CONSTRUCCION<\/p>\n<p><a href=\"http:\/\/aplicacionesua.cpd.ua.es\/consplanesestudio\/ConsGrpInv\/datosPublica_net.asp?codPublic=6172741&amp;tipo=A&amp;codGrupo=2870477\">Barandillas resistentes a fuertes impactos<\/a><br \/>\nPomares, J.C.; Irles, R.<br \/>\nIssn: 9943-7376<br \/>\nRevista: CERCHA<\/p>\n<p><a href=\"http:\/\/aplicacionesua.cpd.ua.es\/consplanesestudio\/ConsGrpInv\/datosPublica_net.asp?codPublic=5610557&amp;tipo=A&amp;codGrupo=2870477\">Checking Gypsum as Structural Material<\/a><br \/>\nVEGAS, Fernando, MILETO, Camilla, IVORRA, Salvador,BAEZA, F. Javier<br \/>\nIssn: 1660-9336<br \/>\nRevista: Applied Mechanics and Materials<\/p>\n<p><a href=\"http:\/\/aplicacionesua.cpd.ua.es\/consplanesestudio\/ConsGrpInv\/datosPublica_net.asp?codPublic=4647628&amp;tipo=A&amp;codGrupo=2870477\">Construcci\u00f3n de esculturas de hormig\u00f3n con elementos procedentes del reciclado<\/a><br \/>\nJ.M. Saval, A. Maci\u00e1, S. Ivorra<br \/>\nIssn: 0020-0883<br \/>\nRevista: INFORMES DE LA CONSTRUCCION<\/p>\n<p><a href=\"http:\/\/aplicacionesua.cpd.ua.es\/consplanesestudio\/ConsGrpInv\/datosPublica_net.asp?codPublic=6595995&amp;tipo=A&amp;codGrupo=2870477\">Crean unas barandillas de protecci\u00f3n para superficies inclinadas<\/a><br \/>\nPomares, J.C.; Irles, R.<br \/>\nIssn: 0212-8578<br \/>\nRevista: Arte y Cemento<\/p>\n<p><a href=\"http:\/\/aplicacionesua.cpd.ua.es\/consplanesestudio\/ConsGrpInv\/datosPublica_net.asp?codPublic=6597403&amp;tipo=A&amp;codGrupo=2870477\">Discussion on \u201cGIS-based kinematic slope instability and slope mass rating (SMR) maps: application to a railway route in Sivas (Turkey)\u201d by Isik Yilmaz, Marian Marschalko, Mustafa Yildirim, Emek Dereli and Martin Bednarik<\/a><br \/>\nR. Tom\u00e1s, M. Cano, J. Garc\u00eda-Barba<br \/>\nIssn: 1435-9529<br \/>\nRevista: Bulletin of Engineering Geology and the Environment<\/p>\n<p><a href=\"http:\/\/aplicacionesua.cpd.ua.es\/consplanesestudio\/ConsGrpInv\/datosPublica_net.asp?codPublic=7261066&amp;tipo=A&amp;codGrupo=2870477\">Dynamic Behavior of a Pedestrian Bridge in Alicante (Spain)<\/a><br \/>\nSalvador Ivorra, Dora Foti, David Bru, F.J. Baeza<br \/>\nIssn: 0887-3828<br \/>\nRevista: Journal of Performance of Constructed Facilities<\/p>\n<p><a href=\"http:\/\/aplicacionesua.cpd.ua.es\/consplanesestudio\/ConsGrpInv\/datosPublica_net.asp?codPublic=6725886&amp;tipo=A&amp;codGrupo=2870477\">Effect of aspect ratio on strain sensing capacity of carbon fiber reinforced cement composites<\/a><br \/>\nBaeza, F.J.; Galao, O.; Zornoza, E.; Garces, P.<br \/>\nIssn: 0261-3069<br \/>\nRevista: Materials &amp; Design<\/p>\n<p><a href=\"http:\/\/aplicacionesua.cpd.ua.es\/consplanesestudio\/ConsGrpInv\/datosPublica_net.asp?codPublic=6044997&amp;tipo=A&amp;codGrupo=2870477\">Effect of carbon nanofiber addition in the mechanical properties and durability of cementitious materials<\/a><br \/>\nGalao, O.; Zornoza, E.; Baeza, F.J.; Bernabeu, A.; Garc\u00e9s, P.<br \/>\nIssn: 0465-2746<br \/>\nRevista: Materiales de Construccion<\/p>\n<p><a href=\"http:\/\/aplicacionesua.cpd.ua.es\/consplanesestudio\/ConsGrpInv\/datosPublica_net.asp?codPublic=5545355&amp;tipo=A&amp;codGrupo=2870477\">Effect of steel and carbon fiber additions on the dynamic properties of concrete containing silica fume<\/a><br \/>\nGiner, V.T.; Baeza, F.J.; Ivorra, S.; Zornoza, E.; Galao, \u00d3.<br \/>\nIssn: 0261-3069<br \/>\nRevista: Materials &amp; Design<\/p>\n<p><a href=\"http:\/\/aplicacionesua.cpd.ua.es\/consplanesestudio\/ConsGrpInv\/datosPublica_net.asp?codPublic=5032052&amp;tipo=A&amp;codGrupo=2870477\">El an\u00e1lisis lineal con redistribuci\u00f3n limitada y los criterios de ductilidad de las secciones en la EHE-08<\/a><br \/>\nVarona Moya, F.B.; Garc\u00eda Andi\u00f3n, L.; L\u00f3pez Ju\u00e1rez, J.A.<br \/>\nIssn: 0439-5689<br \/>\nRevista: Hormig\u00f3n y Acero<\/p>\n<p><a href=\"http:\/\/aplicacionesua.cpd.ua.es\/consplanesestudio\/ConsGrpInv\/datosPublica_net.asp?codPublic=4206349&amp;tipo=A&amp;codGrupo=2870477\">Flexural and Shear Design of FRP Plated RC Structures Using a Genetic Algorithm<\/a><br \/>\nPerera, R.; Varona, F. B.<br \/>\nIssn: 0733-9445<br \/>\nRevista: Journal of Structural Engineering-Asce<\/p>\n<p><a href=\"http:\/\/aplicacionesua.cpd.ua.es\/consplanesestudio\/ConsGrpInv\/datosPublica_net.asp?codPublic=6411317&amp;tipo=A&amp;codGrupo=2870477\">High speed image techniques for construction safety net monitoring in outdoor conditions<\/a><br \/>\nFerrer, B.; Pomares, J.C.; Irles, R.; Espinosa, J.; Mas, D.<br \/>\nIssn: 0277-786X<br \/>\nRevista: Proceedings of SPIE<\/p>\n<p><a href=\"http:\/\/aplicacionesua.cpd.ua.es\/consplanesestudio\/ConsGrpInv\/datosPublica_net.asp?codPublic=6641066&amp;tipo=A&amp;codGrupo=2870477\">LA IMPORTANCIA DE LA REPRESENTACION GRAFICA EN LA HIDRAULICA MONASTICA: SAINT-GALL, CHRISTCHURCH Y VALLBONA DE LES MONGES<\/a><br \/>\nJorge L\u00f3pez L\u00f3pez<br \/>\nIssn: 1133-6137<br \/>\nRevista: EGA. Revista de Expresi\u00f3n Gr\u00e1fica Arquitect\u00f3nica<\/p>\n<p><a href=\"http:\/\/aplicacionesua.cpd.ua.es\/consplanesestudio\/ConsGrpInv\/datosPublica_net.asp?codPublic=5442519&amp;tipo=A&amp;codGrupo=2870477\">Low velocity vehicle impact against building structures: An outline of relevant codes<\/a><br \/>\nFerrer, B., Ivorra, S., Irles, R.<br \/>\nIssn: 0717-7925<br \/>\nRevista: Revista de la Construcci\u00f3n<\/p>\n<p><a href=\"http:\/\/aplicacionesua.cpd.ua.es\/consplanesestudio\/ConsGrpInv\/datosPublica_net.asp?codPublic=6030344&amp;tipo=A&amp;codGrupo=2870477\">Measurement of wide frequency range structural microvibrations with a pocket digital camera and sub-pixel techniques<\/a><br \/>\nMas, D.; Espinosa, J.; Roig, A.B.; Ferrer, B.; P\u00e9rez, J.; Illueca, J.C.<br \/>\nIssn: 1559-128X<br \/>\nRevista: Applied Optics<\/p>\n<p><a href=\"http:\/\/aplicacionesua.cpd.ua.es\/consplanesestudio\/ConsGrpInv\/datosPublica_net.asp?codPublic=7300447&amp;tipo=A&amp;codGrupo=2870477\">Mechanical Properties and Durability of CNT Cement Composites<\/a><br \/>\nCamacho, M.C.; Galao, O.; Baeza, F.J.; Zornoza, E.; GArc\u00e9s, P.<br \/>\nIssn: 1996-1944<br \/>\nRevista: Materials<\/p>\n<p><a href=\"http:\/\/aplicacionesua.cpd.ua.es\/consplanesestudio\/ConsGrpInv\/datosPublica_net.asp?codPublic=6611446&amp;tipo=A&amp;codGrupo=2870477\">Monitoring an earthfill dam using Differential SAR Interferometry: La Pedrera dam, Alicante, Spain<\/a><br \/>\nR. Tom\u00e1s, M. Cano, J. Garc\u00eda-Barba, F. Vicente, G. Herrera, J. M. Lopez-Sanchez, J.J. Mallorqu\u00ed<br \/>\nIssn: 0013-7952<br \/>\nRevista: Engineering Geology<\/p>\n<p><a href=\"http:\/\/aplicacionesua.cpd.ua.es\/consplanesestudio\/ConsGrpInv\/datosPublica_net.asp?codPublic=6622926&amp;tipo=A&amp;codGrupo=2870477\">Multifunctional Cement Composites Strain and Damage Sensors Applied on Reinforced Concrete (RC) Structural Elements<\/a><br \/>\nBaeza, F.J.; Galao, O.; Zornoza, E.; Garc\u00e9s, P.<br \/>\nIssn: 1996-1944<br \/>\nRevista: Materials<\/p>\n<p><a href=\"http:\/\/aplicacionesua.cpd.ua.es\/consplanesestudio\/ConsGrpInv\/datosPublica_net.asp?codPublic=6039476&amp;tipo=A&amp;codGrupo=2870477\">Numerical evaluation of the vibration reduction index for structural joints<\/a><br \/>\nJ. RAMIS, E. SEGOVIA, J. ALBA, J. CARBAJO, L. GODINHO<br \/>\nIssn: 0137-5075<br \/>\nRevista: Archives of acoustics<\/p>\n<p><a href=\"http:\/\/aplicacionesua.cpd.ua.es\/consplanesestudio\/ConsGrpInv\/datosPublica_net.asp?codPublic=4813187&amp;tipo=A&amp;codGrupo=2870477\">Optical Scanning for Structural Vibration Measurement<\/a><br \/>\nFerrer, B.; Espinosa, J.; P\u00e9rez, J.; Ivorra, S.; Mas, D.<br \/>\nIssn: 0934-9847<br \/>\nRevista: Research in Nondestructive Evaluation<br \/>\nAplicaci\u00f3n de tomograf\u00eda de refracci\u00f3n\u00a0s\u00edsmica y an\u00e1lisis de microtremores\u00a0como t\u00e9cnicas de prospecci\u00f3n geof\u00edsicas\u00a0en estudios geot\u00e9cnicos en edificaci\u00f3n<br \/>\nP\u00e9rez, C; Mateo, M.; Maci\u00e1, A.<br \/>\nIssn: 0020-0883<br \/>\nRevista: INFORMES DE LA CONSTRUCCION<\/p>\n<p><a href=\"http:\/\/aplicacionesua.cpd.ua.es\/consplanesestudio\/ConsGrpInv\/datosPublica_net.asp?codPublic=6626966&amp;tipo=A&amp;codGrupo=2870477\">Partial collapse of a ventilated stone fa\u00e7ade: Diagnosis and analysis of the anchorage system<\/a><br \/>\nS. Ivorra, J. Garc\u00eda-Barba, M. Mateo, C. P\u00e9rez-Carrami\u00f1ana, A. Maci\u00e1<br \/>\nIssn: 1350-6307<br \/>\nRevista: Engineering Failure Analysis<br \/>\nImage processing for safety assessment in Civil Engineering<br \/>\nFerrer, B.; Pomares, J.; Irles, R.; Espinosa, J.; Mas, D.<br \/>\nIssn: 1559-128X<br \/>\nRevista: Applied Optics<br \/>\nSeismic Behavior of a Masonry Chimney with Severe Cracking Condition: Preliminary Study<br \/>\nS. Ivorra, F. Javier Baeza, David Bru, F. Borja Varona<br \/>\nIssn: 1662-9795<br \/>\nRevista: Key Engineering Materials (Online)<br \/>\nSelf-Sensing Properties of Alkali Activated Blast Furnace Slag\u00a0(BFS) Composites Reinforced with Carbon Fibers<br \/>\nVilaplana, J.L.; Baeza, F.J.; Galao, O.; Zornoza, E.; Garc\u00e9s, P.<br \/>\nIssn: 1996-1944<br \/>\nRevista: Materials<\/p>\n<p><a href=\"http:\/\/aplicacionesua.cpd.ua.es\/consplanesestudio\/ConsGrpInv\/datosPublica_net.asp?codPublic=7303706&amp;tipo=A&amp;codGrupo=2870477\">Redes de seguridad para cierre vertical de fachadas<\/a><br \/>\nRiquelme, P: Romero S., Irles, S; Segovia, E.<br \/>\nIssn: 0020-0883<br \/>\nRevista: INFORMES DE LA CONSTRUCCION<\/p>\n<p><a href=\"http:\/\/aplicacionesua.cpd.ua.es\/consplanesestudio\/ConsGrpInv\/datosPublica_net.asp?codPublic=7312486&amp;tipo=A&amp;codGrupo=2870477\">Relationship between static and dynamic elastic modulus of a calcarenite heated at different temperatures: the San Juli\u00e1n`s stone<\/a><br \/>\nBrotons, V.; Tom\u00e1s, R.; Ivorra, S.; Grediaga, A.<br \/>\nIssn: 1435-9529<br \/>\nRevista: Bulletin of Engineering Geology and the Environment<\/p>\n<p><a href=\"http:\/\/aplicacionesua.cpd.ua.es\/consplanesestudio\/ConsGrpInv\/datosPublica_net.asp?codPublic=6473382&amp;tipo=A&amp;codGrupo=2870477\">Resolution limits to object tracking with subpixel accuracy<\/a><br \/>\nMas, D.; Ferrer, B.; Sheridan, J.T.; Espinosa, J.<br \/>\nIssn: 0146-9592<br \/>\nRevista: Optics Letters<\/p>\n<p><a href=\"http:\/\/aplicacionesua.cpd.ua.es\/consplanesestudio\/ConsGrpInv\/datosPublica_net.asp?codPublic=7286891&amp;tipo=A&amp;codGrupo=2870477\">Self-heating function of carbon nanofiber cement pastes<\/a><br \/>\nGalao, O.: Baeza, F.J.; Zornoza, E.; Garc\u00e9s, P.<br \/>\nIssn: 0465-2746<br \/>\nRevista: Materiales de Construccion<\/p>\n<p><a href=\"http:\/\/aplicacionesua.cpd.ua.es\/consplanesestudio\/ConsGrpInv\/datosPublica_net.asp?codPublic=5450895&amp;tipo=A&amp;codGrupo=2870477\">Silica fume admixture effect on the dynamic properties of concrete<\/a><br \/>\nGiner, V.T.; Ivorra, S.; Baeza, F.J.; Zornoza, E.; Ferrer, B.<br \/>\nIssn: 0950-0618<br \/>\nRevista: Construction and Building Materials<\/p>\n<p><a href=\"http:\/\/aplicacionesua.cpd.ua.es\/consplanesestudio\/ConsGrpInv\/datosPublica_net.asp?codPublic=6172716&amp;tipo=A&amp;codGrupo=2870477\">Sistemas de protecci\u00f3n resistentes a fuertes impactos. Propuestas de modificaci\u00f3n a UNE EN 13374<\/a><br \/>\nPomares, J.C.; Irles, R.<br \/>\nIssn: 2174-6710<br \/>\nRevista: Bolet\u00edn Informativo (Colegio Oficial de Aparejadores, Arquitectos T\u00e9cnicos e Ingenieros de Edificaci\u00f3n de Alicante)<\/p>\n<p><a href=\"http:\/\/aplicacionesua.cpd.ua.es\/consplanesestudio\/ConsGrpInv\/datosPublica_net.asp?codPublic=6173084&amp;tipo=A&amp;codGrupo=2870477\">Sistemas de Seguridad Resistentes a Fuertes Impactos para Superficies con Grandes Inclinaciones<\/a><br \/>\nPomares, J.C.; Irles, R.<br \/>\nIssn: 1130-9148<br \/>\nRevista: Formaci\u00f3n de Seguridad Laboral<\/p>\n<p><a href=\"http:\/\/aplicacionesua.cpd.ua.es\/consplanesestudio\/ConsGrpInv\/datosPublica_net.asp?codPublic=7267006&amp;tipo=A&amp;codGrupo=2870477\">Strain and damage sensing properties on multifunctional cement composites with CNF admixture<\/a><br \/>\nO. Galao; F.J. Baeza; E. Zornoza; P. Garc\u00e9s<br \/>\nIssn: 0958-9465<br \/>\nRevista: Cement and concrete composites<\/p>\n<p><a href=\"http:\/\/aplicacionesua.cpd.ua.es\/consplanesestudio\/ConsGrpInv\/datosPublica_net.asp?codPublic=6860706&amp;tipo=A&amp;codGrupo=2870477\">Study of creep behavior of a calcarenite: San Juli\u00e1n stone (Alicante).<\/a><br \/>\nV. Brot\u00f3ns, S. Ivorra, J. Mart\u00ednez-Mart\u00ednez, R. Tom\u00e1s, D. Benavente<br \/>\nIssn: 0465-2746<br \/>\nRevista: Materiales de Construccion<\/p>\n<p><a href=\"http:\/\/aplicacionesua.cpd.ua.es\/consplanesestudio\/ConsGrpInv\/datosPublica_net.asp?codPublic=6038956&amp;tipo=A&amp;codGrupo=2870477\">Subsidence damage assessment of a gothic church using Differential Interferometry and field data<\/a><br \/>\nR. Tom\u00e1s, J. Garc\u00eda-Barba, M. Cano, M.P. Sanabria, S. Ivorra, J. Duro, G. Herrera<br \/>\nIssn: 1475-9217<br \/>\nRevista: Structural Health Monitoring<\/p>\n<p><a href=\"http:\/\/aplicacionesua.cpd.ua.es\/consplanesestudio\/ConsGrpInv\/datosPublica_net.asp?codPublic=7653926&amp;tipo=A&amp;codGrupo=2870477\">Targetless image-based method for measuring displacements and strains on concrete surfaces with a consumer camera<\/a><br \/>\nFerrer, B.; Acevedo, P.; Espinosa, J.; Mas, D.<br \/>\nIssn: 0950-0618<br \/>\nRevista: Construction and Building Materials<\/p>\n<p><a href=\"http:\/\/aplicacionesua.cpd.ua.es\/consplanesestudio\/ConsGrpInv\/datosPublica_net.asp?codPublic=7226867&amp;tipo=A&amp;codGrupo=2870477\">Temperature influence on the physical and mechanical properties of a porous rock: San Julian`s calcarenite<\/a><br \/>\nV. Brot\u00f3ns, R. Tom\u00e1s, S. Ivorra, J.C. Alarc\u00f3n<br \/>\nIssn: 0013-7952<br \/>\nRevista: Engineering Geology<\/p>\n<p><a href=\"http:\/\/aplicacionesua.cpd.ua.es\/consplanesestudio\/ConsGrpInv\/datosPublica_net.asp?codPublic=4644586&amp;tipo=A&amp;codGrupo=2870477\">Tridimensional modelization of the impact of a vehicle against a metallic parking column at a low speed<\/a><br \/>\nB. Ferrer, S. Ivorra, E. Segovia and R. Irles<br \/>\nIssn: 0141-0296<br \/>\nRevista: Engineering Structures<\/p>\n<p><a href=\"http:\/\/aplicacionesua.cpd.ua.es\/consplanesestudio\/ConsGrpInv\/datosPublica_net.asp?codPublic=4584427&amp;tipo=A&amp;codGrupo=2870477\">Triple percolation in concrete reinforced with\u00a0 carbon fiber<\/a><br \/>\nBaeza, F.J.; Chung, D.D.L.; Zornoza, E.; Andi\u00f3n, L.G.; Garc\u00e9s, P.<br \/>\nIssn: 0889-325X<br \/>\nRevista: Aci Materials Journal<\/p>\n<p><a href=\"http:\/\/aplicacionesua.cpd.ua.es\/consplanesestudio\/ConsGrpInv\/datosPublica_net.asp?codPublic=7230366&amp;tipo=A&amp;codGrupo=2870477\">Un beso construido<\/a><br \/>\nJoaquin Alvado, Salvador Ivorra, Miguel Angel Crespo<br \/>\nIssn: 0187-7895<br \/>\nRevista: Construcci\u00f3n y Tecnolog\u00eda<\/p>\n<p><a href=\"http:\/\/aplicacionesua.cpd.ua.es\/consplanesestudio\/ConsGrpInv\/datosPublica_net.asp?codPublic=6411316&amp;tipo=A&amp;codGrupo=2870477\">Use of subpixel techniques in pocket cameras to measure vibrations and displacements<\/a><br \/>\nMas, D.; Espinosa, J.; Roig, A.B.; Ferrer, B.; P\u00e9rez, J.<br \/>\nIssn: 0277-786X<br \/>\nRevista: Proceedings of SPIE<\/p>\n<p><a href=\"http:\/\/aplicacionesua.cpd.ua.es\/consplanesestudio\/ConsGrpInv\/datosPublica_net.asp?codPublic=4651526&amp;tipo=A&amp;codGrupo=2870477\">Variables affecting strain sensing function in cementitious composites with carbon fibers<\/a><br \/>\nBaeza, J.; Zornoza, E.; Andi\u00f3n, L.G., Ivorra, S.; Garc\u00e9s, P.<br \/>\nIssn: 1598-8198<br \/>\nRevista: Computers and Concrete<\/p>\n<p><a href=\"http:\/\/aplicacionesua.cpd.ua.es\/consplanesestudio\/ConsGrpInv\/datosPublica_net.asp?codPublic=7218066&amp;tipo=A&amp;codGrupo=2870477\">Vibration frequency measurement using a local multithreshold technique<\/a><br \/>\nFerrer, B.; Espinosa, J.; Roig, A.B.; Perez, J.; Mas, D.<br \/>\nIssn: 1094-4087<br \/>\nRevista: Optics Express<\/p>\n<p><a href=\"http:\/\/aplicacionesua.cpd.ua.es\/consplanesestudio\/ConsGrpInv\/datosPublica_net.asp?codPublic=6591782&amp;tipo=A&amp;codGrupo=2870477\">Vibration Modal Analysis of a Thin Folded Elastic<br \/>\nStructure using a Levy-type Solution<\/a><br \/>\nSegovia, E.; Ferrer B.; Ramis, J.; Martinez, J.; Arenas, J.<br \/>\nIssn: 1027-5851<br \/>\nRevista: International Journal of Acoustics and Vibration<\/p>\n<p><a href=\"http:\/\/aplicacionesua.cpd.ua.es\/consplanesestudio\/ConsGrpInv\/datosPublica_net.asp?codPublic=6029196&amp;tipo=A&amp;codGrupo=2870477\">Vibration Reduction Index of a T-Junction With a Flexible Interlayer<\/a><br \/>\nAlba, J.; Escuder, E.; Ramis, J.; Del Rey, R.; Segovia, E.<br \/>\nIssn: 1048-9002<br \/>\nRevista: Journal of Vibration and Acoustics-Transactions of The Asme<\/p>\n<p><a href=\"http:\/\/aplicacionesua.cpd.ua.es\/consplanesestudio\/ConsGrpInv\/datosPublica_net.asp?codPublic=6289596&amp;tipo=A&amp;codGrupo=2870477\">X Concurso de Estructuras. Curso 2011\/12<\/a><br \/>\nPomares, J.C.<\/p>\n","protected":false},"excerpt":{"rendered":"<p>Para m\u00e1s informaci\u00f3n, pinchar aqui. ART\u00cdCULOS EN PUBLICACIONES PERI\u00d3DICAS: A graphical approach for Slope Mass Rating (SMR) R. Tom\u00e1s, A. Cuenca, M. Cano, J. Garc\u00eda-Barba Issn: 0013-7952 Revista: Engineering Geology Acceleraton and deflection analysis for class C edge protection systems (EN 13374-2013) in construction works Pomares, J.C.; Irles, R.; Segovia, E.; Ferrer, B. Issn: 0733-9364 [&hellip;]<\/p>\n","protected":false},"author":3077,"featured_media":0,"parent":514,"menu_order":2,"comment_status":"closed","ping_status":"closed","template":"","meta":{"footnotes":""},"class_list":["post-30","page","type-page","status-publish","hentry"],"_links":{"self":[{"href":"https:\/\/blogs.ua.es\/gresmes\/wp-json\/wp\/v2\/pages\/30","targetHints":{"allow":["GET"]}}],"collection":[{"href":"https:\/\/blogs.ua.es\/gresmes\/wp-json\/wp\/v2\/pages"}],"about":[{"href":"https:\/\/blogs.ua.es\/gresmes\/wp-json\/wp\/v2\/types\/page"}],"author":[{"embeddable":true,"href":"https:\/\/blogs.ua.es\/gresmes\/wp-json\/wp\/v2\/users\/3077"}],"replies":[{"embeddable":true,"href":"https:\/\/blogs.ua.es\/gresmes\/wp-json\/wp\/v2\/comments?post=30"}],"version-history":[{"count":12,"href":"https:\/\/blogs.ua.es\/gresmes\/wp-json\/wp\/v2\/pages\/30\/revisions"}],"predecessor-version":[{"id":604,"href":"https:\/\/blogs.ua.es\/gresmes\/wp-json\/wp\/v2\/pages\/30\/revisions\/604"}],"up":[{"embeddable":true,"href":"https:\/\/blogs.ua.es\/gresmes\/wp-json\/wp\/v2\/pages\/514"}],"wp:attachment":[{"href":"https:\/\/blogs.ua.es\/gresmes\/wp-json\/wp\/v2\/media?parent=30"}],"curies":[{"name":"wp","href":"https:\/\/api.w.org\/{rel}","templated":true}]}}