{"id":514,"date":"2014-11-04T11:41:24","date_gmt":"2014-11-04T11:41:24","guid":{"rendered":"https:\/\/blogs.ua.es\/gresmes\/?page_id=514"},"modified":"2015-03-12T14:13:30","modified_gmt":"2015-03-12T14:13:30","slug":"investigacion","status":"publish","type":"page","link":"https:\/\/blogs.ua.es\/gresmes\/investigacion\/","title":{"rendered":"Investigaci\u00f3n"},"content":{"rendered":"<p><strong>Aqu\u00ed se resumen los resultados de la investigaci\u00f3n del grupo con las publicaciones principales obtenidas.<\/strong><\/p>\n<p>Para informaci\u00f3n actualizada del grupo de investigaci\u00f3n lo mejor es ir a la p\u00e1gina de <a href=\"cvnet.cpd.ua.es\/GruposInvestigacion\/DatosGrupo.aspx?id=2870477&amp;tipo=A\" target=\"_blank\">GRESMES de la Universidad de Alicante<\/a>.<\/p>\n<table border=\"0\" cellspacing=\"0\" cellpadding=\"0\">\n<tbody>\n<tr>\n<td><a href=\"https:\/\/blogs.ua.es\/gresmes\/investigacion\/proyectos\/\" target=\"_blank\"><b>PROYECTOS<\/b><\/a><\/td>\n<td><a href=\"https:\/\/blogs.ua.es\/gresmes\/investigacion\/tesis\/\" target=\"_blank\"><b>TESIS<\/b><\/a><\/td>\n<\/tr>\n<tr>\n<td><a href=\"https:\/\/blogs.ua.es\/gresmes\/investigacion\/publicaciones\/\" target=\"_blank\"><strong>ART\u00cdCULOS<\/strong><\/a><\/td>\n<td><a href=\"https:\/\/blogs.ua.es\/gresmes\/investigacion\/comunicaiones-a-congresos\/\" target=\"_blank\"><strong>CONGRESOS<\/strong><\/a><\/td>\n<\/tr>\n<\/tbody>\n<\/table>\n","protected":false},"excerpt":{"rendered":"<p>Aqu\u00ed se resumen los resultados de la investigaci\u00f3n del grupo con las publicaciones principales obtenidas. Para informaci\u00f3n actualizada del grupo de investigaci\u00f3n lo mejor es ir a la p\u00e1gina de GRESMES de la Universidad de Alicante. PROYECTOS TESIS ART\u00cdCULOS CONGRESOS<\/p>\n","protected":false},"author":3077,"featured_media":0,"parent":0,"menu_order":3,"comment_status":"closed","ping_status":"closed","template":"","meta":{"footnotes":""},"class_list":["post-514","page","type-page","status-publish","hentry"],"_links":{"self":[{"href":"https:\/\/blogs.ua.es\/gresmes\/wp-json\/wp\/v2\/pages\/514","targetHints":{"allow":["GET"]}}],"collection":[{"href":"https:\/\/blogs.ua.es\/gresmes\/wp-json\/wp\/v2\/pages"}],"about":[{"href":"https:\/\/blogs.ua.es\/gresmes\/wp-json\/wp\/v2\/types\/page"}],"author":[{"embeddable":true,"href":"https:\/\/blogs.ua.es\/gresmes\/wp-json\/wp\/v2\/users\/3077"}],"replies":[{"embeddable":true,"href":"https:\/\/blogs.ua.es\/gresmes\/wp-json\/wp\/v2\/comments?post=514"}],"version-history":[{"count":4,"href":"https:\/\/blogs.ua.es\/gresmes\/wp-json\/wp\/v2\/pages\/514\/revisions"}],"predecessor-version":[{"id":602,"href":"https:\/\/blogs.ua.es\/gresmes\/wp-json\/wp\/v2\/pages\/514\/revisions\/602"}],"wp:attachment":[{"href":"https:\/\/blogs.ua.es\/gresmes\/wp-json\/wp\/v2\/media?parent=514"}],"curies":[{"name":"wp","href":"https:\/\/api.w.org\/{rel}","templated":true}]}}