{"id":523,"date":"2014-11-04T11:47:07","date_gmt":"2014-11-04T11:47:07","guid":{"rendered":"https:\/\/blogs.ua.es\/gresmes\/?page_id=523"},"modified":"2015-03-12T13:28:48","modified_gmt":"2015-03-12T13:28:48","slug":"docencia","status":"publish","type":"page","link":"https:\/\/blogs.ua.es\/gresmes\/docencia\/","title":{"rendered":"Docencia"},"content":{"rendered":"<p>Aqu\u00ed se enlazar\u00e1 a materiales docentes, p\u00e1ginas de inter\u00e9s, el concurso de estructuras, programas inform\u00e1ticos, asignaturas en las que se imparte docencia y cursos impartidos por miembros del grupo.<\/p>\n","protected":false},"excerpt":{"rendered":"<p>Aqu\u00ed se enlazar\u00e1 a materiales docentes, p\u00e1ginas de inter\u00e9s, el concurso de estructuras, programas inform\u00e1ticos, asignaturas en las que se imparte docencia y cursos impartidos por miembros del grupo.<\/p>\n","protected":false},"author":3077,"featured_media":0,"parent":0,"menu_order":4,"comment_status":"closed","ping_status":"closed","template":"","meta":{"footnotes":""},"class_list":["post-523","page","type-page","status-publish","hentry"],"_links":{"self":[{"href":"https:\/\/blogs.ua.es\/gresmes\/wp-json\/wp\/v2\/pages\/523","targetHints":{"allow":["GET"]}}],"collection":[{"href":"https:\/\/blogs.ua.es\/gresmes\/wp-json\/wp\/v2\/pages"}],"about":[{"href":"https:\/\/blogs.ua.es\/gresmes\/wp-json\/wp\/v2\/types\/page"}],"author":[{"embeddable":true,"href":"https:\/\/blogs.ua.es\/gresmes\/wp-json\/wp\/v2\/users\/3077"}],"replies":[{"embeddable":true,"href":"https:\/\/blogs.ua.es\/gresmes\/wp-json\/wp\/v2\/comments?post=523"}],"version-history":[{"count":1,"href":"https:\/\/blogs.ua.es\/gresmes\/wp-json\/wp\/v2\/pages\/523\/revisions"}],"predecessor-version":[{"id":524,"href":"https:\/\/blogs.ua.es\/gresmes\/wp-json\/wp\/v2\/pages\/523\/revisions\/524"}],"wp:attachment":[{"href":"https:\/\/blogs.ua.es\/gresmes\/wp-json\/wp\/v2\/media?parent=523"}],"curies":[{"name":"wp","href":"https:\/\/api.w.org\/{rel}","templated":true}]}}