{"id":148,"date":"2012-12-24T18:30:59","date_gmt":"2012-12-24T18:30:59","guid":{"rendered":"https:\/\/blogs.ua.es\/grisoliasantiago\/?page_id=148"},"modified":"2013-02-09T10:39:46","modified_gmt":"2013-02-09T10:39:46","slug":"metodologia","status":"publish","type":"page","link":"https:\/\/blogs.ua.es\/grisoliasantiago\/metodologia\/","title":{"rendered":"Metodolog\u00eda"},"content":{"rendered":"<p style=\"text-align: justify\">La metodolog\u00eda adoptada para confeccionar desde cero el presente blog\u00a0 ha sido la siguiente:<\/p>\n<p style=\"text-align: justify\">El utilizo de la plataforma WordPress, el software Photoshop para la edici\u00f3n de las im\u00e1genes y el entorno Office para editar los textos.<\/p>\n<p style=\"text-align: justify\">Relativamente a las referencias bibliogr\u00e1ficas realizadas en el presente, se han seguido las indicaciones proporcionadas por \u00a0la normativa ISO 690:2010.<\/p>\n<h2 style=\"text-align: justify\">Documentos Impresos<\/h2>\n<ul style=\"text-align: justify\">\n<li>Parte de un Libro o de una Monograf\u00eda:<\/li>\n<\/ul>\n<p style=\"text-align: justify\">APELLIDOS, Nombre.\u00a0T\u00edtulo de la Parte<em>.<\/em>\u00a0En:\u00a0<em>T\u00edtulo de la obra completa\u00a0<\/em>. Edici\u00f3n. Lugar de edici\u00f3n: Editor, a\u00f1o, pp. (p\u00e1ginas). ISBN.<\/p>\n<ul style=\"text-align: justify\">\n<li>Art\u00edculos de Revistas:<\/li>\n<\/ul>\n<p style=\"text-align: justify\">APELLIDOS, Nombre<em>. <\/em>T\u00edtulo del Art\u00edculo<em>. T\u00edtulo de la Revista.\u00a0<\/em>A\u00f1o, Volumen (n\u00ba), pp. ISSN<\/p>\n<h2 style=\"text-align: justify\">Documentos Electr\u00f3nicos<\/h2>\n<ul style=\"text-align: justify\">\n<li>Art\u00edculo de revista en l\u00ednea:<\/li>\n<\/ul>\n<div style=\"text-align: justify\">APELLIDOS, Nombre.<em>\u00a0<\/em>T\u00edtulo del art\u00edculo<em>. T\u00edtulo de la Revista\u00a0<\/em>[En l\u00ednea]<em>.\u00a0<\/em>Lugar: Editor, fecha publicaci\u00f3n, volumen, n\u00famero [consulta: fecha de consulta].ISSN. Disponible en: http:\/\/<\/div>\n","protected":false},"excerpt":{"rendered":"<p>La metodolog\u00eda adoptada para confeccionar desde cero el presente blog\u00a0 ha sido la siguiente: El utilizo de la plataforma WordPress, el software Photoshop para la edici\u00f3n de las im\u00e1genes y el entorno Office para editar los textos. Relativamente a las &hellip; <a href=\"https:\/\/blogs.ua.es\/grisoliasantiago\/metodologia\/\">Continue reading <span class=\"meta-nav\">&rarr;<\/span><\/a><\/p>\n","protected":false},"author":2884,"featured_media":0,"parent":0,"menu_order":3,"comment_status":"open","ping_status":"open","template":"","meta":{"footnotes":""},"class_list":["post-148","page","type-page","status-publish","hentry"],"_links":{"self":[{"href":"https:\/\/blogs.ua.es\/grisoliasantiago\/wp-json\/wp\/v2\/pages\/148","targetHints":{"allow":["GET"]}}],"collection":[{"href":"https:\/\/blogs.ua.es\/grisoliasantiago\/wp-json\/wp\/v2\/pages"}],"about":[{"href":"https:\/\/blogs.ua.es\/grisoliasantiago\/wp-json\/wp\/v2\/types\/page"}],"author":[{"embeddable":true,"href":"https:\/\/blogs.ua.es\/grisoliasantiago\/wp-json\/wp\/v2\/users\/2884"}],"replies":[{"embeddable":true,"href":"https:\/\/blogs.ua.es\/grisoliasantiago\/wp-json\/wp\/v2\/comments?post=148"}],"version-history":[{"count":16,"href":"https:\/\/blogs.ua.es\/grisoliasantiago\/wp-json\/wp\/v2\/pages\/148\/revisions"}],"predecessor-version":[{"id":405,"href":"https:\/\/blogs.ua.es\/grisoliasantiago\/wp-json\/wp\/v2\/pages\/148\/revisions\/405"}],"wp:attachment":[{"href":"https:\/\/blogs.ua.es\/grisoliasantiago\/wp-json\/wp\/v2\/media?parent=148"}],"curies":[{"name":"wp","href":"https:\/\/api.w.org\/{rel}","templated":true}]}}