{"id":166,"date":"2012-12-24T19:25:48","date_gmt":"2012-12-24T19:25:48","guid":{"rendered":"https:\/\/blogs.ua.es\/grisoliasantiago\/?page_id=166"},"modified":"2013-01-26T18:21:11","modified_gmt":"2013-01-26T18:21:11","slug":"tematica","status":"publish","type":"page","link":"https:\/\/blogs.ua.es\/grisoliasantiago\/tematica\/","title":{"rendered":"Tem\u00e1tica"},"content":{"rendered":"<p style=\"text-align: justify\"><a href=\"https:\/\/blogs.ua.es\/grisoliasantiago\/files\/2012\/12\/intro01.jpg\"><img loading=\"lazy\" decoding=\"async\" class=\"alignleft size-medium wp-image-167\" src=\"https:\/\/blogs.ua.es\/grisoliasantiago\/files\/2012\/12\/intro01-300x276.jpg\" alt=\"\" width=\"300\" height=\"276\" srcset=\"https:\/\/blogs.ua.es\/grisoliasantiago\/files\/2012\/12\/intro01-300x276.jpg 300w, https:\/\/blogs.ua.es\/grisoliasantiago\/files\/2012\/12\/intro01-325x300.jpg 325w, https:\/\/blogs.ua.es\/grisoliasantiago\/files\/2012\/12\/intro01.jpg 380w\" sizes=\"auto, (max-width: 300px) 100vw, 300px\" \/><\/a><\/p>\n<p style=\"text-align: justify\">El presente blog pretende presentar de una forma sencilla al ilustre cient\u00edfico valenciano D. Santiago Grisol\u00eda, su labor, su obra y cuanto m\u00e1s de relevante esta mente iluminada haya proporcionado a la humanidad. Cient\u00edfico de renombre internacional, m\u00e1ximo exponente espa\u00f1ol de la bioqu\u00edmica, Honoris Causa, Premio Pr\u00edncipe de Asturias y entre otras cosas, coordinador del Proyecto Genoma Humano.<\/p>\n<p style=\"text-align: justify\">El PGH es el primer esfuerzo cient\u00edfico internacional dedicado a determinar la secuencia completa del genoma humano. Se trata en definitiva de cartografiar con exactitud los aproximadamente 100.000 genes adem\u00e1s del resto de material gen\u00e9tico hereditario que compone el n\u00facleo del ser humano. Un proyecto apasionante y de gran utilidad para nuestra especie sobre todo en sus campos de aplicaci\u00f3n m\u00e9dica. Un viaje en lo m\u00e1s profundo del g\u00e9nesis.<\/p>\n<p style=\"text-align: justify\">\n","protected":false},"excerpt":{"rendered":"<p>El presente blog pretende presentar de una forma sencilla al ilustre cient\u00edfico valenciano D. Santiago Grisol\u00eda, su labor, su obra y cuanto m\u00e1s de relevante esta mente iluminada haya proporcionado a la humanidad. Cient\u00edfico de renombre internacional, m\u00e1ximo exponente espa\u00f1ol &hellip; <a href=\"https:\/\/blogs.ua.es\/grisoliasantiago\/tematica\/\">Continue reading <span class=\"meta-nav\">&rarr;<\/span><\/a><\/p>\n","protected":false},"author":2884,"featured_media":0,"parent":0,"menu_order":2,"comment_status":"open","ping_status":"open","template":"","meta":{"footnotes":""},"class_list":["post-166","page","type-page","status-publish","hentry"],"_links":{"self":[{"href":"https:\/\/blogs.ua.es\/grisoliasantiago\/wp-json\/wp\/v2\/pages\/166","targetHints":{"allow":["GET"]}}],"collection":[{"href":"https:\/\/blogs.ua.es\/grisoliasantiago\/wp-json\/wp\/v2\/pages"}],"about":[{"href":"https:\/\/blogs.ua.es\/grisoliasantiago\/wp-json\/wp\/v2\/types\/page"}],"author":[{"embeddable":true,"href":"https:\/\/blogs.ua.es\/grisoliasantiago\/wp-json\/wp\/v2\/users\/2884"}],"replies":[{"embeddable":true,"href":"https:\/\/blogs.ua.es\/grisoliasantiago\/wp-json\/wp\/v2\/comments?post=166"}],"version-history":[{"count":11,"href":"https:\/\/blogs.ua.es\/grisoliasantiago\/wp-json\/wp\/v2\/pages\/166\/revisions"}],"predecessor-version":[{"id":172,"href":"https:\/\/blogs.ua.es\/grisoliasantiago\/wp-json\/wp\/v2\/pages\/166\/revisions\/172"}],"wp:attachment":[{"href":"https:\/\/blogs.ua.es\/grisoliasantiago\/wp-json\/wp\/v2\/media?parent=166"}],"curies":[{"name":"wp","href":"https:\/\/api.w.org\/{rel}","templated":true}]}}