{"id":180,"date":"2012-12-24T20:09:16","date_gmt":"2012-12-24T20:09:16","guid":{"rendered":"https:\/\/blogs.ua.es\/grisoliasantiago\/?page_id=180"},"modified":"2013-02-09T10:40:35","modified_gmt":"2013-02-09T10:40:35","slug":"recursos-de-informacion","status":"publish","type":"page","link":"https:\/\/blogs.ua.es\/grisoliasantiago\/recursos-de-informacion\/","title":{"rendered":"Recursos de informaci\u00f3n"},"content":{"rendered":"<p>Para obtener la informaci\u00f3n relativa a las publicaciones en las cuales ha participado D. Santiago Grisol\u00eda hemos recurrido a las siguientes fuentes especializadas:<\/p>\n<p style=\"text-align: justify\">Biblioteca de la Facultad de Ciencia de la Universidad de Alicante.<\/p>\n<p style=\"text-align: justify\">Biblioteca de la Facultad de Filosof\u00eda y Letras de la Universidad de Parma (Italia)<\/p>\n<p style=\"text-align: justify\"><a href=\"http:\/\/www.cece.gva.es\/es\/\"><cite>www.cece.gva.es\/es\/<\/cite><\/a><\/p>\n<p><a href=\"http:\/\/onlinelibrary.wiley.com\/\">http:\/\/onlinelibrary.wiley.com\/<\/a><\/p>\n<p><a href=\"http:\/\/biblioteca.ua.es\/es\/\" target=\"_blank\">http:\/\/biblioteca.ua.es\/es\/<\/a><\/p>\n<p><a href=\"http:\/\/dialnet.unirioja.es\/servlet\/portadarevistas\" target=\"_blank\">http:\/\/dialnet.unirioja.es\/servlet\/portadarevistas<\/a><\/p>\n<p><a href=\"http:\/\/thomsonreuters.com\/products_services\/science\/science_products\/a-z\/isi_web_of_knowledge\/\" target=\"_blank\">http:\/\/thomsonreuters.com\/products_services\/science\/science_products\/a-z\/isi_web_of_knowledge\/<\/a><\/p>\n<p><a href=\"http:\/\/ip-science.thomsonreuters.com\/es\/productos\/wok\/\" target=\"_blank\">http:\/\/ip-science.thomsonreuters.com\/es\/productos\/wok\/<\/a><\/p>\n<p><a href=\"www.ncbi.nlm.nih.gov\/pubmed\"><cite>www.ncbi.nlm.nih.gov\/pubmed<\/cite><\/a><\/p>\n","protected":false},"excerpt":{"rendered":"<p>Para obtener la informaci\u00f3n relativa a las publicaciones en las cuales ha participado D. Santiago Grisol\u00eda hemos recurrido a las siguientes fuentes especializadas: Biblioteca de la Facultad de Ciencia de la Universidad de Alicante. Biblioteca de la Facultad de Filosof\u00eda &hellip; <a href=\"https:\/\/blogs.ua.es\/grisoliasantiago\/recursos-de-informacion\/\">Continue reading <span class=\"meta-nav\">&rarr;<\/span><\/a><\/p>\n","protected":false},"author":2884,"featured_media":0,"parent":0,"menu_order":4,"comment_status":"open","ping_status":"open","template":"","meta":{"footnotes":""},"class_list":["post-180","page","type-page","status-publish","hentry"],"_links":{"self":[{"href":"https:\/\/blogs.ua.es\/grisoliasantiago\/wp-json\/wp\/v2\/pages\/180","targetHints":{"allow":["GET"]}}],"collection":[{"href":"https:\/\/blogs.ua.es\/grisoliasantiago\/wp-json\/wp\/v2\/pages"}],"about":[{"href":"https:\/\/blogs.ua.es\/grisoliasantiago\/wp-json\/wp\/v2\/types\/page"}],"author":[{"embeddable":true,"href":"https:\/\/blogs.ua.es\/grisoliasantiago\/wp-json\/wp\/v2\/users\/2884"}],"replies":[{"embeddable":true,"href":"https:\/\/blogs.ua.es\/grisoliasantiago\/wp-json\/wp\/v2\/comments?post=180"}],"version-history":[{"count":15,"href":"https:\/\/blogs.ua.es\/grisoliasantiago\/wp-json\/wp\/v2\/pages\/180\/revisions"}],"predecessor-version":[{"id":406,"href":"https:\/\/blogs.ua.es\/grisoliasantiago\/wp-json\/wp\/v2\/pages\/180\/revisions\/406"}],"wp:attachment":[{"href":"https:\/\/blogs.ua.es\/grisoliasantiago\/wp-json\/wp\/v2\/media?parent=180"}],"curies":[{"name":"wp","href":"https:\/\/api.w.org\/{rel}","templated":true}]}}