{"id":213,"date":"2014-03-03T13:18:59","date_gmt":"2014-03-03T11:18:59","guid":{"rendered":"https:\/\/blogs.ua.es\/guadalajara\/?page_id=213"},"modified":"2017-09-20T21:24:26","modified_gmt":"2017-09-20T20:24:26","slug":"alcazar-real","status":"publish","type":"page","link":"https:\/\/blogs.ua.es\/guadalajara\/alcazar-real\/","title":{"rendered":"Alc\u00e1zar Real"},"content":{"rendered":"<p><iframe loading=\"lazy\" title=\"Alc\u00e1zar Real de Guadalajara\" width=\"640\" height=\"360\" src=\"https:\/\/www.youtube.com\/embed\/wklA5e7O9po?feature=oembed\" frameborder=\"0\" allow=\"accelerometer; autoplay; clipboard-write; encrypted-media; gyroscope; picture-in-picture; web-share\" referrerpolicy=\"strict-origin-when-cross-origin\" allowfullscreen><\/iframe><\/p>\n<p style=\"text-align: justify\">Las ruinas del Alc\u00e1zar Real de Guadalajara se encuentran en las inmediaciones del palacio del Infantado, frente a la iglesia del desaparecido convento de monjas jer\u00f3nimas de Nuestra Se\u00f1ora de los Remedios. Su emplazamiento siempre estuvo condicionado por el camino de Madrid y por el barranco del Alam\u00edn; su adaptaci\u00f3n al borde del cauce de este \u00faltimo es la clave que explica su planta trapecial.<\/p>\n<p style=\"text-align: justify\">Sabemos que el alc\u00e1zar cristiano de Guadalajara al menos desde finales del siglo XIII, lo rode\u00f3 la villa por sus frentes meridional y occidental; el septentrional limitaba con el arrabal de la Alcaller\u00eda, situado entre el propio alc\u00e1zar y el puente dobre el r\u00edo Henares, mientras que el frente oriental bordeaba el barranco del Alam\u00edn sin contacto alguno con la ciudad.<\/p>\n<p style=\"text-align: justify\">Nuestro desconocimiento llega hasta el extremo de no poder asegurar que bajo el alc\u00e1zar castellano se encuentre el andalus\u00ed.<\/p>\n<p style=\"text-align: justify\">Julio Navarro Palaz\u00f3n afirma que todas las estructuras hasta ahora identificadas son cristianas, pertenecientes a tres fases constructivas diferentes:<\/p>\n<p style=\"text-align: justify\">La primera es un edificio de planta trapecial casi cuadrado con torreones ciruculares en sus esquinas de los que s\u00f3lo dos se han mantenido parcialmente en pie en el frente meridional. Se trata de una obra unitaria que podr\u00eda fecharse a finales del siglo XIII.<\/p>\n<div id=\"attachment_274\" style=\"width: 570px\" class=\"wp-caption aligncenter\"><a href=\"https:\/\/blogs.ua.es\/guadalajara\/files\/2014\/03\/Planta-del-alc\u00e1zar-real-1\u00aa-fase.-Domingo-30-de-abril-de-2017.jpg\"><img loading=\"lazy\" decoding=\"async\" aria-describedby=\"caption-attachment-274\" class=\"size-full wp-image-274\" src=\"https:\/\/blogs.ua.es\/guadalajara\/files\/2014\/03\/Planta-del-alc\u00e1zar-real-1\u00aa-fase.-Domingo-30-de-abril-de-2017.jpg\" alt=\"\" width=\"560\" height=\"560\" srcset=\"https:\/\/blogs.ua.es\/guadalajara\/files\/2014\/03\/Planta-del-alc\u00e1zar-real-1\u00aa-fase.-Domingo-30-de-abril-de-2017.jpg 560w, https:\/\/blogs.ua.es\/guadalajara\/files\/2014\/03\/Planta-del-alc\u00e1zar-real-1\u00aa-fase.-Domingo-30-de-abril-de-2017-150x150.jpg 150w, https:\/\/blogs.ua.es\/guadalajara\/files\/2014\/03\/Planta-del-alc\u00e1zar-real-1\u00aa-fase.-Domingo-30-de-abril-de-2017-300x300.jpg 300w\" sizes=\"auto, (max-width: 560px) 100vw, 560px\" \/><\/a><p id=\"caption-attachment-274\" class=\"wp-caption-text\">Planta del Alc\u00e1zar Real, 1\u00aa fase<\/p><\/div>\n<p style=\"text-align: justify\">La segunda es una importante ampliaci\u00f3n del alc\u00e1zar que exigi\u00f3 la demolici\u00f3n de todo el frente septentrional de la antigua fortaleza, diferenci\u00e1ndose de la primera por ser en su totalidad una obra de tapial; como hip\u00f3tesis proponemos que fue Alfonso XI su promotor.<\/p>\n<p style=\"text-align: justify\"><a href=\"https:\/\/blogs.ua.es\/guadalajara\/files\/2014\/03\/5.-Jueves-30-de-junio-de-2011.jpg\"><img loading=\"lazy\" decoding=\"async\" class=\"aligncenter size-full wp-image-272\" src=\"https:\/\/blogs.ua.es\/guadalajara\/files\/2014\/03\/5.-Jueves-30-de-junio-de-2011.jpg\" alt=\"\" width=\"800\" height=\"519\" srcset=\"https:\/\/blogs.ua.es\/guadalajara\/files\/2014\/03\/5.-Jueves-30-de-junio-de-2011.jpg 800w, https:\/\/blogs.ua.es\/guadalajara\/files\/2014\/03\/5.-Jueves-30-de-junio-de-2011-300x195.jpg 300w, https:\/\/blogs.ua.es\/guadalajara\/files\/2014\/03\/5.-Jueves-30-de-junio-de-2011-768x498.jpg 768w\" sizes=\"auto, (max-width: 800px) 100vw, 800px\" \/><\/a><\/p>\n<p style=\"text-align: justify\">La tercera fase s\u00f3lo la hemos identificado en un segundo recinto fortificado que, a modo de antemuro, proteg\u00eda los frentes meridional y occidental de la residencia real que daban al interior de la villa. Lo conservado es una obra de tapial de hormig\u00f3n. La documentaci\u00f3n textual permite atribuirla con bastante seguridad a Enrique IV.<\/p>\n<p style=\"text-align: justify\">No tenemos datos precisos que permitan asegurar con exactitud la cronolog\u00eda de esta fortaleza, aunque pensamos que se trata de una obra de finales del siglo XIII o principios del XIV, pues es a partir del reinado de Sancho IV (1284-1295) cuando percibimos que Guadalajara empieza a ser utilizada m\u00e1s asiduamente como residencia real, especialmente por sus hijos la infanta Isabel y su hermano el futuro rey Fernando IV.<\/p>\n<p style=\"text-align: justify\">En relaci\u00f3n con Sancho IV, Torres comenta que \u201cEl a\u00f1o de 1289 tubo el Rey D. Sancho mucho tiempo su corte en Guadalajara&#8230;\u201d, para m\u00e1s adelante afirmar que en 1291 \u201cD. Jaime 2\u00ba Rey de Arag\u00f3n vino a Guadalajara, donde estaba el Rey D. Sancho&#8230;\u201d. Layna concreta que en \u201coctubre de 1289, estando de temporada en Guadalajara (\u2026) recibi\u00f3 a los embajadores de Felipe el Hermoso rey de Francia&#8230;\u201d. Las estancias de Sancho IV que en una primera b\u00fasqueda documental he podido probar son tres:<\/p>\n<p style=\"text-align: justify\">La primera tuvo lugar en una fecha imprecisa entre 1289 y 1290; la conocemos gracias a su cr\u00f3nica en la que se da noticia de la estancia del rey a ra\u00edz de los conflictos surgidos en Badajoz. La segunda se produce en 1293 y la prueban tres documentos all\u00ed firmados: el primero tiene fecha de 31 de enero \u201c&#8230;en enero de 1293 los reyes fueron a Guadalajara donde pasaron gratos d\u00edas con su hija la Infanta Isabel a quien acompa\u00f1aba su desposado Jaime II de Arag\u00f3n&#8230;\u201d, N\u00fa\u00f1ez comenta que \u201c&#8230;en esta venida del rey don Jaime a Guadalajara, dex\u00f3 un hijo bastardo, que se cri\u00f3 en Bujes, como labrador&#8230;\u201d y los otros dos de febrero, lo que permite proponer una estancia de al menos 5 d\u00edas. De la tercera solamente podemos decir con seguridad que \u201c&#8230;estuvo algunos d\u00edas&#8230;\u201d, poco antes del 25 de abril de 1295; el dato lo transmite Jofre de Loaysa en su cr\u00f3nica, cuando relata el itinerario que sigui\u00f3 el rey hasta llegar a Toledo donde muere; antes se\u00f1ala el cronista que hab\u00eda estado en Guadalajara, Alcal\u00e1 de Henares y Madrid.<\/p>\n<p style=\"text-align: justify\">Acerca del periodo en que la Infanta Isabel, primog\u00e9nita de Sancho IV y de su mujer Mar\u00eda de Molina, habit\u00f3 en Guadalajara -entre finales del siglo XIII y principios del siguiente-, contamos con la valiosa obra de Layna Serrano, donde utiliza una abundante documentaci\u00f3n referida a la Infanta, a Mar\u00eda Fern\u00e1ndez Coronel, su aya, a varios conventos de la villa y, sobre todo, a la informaci\u00f3n aportada por dos de los historiadores m\u00e1s importantes de la ciudad en el siglo XVII, Alonso N\u00fa\u00f1ez de Castro y Francisco de Torres.<\/p>\n<p style=\"text-align: justify\">La infanta nac\u00eda en 1283 y se casaba con el rey de Arag\u00f3n Jaime II, el 1 de diciembre de 1291, cuando contaba con ocho a\u00f1os de edad. En 1295, tras la muerte de su padre Sancho IV, era repudiada por el monarca aragon\u00e9s. En 1296 su madre la reina la envi\u00f3 a \u201c&#8230;la infanta do\u00f1a Isabel \u00e1 Guadalajara&#8230;\u201d, siguiendo un criterio de distribuci\u00f3n estrat\u00e9gica de sus hijos por el reino; la intenci\u00f3n de la reina era que \u201c..por ella (la infanta) fue guardada toda aquella tierra,&#8230;\u201d. Torres comenta que tras la muerte del rey, \u201c&#8230;la Reina D\u00aa Maria para asegurar sus hijas, las Infantas D\u00aa Isabel y D\u00aa Beatriz (\u2026), las ten\u00eda en los Alc\u00e1zares Reales de Guadalajara&#8230;\u201d. Ser\u00e1 nombrada se\u00f1ora de Guadalajara, Hita y Ayll\u00f3n. Gracias a un privilegio, firmado en Guadalajara, sabemos que el 11 de mayo de 1297 est\u00e1 ya en la villa alcarre\u00f1a confirmando los privilegios concedidos por sus antepasados al Cabildo de Cl\u00e9rigos de Guadalajara. El 7 de agosto de 1299 y el 15 de abril de 1300, Do\u00f1a Mar\u00eda Fern\u00e1ndez Coronel, aya de la infanta, se encontraba en Guadalajara comprando tinas casas a favor del convento de Santa Clara, mientras que el 8 de febrero de 1300 es la infanta la que est\u00e1 haciendo donaci\u00f3n a los frailes mercedarios de Guadalajara de una casa.<\/p>\n<p style=\"text-align: justify\">En 1310 se promete al duque de Breta\u00f1a y en 1311 se casa con \u00e9l en Burgos; tras la muerte de su marido regresa a Castilla, pero no a Guadalajara, desmintiendo Layna Serrano a quienes consideran que pas\u00f3 sus \u00faltimos d\u00edas all\u00ed.<\/p>\n<p style=\"text-align: justify\">Con los datos expuestos se puede aformar, sin temor a equivocarse, que Guadalajara fue su residencia habitual durante 15 a\u00f1os, desde 1296 hasta 1311; la elecci\u00f3n de esta villa no le impidi\u00f3 que, en ocasiones, la abandonara para reunirse con sus familiares, as\u00ed lo prueba la cr\u00f3nica de Fernando IV y dos cartas firmadas por ella, en Valladolid, el 5 de julio de 1305 y el 28 de abril de 1306.<\/p>\n<p style=\"text-align: justify\">La Infanta Isabel realiz\u00f3 una importante labor edilicia en Guadalajara. Se le ha atribuido la reconstrucci\u00f3n de los conventos femeninos de San Bernardo y de Santa Clara la Real; fund\u00f3 los masculinos de franciscanos y mercedarios, y erigi\u00f3 el puente del Alam\u00edn frente a la puerta del Postigo, conocido como \u201cpuente de las Infantas\u201d, debido a la participaci\u00f3n de su hermana Beatriz. Lo m\u00e1s interesante es que al parecer estas activas fundadoras residieron en el alc\u00e1zar, seg\u00fan testimonio transmitido por N\u00fa\u00f1ez de Castro: \u201cVivi\u00f3 esta Infanta muchos a\u00f1os en esta ciudad, en compa\u00f1\u00eda de su hermana la Infanta do\u00f1a Beatriz (\u2026) su casa era el Palacio Real de los Reyes&#8230;\u201d, m\u00e1s adelante aclara que el alc\u00e1zar \u201c..entonces era el Palacio Real\u201d.<\/p>\n<p style=\"text-align: justify\">Seg\u00fan la cr\u00f3nica de Fernando IV (1295-1312) sabemos que este monarca pas\u00f3 en Guadalajara un d\u00eda del mes de enero de 1301. Esta informaci\u00f3n aparece en el relato del viaje que emprende el monarca desde Burgos, enviado por su madre con el fin de evitar que el rey de Arag\u00f3n tome Lorca: parti\u00f3 el \u201c&#8230;mi\u00e9rcoles cuatro dias de Enero,&#8230;, \u00e9 non se detovo fasta Alcaraz, salvo un dia en Guadalhajara \u00e9 otro dia en Huepte,&#8230;\u201d.<\/p>\n<p style=\"text-align: justify\">En septiembre de 1304 volv\u00eda a residir en Guadalajara durante el viaje que realiz\u00f3 desde C\u00f3rdoba para reunirse con su madre en Valladolid. Seg\u00fan la cr\u00f3nica, tras pasar por Toledo se desvi\u00f3 hacia Guadalajara, probablemente porque su hermana se encontraba all\u00ed, pues el camino m\u00e1s corto para llegar a Valladolid hubiera sido Madrid y Segovia.<\/p>\n<p style=\"text-align: justify\">Al a\u00f1o siguiente se produce otra visita que conocemos gracias a un documento firmado all\u00ed por el rey con fecha de 29 de enero de 1305; en este caso, la estancia parece que se prolong\u00f3 hasta el mes siguiente, como as\u00ed lo semuestran otros documentos de los d\u00edas 6, 8 y 12 de febrero. Posteriormente partir\u00e1 camino de Almaz\u00e1n, para despu\u00e9s volver a Guadalajara el 14 de marzo seg\u00fan lo prueban dos cartas:; no sabemos cuanto tiempo permaneci\u00f3 en la ciudad, aunque no pudo ser mucho pues el 20 de ese mismo mes ya est\u00e1 en Buitrago. Todo parece indicar que el monarca estuvo en Guadalajara dos veces: la primera fue de cinco d\u00edas al menos, entre los meses de enero y febrero, siempre que aceptemos la hip\u00f3tesis de una estancia continuada entre las dos fechas m\u00e1s distantes (29 de enero y 12 de febrero); de la segunda s\u00f3lo podemos asegurar que estuvo el d\u00eda 14 de marzo.<\/p>\n<p style=\"text-align: justify\">Entre los meses de enero y abril de 1306 se produjo otra estancia que no hay que entenderla reducida a la villa de Guadalajara, pues m\u00e1s bien se trata se una m\u00e1s amplia por tierras alcarre\u00f1as. Sabemos de este viaje con varios meses de antelaci\u00f3n, pues estando el rey en Toro en noviembre de 1305 lo visita su madre rog\u00e1ndole \u201c&#8230;que quisiese llegar a Guadalhajara, \u00e9 esto era el mes de Enero, \u00e9 lleg\u00f3 y el Rey \u00e1 pocos de d\u00edas.\u201d. Una vez establecido el rey en Guadalajara relata la cr\u00f3nica que \u201c&#8230;fabl\u00f3 con la Reina \u00e9 con el infante don Juan&#8230;\u201d. Tal y como estaba previsto se presentan en Guadalajara los nobles que en Salamanca quisieron hablar con \u00e9l: \u201c&#8230;\u00c9 estando el Rey en Guadalhajara, llegaron y don Diego \u00e9 don Juan Alfonso, \u00e9 non quiso el Rey que posasen en la villa, \u00e9 posaron en unas aldeas&#8230;\u201d.<\/p>\n<p style=\"text-align: justify\">En tiempo de los Trast\u00e1mara permaneci\u00f3 en uso, pues sabemos que all\u00ed se celebraron Cortes del Reino en 1390 con Enrique III y en 1408, durante la minor\u00eda de edad de Juan II.<\/p>\n<p style=\"text-align: justify\">En 1444 el rey Juan II hace merced a Don \u00cd\u00f1igo L\u00f3pez de Mendoza de la tenencia del Alc\u00e1zar de Guadalajara, que en 1462 Enrique IV convertir\u00e1 en hereditaria. Posteriormente, ciertas estancias del antiguo Alc\u00e1zar quedar\u00e1n empleadas como sede de la milicia concejil, o destinadas a otros usos p\u00fablicos, como el caso del torre\u00f3n que los Reyes Cat\u00f3licos dedicaron a p\u00f3sito de cereales en 1498, llam\u00e1ndose desde entonces Peso de la Harina. Sabemos que en 1579 estaba ya en estado ruinoso, seg\u00fan se desprende de la descripci\u00f3n contenida en la Relaci\u00f3n que la ciudad envi\u00f3 a Felipe II.<\/p>\n<p style=\"text-align: justify\">Pese a su mal estado, en 1670 el Alc\u00e1zar era utilizado como c\u00e1rcel, al menos nobiliaria, seg\u00fan acredita una carta que el Marqu\u00e9s de Castrofuerte remite al Duque del Infantado sobre su prisi\u00f3n all\u00ed.<\/p>\n<p style=\"text-align: justify\">Cerrado desde el siglo XVI, una vez el Palacio del Infantado se construyera como nueva residencia de la realeza, entra en un proceso de deterioro que se prolongar\u00e1 hasta 1778, cuando Felipe V decide instalar en \u00e9l la ampliaci\u00f3n de la Real F\u00e1brica de Pa\u00f1os con el nombre de F\u00e1brica de Sarguetas de San Carlos; para cumplir con esta finalidad se derrib\u00f3 todo el interior del edificio construyendo dependencias interiores de nueva planta. Tras el cierre de la f\u00e1brica en 1822 fue ocupado sucesivamente por los cuarteles de San Carlos y Santa Isabel (1840-1860), a partir de 1860 permanece s\u00f3lo el de San Carlos; luego Hospital de Col\u00e9ricos y finalmente en 1898 el Colegio de Hu\u00e9rfanos del Ej\u00e9rcito de Tierra hasta que fue bombardeado y quemado en 1936 durante la guerra civil.<\/p>\n<p style=\"text-align: justify\">De la fortaleza medieval s\u00f3lo permanecen hoy en pie sus muros per\u00edmetrales, que presentan numerosas alteraciones, fruto de su larga historia constructiva. Su planta es de tendencia claramente rectangular y mide 72 por 62 m. Tanto las estructuras emergentes de mamposter\u00eda como las de tapial son obra cristiana.<\/p>\n<p style=\"text-align: justify\">Todo el per\u00edmetro del recinto interior presenta f\u00e1brica de mamposter\u00eda careada. La muralla oriental es la m\u00e1s gruesa y la \u00fanica que ha llegado hasta nuestros d\u00edas conservando sus forros. Su excepcionalidad radica tambi\u00e9n en las cinco ventanas que la perforaban, delatando que este lado, a pesar de no abrirse a la ciudad, fue la aut\u00e9ntica fachada del palacio.<\/p>\n<p style=\"text-align: justify\">Al mismo momento constructivo corresponde tambi\u00e9n el basti\u00f3n de puerta meridional que, situado en el centro de ese lateral, tiene su frente de 13,50 m. y se proyecta unos 8,40 m. hacia el sur. El muro que lo conforma tiene un espesor de 3,10 m., es una obra de mamposter\u00eda con esquinas reforzadas con sillares de piedra.<\/p>\n<p style=\"text-align: justify\">El recinto tendr\u00eda por puerta principal de ingreso la estructura denominada Peso de la Harina, cuya planta recoge el trazado de una puerta de acceso directo, flanqueada al exterior por dos cubos gemelos.<\/p>\n<p style=\"text-align: justify\">La muralla oriental que da al barranco del Alam\u00edn es la \u00fanica que recibi\u00f3 cierto tratamiento de fachada y prueba de ello es que se le abrieron seis vanos y que al menos dos de ellos presentan un importante tratamiento ornamental. Esta cruj\u00eda cont\u00f3 con una planta m\u00e1s a modo de criptop\u00f3rtico abovedado, que se construy\u00f3 con la finalidad de salvar el desnivel natural de la ladera del barranco del Alam\u00edn.<\/p>\n<p style=\"text-align: justify\"><a href=\"https:\/\/blogs.ua.es\/guadalajara\/files\/2014\/03\/Alcazar.-Jueves-30-de-junio-de-2011.jpg\"><img loading=\"lazy\" decoding=\"async\" class=\"aligncenter size-full wp-image-214\" src=\"https:\/\/blogs.ua.es\/guadalajara\/files\/2014\/03\/Alcazar.-Jueves-30-de-junio-de-2011.jpg\" alt=\"Alc\u00e1zar Real\" width=\"800\" height=\"525\" srcset=\"https:\/\/blogs.ua.es\/guadalajara\/files\/2014\/03\/Alcazar.-Jueves-30-de-junio-de-2011.jpg 800w, https:\/\/blogs.ua.es\/guadalajara\/files\/2014\/03\/Alcazar.-Jueves-30-de-junio-de-2011-300x196.jpg 300w\" sizes=\"auto, (max-width: 800px) 100vw, 800px\" \/><\/a><\/p>\n<p style=\"text-align: justify\">Alc\u00e1zar real dando al barranco del Alam\u00edn. (Guadalajara, Guadalajara). Fuente: CEFIHGU.<\/p>\n<p style=\"text-align: justify\"><a href=\"https:\/\/blogs.ua.es\/guadalajara\/files\/2014\/03\/Puerta-del-Sol.jpg\"><img loading=\"lazy\" decoding=\"async\" class=\"aligncenter size-full wp-image-215\" src=\"https:\/\/blogs.ua.es\/guadalajara\/files\/2014\/03\/Puerta-del-Sol.jpg\" alt=\"Puerta del Sol\" width=\"500\" height=\"377\" srcset=\"https:\/\/blogs.ua.es\/guadalajara\/files\/2014\/03\/Puerta-del-Sol.jpg 500w, https:\/\/blogs.ua.es\/guadalajara\/files\/2014\/03\/Puerta-del-Sol-300x226.jpg 300w\" sizes=\"auto, (max-width: 500px) 100vw, 500px\" \/><\/a><\/p>\n<p style=\"text-align: justify\">Puerta del Sol. Tuv\u00f3 un arco de herradura apuntado al igual que la concatedral de Santa Mar\u00eda de la Fuente, seg\u00fan Pedro J. Pradillo y Esteban. (Guadalajara, Guadalajara). 27 de marzo de 2010, Cristina Gonzalo Herreros.<\/p>\n<p style=\"text-align: justify\">En la torre central se la fachada norte se aloja una sala tipo qubba (8,70 por 8,80 m.). Precediendo a la qubba encontramos el sal\u00f3n principal que adopta la habitual planta oblonga con alhan\u00edas en sus extremos.<\/p>\n<p style=\"text-align: justify\">Actualmente, est\u00e1 declarado Bien de Inter\u00e9s Cultural (BIC) por la Disposici\u00f3n Adicional Segunda de la ley 16\/1985 de 25 de junio del Patrimonio Hist\u00f3rico Espa\u00f1ol, que ratifica el Decreto de 22 de abril de 1949, en virtud del cual se dotaba a los castillos y murallas espa\u00f1oles del m\u00e1ximo grado de protecci\u00f3n.<\/p>\n<p style=\"text-align: justify\">Se realizaron campa\u00f1as arqueol\u00f3gicas cortas en junio de 1998, 2000, noviembre 2004-abril 2005, agosto 2005-diciembre 2005, julio 2006-febrero 2007.<\/p>\n<p style=\"text-align: justify\"><!-- @page { margin: 2cm } P { margin-bottom: 0.21cm } --><\/p>\n<p align=\"JUSTIFY\"><span style=\"font-family: Times New Roman,serif\"><span style=\"font-size: medium\">Navarro Palaz\u00f3n, Julio: <i>El alc\u00e1zar real de Guadalajara. Un nuevo cap\u00edtulo de la arquitectura bajomedieval espa\u00f1ola<\/i>. Escuela de Estudios \u00c1rabes de Granada, CSIC.<\/span><\/span><\/p>\n","protected":false},"excerpt":{"rendered":"<p>Las ruinas del Alc\u00e1zar Real de Guadalajara se encuentran en las inmediaciones del palacio del Infantado, frente a la iglesia del desaparecido convento de monjas jer\u00f3nimas de Nuestra Se\u00f1ora de los Remedios. Su emplazamiento siempre estuvo condicionado por el camino &hellip; <a href=\"https:\/\/blogs.ua.es\/guadalajara\/alcazar-real\/\">Continue reading <span class=\"meta-nav\">&rarr;<\/span><\/a><\/p>\n","protected":false},"author":1930,"featured_media":0,"parent":0,"menu_order":0,"comment_status":"open","ping_status":"open","template":"","meta":{"footnotes":""},"class_list":["post-213","page","type-page","status-publish","hentry"],"_links":{"self":[{"href":"https:\/\/blogs.ua.es\/guadalajara\/wp-json\/wp\/v2\/pages\/213","targetHints":{"allow":["GET"]}}],"collection":[{"href":"https:\/\/blogs.ua.es\/guadalajara\/wp-json\/wp\/v2\/pages"}],"about":[{"href":"https:\/\/blogs.ua.es\/guadalajara\/wp-json\/wp\/v2\/types\/page"}],"author":[{"embeddable":true,"href":"https:\/\/blogs.ua.es\/guadalajara\/wp-json\/wp\/v2\/users\/1930"}],"replies":[{"embeddable":true,"href":"https:\/\/blogs.ua.es\/guadalajara\/wp-json\/wp\/v2\/comments?post=213"}],"version-history":[{"count":6,"href":"https:\/\/blogs.ua.es\/guadalajara\/wp-json\/wp\/v2\/pages\/213\/revisions"}],"predecessor-version":[{"id":324,"href":"https:\/\/blogs.ua.es\/guadalajara\/wp-json\/wp\/v2\/pages\/213\/revisions\/324"}],"wp:attachment":[{"href":"https:\/\/blogs.ua.es\/guadalajara\/wp-json\/wp\/v2\/media?parent=213"}],"curies":[{"name":"wp","href":"https:\/\/api.w.org\/{rel}","templated":true}]}}