{"id":222,"date":"2014-07-15T11:28:04","date_gmt":"2014-07-15T09:28:04","guid":{"rendered":"https:\/\/blogs.ua.es\/guadalajara\/?page_id=222"},"modified":"2017-05-10T18:20:01","modified_gmt":"2017-05-10T17:20:01","slug":"palacio-del-infantado","status":"publish","type":"page","link":"https:\/\/blogs.ua.es\/guadalajara\/palacio-del-infantado\/","title":{"rendered":"Palacio del Infantado"},"content":{"rendered":"<p>&nbsp;<\/p>\n<p align=\"JUSTIFY\"><span style=\"font-family: Arial;font-size: medium\">Se trata de un edificio cuadrado en torno a un patio. El patio, conocido como \u201cpatio de los leones\u201d, se articula en dos alturas, con arcos mixtil\u00edneos que se apoyan en columnas de fuste retorcido o helicoidal, en el piso superior, y columnas de fuste liso, cambiadas en el siglo XVII, en el piso inferior. Sobre los arcos, toda la decoraci\u00f3n de leones y grifos acompa\u00f1an a los escudos y s\u00edmbolos de la familia promotora del edificio.<\/span><\/p>\n<p align=\"JUSTIFY\"><span style=\"font-family: Arial;font-size: medium\">El conjunto de la fachada monumental, cuyos paramentos est\u00e1n tachonados de p\u00e9treos clavos sembrados al tresbolillo; la galer\u00eda, hoy cegada, corona el largo muro recordando el encaje de g\u00f3tica cresteria, volada sobre salediza cornisa de aspecto estalact\u00edtico interrumpida a trechos por p\u00falpitos o garitones del mismo estilo. La puerta monumental, cuyo arco ojivo festonea decorativa leyenda g\u00f3tica, mientras la luz del mismo est\u00e1 ocupada por blasones nobiliarios y complicadas tracer\u00edas. <\/span><\/p>\n<p align=\"JUSTIFY\"><span style=\"font-family: Arial\">El palacio de los Duques del Infantado fue creado por el segundo duque Don I\u00f1igo L\u00f3pez de Mendoza, cuando en el a\u00f1o 1480 decidi\u00f3 derribar las casas principales que levant\u00f3 el primer Mendoza alcarre\u00f1o, don Pero Gonz\u00e1lez, en el siglo XIV, para construir el nuevo palacio de la familia.<\/span><\/p>\n<p align=\"JUSTIFY\"><span style=\"font-family: Arial\">Es claro ejemplo del g\u00f3tico civil y de palacio urbano de este momento. Representa la simbiosis entre el g\u00f3tico isabelino y el manierismo renacentista.<\/span><\/p>\n<p align=\"JUSTIFY\"><span style=\"font-family: Arial\">El proyecto y la direcci\u00f3n de las obras fueron encargadas, por el segundo duque, al arquitecto Juan Guas, nacido en Borgo\u00f1a y muerto en Toledo, en el a\u00f1o 1496. Su intervenci\u00f3n se centra de 1480 a 1483, a\u00f1o en que se termin\u00f3 el grueso de la obra arquitect\u00f3nica, la fachada y el patio, dejando acabadas las partes m\u00e1s nobles y trabajadas del edificio. En esa \u00e9poca colabor\u00f3 en la construcci\u00f3n de la fachada y el patio, el decorador y tallista Egas Cueman, nacido en los Pa\u00edses Bajos. <\/span><\/p>\n<p align=\"JUSTIFY\"><span style=\"font-family: Arial\">Al terminar Juan Guas su per\u00edodo de trabajo en el palacio, se hace cargo de las obras de la f\u00e1brica del Palacio desde 1484 hasta 1497; haciendo tambi\u00e9n de contratista y ejecutor de las obras de alba\u00f1iler\u00eda, de dise\u00f1ador y, tallista de los frisos, de arquitecto del edificio de las caballerizas, de emsamblador de artesonados, siendo tambi\u00e9n responsable de la traza y direcci\u00f3n de la doble arquer\u00eda que da sobre el jard\u00edn del Palacio.<\/span><\/p>\n<p align=\"JUSTIFY\"><span style=\"font-family: Arial;font-size: medium\">La incripci\u00f3n del sal\u00f3n de Cazadores como en la de Linajes, ley\u00f3 que el palacio se acab\u00f3 de edificar en 1492. <\/span><\/p>\n<p align=\"JUSTIFY\"><span style=\"font-family: Arial\">A parte de los intervinientes ya descritos hay otros muchos maestros y artesanos que colaboraron en la construcci\u00f3n y ornamento del Palacio, la mayor\u00eda moriscos, siendo de destacar: Al\u00ed Pullate, que levanta pilares en la caballeriza y se encarga de la tra\u00edda de aguas al palacio; Mohamad Sillero, que acopla en algunas salas bajas, determinados artesonados tra\u00eddos de otros lugares, y coloca otros nuevos, todos ellos de estilo m\u00fadejar; Bartolom\u00e9 Cherino, coloc\u00f3 y ampli\u00f3 la cubierta de madera de las galer\u00edas de poniente, y reform\u00f3 los artesonados de otros salones; Abras Lancero de Chiloeches y Mohamad de Daganzo fueron los maestros rejeros y el alcarre\u00f1o Yhacaf de Palomares y el alcala\u00edno Abderram\u00e1n los maestros azulejeros. De los frisos de algunos artesonados,ya desaparecidos, y de <span style=\"font-size: medium\">la fachada de poniente, tambi\u00e9n conocida como Galer\u00eda del Estanque o del Jard\u00edn <\/span>fue dise\u00f1ador y ejecutor material Lorenzo de Trillo, ayudado por los alcarre\u00f1os Jorge de C\u00f3rdoba, Alfonso D\u00edaz de Berlanga, y los toledanos Miguel S\u00e1nchez y Bartolom\u00e9 Garc\u00eda. Estos frisos y los artesonados fueron pintados y dorados por los pintores Luis de Ribera, Diego de Ribera, Pedro de Zamora, Sancho de Zamora y Juan de Segovia; todos ellos residentes en Guadalajara. <\/span><\/p>\n<p align=\"JUSTIFY\"><span style=\"font-family: Arial\">Posteriormente, el tercer duque del Infantado, don Diego Hurtado de Mendoza se dedic\u00f3 al aumento de ornamentaci\u00f3n del interior del edificio y, a la incorporaci\u00f3n de muebles; tambi\u00e9n, en la \u00faltima etapa de su vida transform\u00f3 el sal\u00f3n de Linajes en capilla.<\/span><\/p>\n<p align=\"JUSTIFY\"><span style=\"font-family: Arial\">Pero se debe al quinto duque, don I\u00f1igo L\u00f3pez de Mendoza, la reforma de mayor envergadura, a partir de 1570, encarg\u00e1ndoselas al maestro de obras y contratista Acacio de Orej\u00f3n.<\/span><\/p>\n<p align=\"JUSTIFY\"><span style=\"font-family: Arial\">Consistieron estas obras en aumentar el n\u00famero de habitaciones, reduciendo el tama\u00f1o de las existentes, e incluso haciendo dos pisos en el espacio que ocupaba la planta baja de la fachada, la m\u00e1s noble, quit\u00e1ndose artesonados, elimin\u00e1ndose decoraciones y sistemas de riego en dichas habitaciones, y abri\u00e9ndose, finalmente una serie de ventanas, ventanucos, balconadas y puerta sobre la fachada principal del edificio, que alteraron su imagen original g\u00f3tico-m\u00fadejar, introduciendo en la fachada el estilo herreriano. Tambi\u00e9n construy\u00f3 el llamado arco de los Perdigones que comunicaba la zona este del Palacio con la iglesia parroquial de Santiago, para que los habitantes de la casa pudieran acudir a las funciones religiosas sin tener que salir al exterior.<\/span><\/p>\n<p align=\"JUSTIFY\"><span style=\"font-family: Arial\">Los artesanos intervinientes en las obras de reforma del quinto Duque son los maestros de canter\u00eda y entalladores Pedro de Riibera, Juan Salba, Pedro de Medinilla, Juan S\u00e1nchez y Juan de Ballesteros; las nuevas rejas se encargaron a Crist\u00f3bal de la Plaza y las diversas obras de madera fueron realizadas por Gaspar de Yebes, Alonso de Bustares, Sebasti\u00e1n D\u00edaz y Juan del Arco. Las nuevas chimeneas de las salas bajas se deben a los artistas italianos Juan Bautista de G\u00e9nova y Domingo Milan\u00e9s, maestros marmoleros.<\/span><\/p>\n<p align=\"JUSTIFY\"><span style=\"font-family: Arial\">Para la decoraci\u00f3n de las nuevas salas de planta baja, se cont\u00f3 con la intervenci\u00f3n pict\u00f3rica de R\u00f3mulo Cincinato, quien en los a\u00f1os de 1578 a 1580 decor\u00f3 algunas salas bajas de forma manierista con abundante utilizaci\u00f3n del tema mitol\u00f3gico y con decoraci\u00f3n de grutescos. Igualmente traz\u00f3 los dise\u00f1os para los alicatados y cer\u00e1micas que entonces se pusieron en salas y galer\u00edas.<\/span><\/p>\n<p align=\"JUSTIFY\"><span style=\"font-family: Arial;font-size: medium\">En \u00e9l se aposent\u00f3 cautivo el rey de Francia Francisco I.<\/span><\/p>\n<p align=\"JUSTIFY\"><span style=\"font-family: Arial\">A comienzos del siglo XVII, la sexta duquesa, do\u00f1a Ana de Mendoza a\u00f1adi\u00f3 al Palacio su cuerpo oriental, m\u00e1s estrecho de c\u00f3mo hoy se puede observar, pues la iglesia parroquial de Santiago estaba tan pr\u00f3xima, que el callej\u00f3n de los Toros, que separaba las dos edificaciones no pod\u00eda ser m\u00e1s estrecho y, la torre que se elevaba sobre el extremo norte de la fachada fue eliminada.<\/span><\/p>\n<p align=\"JUSTIFY\"><span style=\"font-family: Arial\">Tras la sexta duquesa, los sucesivos duques del Infantado, trasladaron su residencia a la Corte, en Madrid, a finales del siglo XVII, dejando deshabitado el Palacio.<\/span><\/p>\n<p align=\"JUSTIFY\"><span style=\"font-family: Arial;font-size: medium\">Fue sede del Museo Arqueol\u00f3gico Provincial de Guadalajara entre 1873 y 1898.<\/span><\/p>\n<p align=\"JUSTIFY\"><span style=\"font-family: Arial\"><span style=\"font-size: medium\">El 21 de julio de <\/span>1878, el duque de Osuna e Infantado, don Mariano T\u00e9llez-Gir\u00f3n y Beaufort, realiz\u00f3 una venta-donaci\u00f3n al Ministerio de la Guerra, para que se intalara en el palacio el Colegio de Hu\u00e9rfanos de la Guerra. De las 750.000 pesetas en que fue tasado el edificio, la mitad fue donaci\u00f3n del duque, que conservaba de todos modos el derecho de retroventa si el Ministerio citado dejaba alg\u00fan d\u00eda de emplear el edificio para el fin que propon\u00eda. La otra mitad del importe fue pagada entre el Ayuntamiento de la ciudad de Guadalajara, que puso 250.000 pesetas, y el Consejo de la Caja de Hu\u00e9rfanos de la Guerra, que aport\u00f3 125.000.<\/span><\/p>\n<p align=\"JUSTIFY\"><span style=\"font-size: medium\"><cite><span style=\"color: #000000;font-family: Arial\">En 1909, y con objeto de mejor acondicionarlo para el colegio de Hu\u00e9rfanos de la Guerra, que en su interior funcionaba desde 1879, se ampli\u00f3 el pabell\u00f3n del este construido por la sexta duquesa, y se coloc\u00f3 jardincillo delante de la fachada, con arbolada y, corrido poyete rematado en verja de hierro, tras ser derribada la Iglesia de Santiago. Tambi\u00e9n se levant\u00f3 un pabell\u00f3n a la derecha de esta fachada, como ampliaci\u00f3n del Colegio. El director de estas obras de remodelaci\u00f3n fue el arquitecto Ricardo Vel\u00e1zquez Bosco.<\/span><\/cite><\/span><\/p>\n<p align=\"JUSTIFY\"><span style=\"font-size: small\"><cite><span style=\"color: #000000\"><span style=\"font-family: Arial;font-size: medium\"><em>En diciembre de 1936 es bombardeado y se produj\u00f3 un incendio. Fue sede de la Biblioteca P\u00fablica del Estado de Guadalajara desde 1972 hasta 2004.<\/em> <\/span><\/span><\/cite><\/span><\/p>\n<div id=\"attachment_295\" style=\"width: 310px\" class=\"wp-caption aligncenter\"><a href=\"https:\/\/blogs.ua.es\/guadalajara\/files\/2014\/07\/Patio-de-los-Leones.-Lunes-8-de-mayo-de-2017.jpg\"><img loading=\"lazy\" decoding=\"async\" aria-describedby=\"caption-attachment-295\" class=\"wp-image-295 size-medium\" src=\"https:\/\/blogs.ua.es\/guadalajara\/files\/2014\/07\/Patio-de-los-Leones.-Lunes-8-de-mayo-de-2017-300x225.jpg\" width=\"300\" height=\"225\" srcset=\"https:\/\/blogs.ua.es\/guadalajara\/files\/2014\/07\/Patio-de-los-Leones.-Lunes-8-de-mayo-de-2017-300x225.jpg 300w, https:\/\/blogs.ua.es\/guadalajara\/files\/2014\/07\/Patio-de-los-Leones.-Lunes-8-de-mayo-de-2017-768x577.jpg 768w, https:\/\/blogs.ua.es\/guadalajara\/files\/2014\/07\/Patio-de-los-Leones.-Lunes-8-de-mayo-de-2017.jpg 958w\" sizes=\"auto, (max-width: 300px) 100vw, 300px\" \/><\/a><p id=\"caption-attachment-295\" class=\"wp-caption-text\">Patio de los Leones, palacio del Infantado. 9 de abril de 2012, Cristina Gonzalo Herreros.<\/p><\/div>\n<div id=\"attachment_297\" style=\"width: 310px\" class=\"wp-caption aligncenter\"><a href=\"https:\/\/blogs.ua.es\/guadalajara\/files\/2014\/07\/Patio-de-los-Leones-2.-Lunes-8-de-mayo-de-2017.jpg\"><img loading=\"lazy\" decoding=\"async\" aria-describedby=\"caption-attachment-297\" class=\"size-medium wp-image-297\" src=\"https:\/\/blogs.ua.es\/guadalajara\/files\/2014\/07\/Patio-de-los-Leones-2.-Lunes-8-de-mayo-de-2017-300x226.jpg\" alt=\"\" width=\"300\" height=\"226\" srcset=\"https:\/\/blogs.ua.es\/guadalajara\/files\/2014\/07\/Patio-de-los-Leones-2.-Lunes-8-de-mayo-de-2017-300x226.jpg 300w, https:\/\/blogs.ua.es\/guadalajara\/files\/2014\/07\/Patio-de-los-Leones-2.-Lunes-8-de-mayo-de-2017-768x578.jpg 768w, https:\/\/blogs.ua.es\/guadalajara\/files\/2014\/07\/Patio-de-los-Leones-2.-Lunes-8-de-mayo-de-2017.jpg 958w\" sizes=\"auto, (max-width: 300px) 100vw, 300px\" \/><\/a><p id=\"caption-attachment-297\" class=\"wp-caption-text\">Patio de los Leones, palacio del Infantado. (Guadalajara). 9 de abril de 2012, Cristina Gonzalo Herreros.<\/p><\/div>\n<div id=\"attachment_299\" style=\"width: 310px\" class=\"wp-caption aligncenter\"><a href=\"https:\/\/blogs.ua.es\/guadalajara\/files\/2014\/07\/Palacio-del-Infantado.-Lunes-8-de-mayo-de-2017.jpg\"><img loading=\"lazy\" decoding=\"async\" aria-describedby=\"caption-attachment-299\" class=\"size-medium wp-image-299\" src=\"https:\/\/blogs.ua.es\/guadalajara\/files\/2014\/07\/Palacio-del-Infantado.-Lunes-8-de-mayo-de-2017-300x206.jpg\" alt=\"\" width=\"300\" height=\"206\" srcset=\"https:\/\/blogs.ua.es\/guadalajara\/files\/2014\/07\/Palacio-del-Infantado.-Lunes-8-de-mayo-de-2017-300x206.jpg 300w, https:\/\/blogs.ua.es\/guadalajara\/files\/2014\/07\/Palacio-del-Infantado.-Lunes-8-de-mayo-de-2017.jpg 628w\" sizes=\"auto, (max-width: 300px) 100vw, 300px\" \/><\/a><p id=\"caption-attachment-299\" class=\"wp-caption-text\">Recontrucci\u00f3n ideal de la fachada del palacio del Infantado, en el momento de su contrucci\u00f3n a finales del siglo XV.<\/p><\/div>\n<div id=\"attachment_301\" style=\"width: 310px\" class=\"wp-caption aligncenter\"><a href=\"https:\/\/blogs.ua.es\/guadalajara\/files\/2014\/07\/Palacio-del-Infantado.-Mi\u00e9rcoles-10-de-mayo-de-2017.jpg\"><img loading=\"lazy\" decoding=\"async\" aria-describedby=\"caption-attachment-301\" class=\"size-medium wp-image-301\" src=\"https:\/\/blogs.ua.es\/guadalajara\/files\/2014\/07\/Palacio-del-Infantado.-Mi\u00e9rcoles-10-de-mayo-de-2017-300x226.jpg\" alt=\"\" width=\"300\" height=\"226\" srcset=\"https:\/\/blogs.ua.es\/guadalajara\/files\/2014\/07\/Palacio-del-Infantado.-Mi\u00e9rcoles-10-de-mayo-de-2017-300x226.jpg 300w, https:\/\/blogs.ua.es\/guadalajara\/files\/2014\/07\/Palacio-del-Infantado.-Mi\u00e9rcoles-10-de-mayo-de-2017-768x578.jpg 768w, https:\/\/blogs.ua.es\/guadalajara\/files\/2014\/07\/Palacio-del-Infantado.-Mi\u00e9rcoles-10-de-mayo-de-2017.jpg 958w\" sizes=\"auto, (max-width: 300px) 100vw, 300px\" \/><\/a><p id=\"caption-attachment-301\" class=\"wp-caption-text\">Palacio de los Duques del Infantado en Guadalajara. Genaro, P\u00e9rez Villaamil, 1842. Espa\u00f1a art\u00edstica y monumental. Vistas y descripciones de los sitios y monumentos m\u00e1s notables de Espa\u00f1a. Par\u00eds.<\/p><\/div>\n","protected":false},"excerpt":{"rendered":"<p>&nbsp; Se trata de un edificio cuadrado en torno a un patio. El patio, conocido como \u201cpatio de los leones\u201d, se articula en dos alturas, con arcos mixtil\u00edneos que se apoyan en columnas de fuste retorcido o helicoidal, en el &hellip; <a href=\"https:\/\/blogs.ua.es\/guadalajara\/palacio-del-infantado\/\">Continue reading <span class=\"meta-nav\">&rarr;<\/span><\/a><\/p>\n","protected":false},"author":1930,"featured_media":0,"parent":0,"menu_order":0,"comment_status":"open","ping_status":"open","template":"","meta":{"footnotes":""},"class_list":["post-222","page","type-page","status-publish","hentry"],"_links":{"self":[{"href":"https:\/\/blogs.ua.es\/guadalajara\/wp-json\/wp\/v2\/pages\/222","targetHints":{"allow":["GET"]}}],"collection":[{"href":"https:\/\/blogs.ua.es\/guadalajara\/wp-json\/wp\/v2\/pages"}],"about":[{"href":"https:\/\/blogs.ua.es\/guadalajara\/wp-json\/wp\/v2\/types\/page"}],"author":[{"embeddable":true,"href":"https:\/\/blogs.ua.es\/guadalajara\/wp-json\/wp\/v2\/users\/1930"}],"replies":[{"embeddable":true,"href":"https:\/\/blogs.ua.es\/guadalajara\/wp-json\/wp\/v2\/comments?post=222"}],"version-history":[{"count":6,"href":"https:\/\/blogs.ua.es\/guadalajara\/wp-json\/wp\/v2\/pages\/222\/revisions"}],"predecessor-version":[{"id":302,"href":"https:\/\/blogs.ua.es\/guadalajara\/wp-json\/wp\/v2\/pages\/222\/revisions\/302"}],"wp:attachment":[{"href":"https:\/\/blogs.ua.es\/guadalajara\/wp-json\/wp\/v2\/media?parent=222"}],"curies":[{"name":"wp","href":"https:\/\/api.w.org\/{rel}","templated":true}]}}