{"id":312,"date":"2017-09-17T12:24:13","date_gmt":"2017-09-17T11:24:13","guid":{"rendered":"https:\/\/blogs.ua.es\/guadalajara\/?page_id=312"},"modified":"2017-09-18T11:23:09","modified_gmt":"2017-09-18T10:23:09","slug":"concatedral-de-santa-maria-de-la-fuente","status":"publish","type":"page","link":"https:\/\/blogs.ua.es\/guadalajara\/concatedral-de-santa-maria-de-la-fuente\/","title":{"rendered":"Concatedral de Santa Mar\u00eda de la Fuente"},"content":{"rendered":"<p align=\"JUSTIFY\">Santa Mar\u00eda de la Fuente la Mayor, como as\u00ed se la denominaba por tener frente a ella y junto al palacio del Cardenal Mendoza una fuente de buenas aguas, es una de las diez parroquias que existieron en Guadalajara desde la Baja Edad Media. En el siglo XV estaba considerada como la iglesia m\u00e1s importante de la ciudad, hasta el punto de que el Gran Cardenal, Pedro Gonz\u00e1lez de Mendoza, solicit\u00f3 y obtuvo del papa Sixto IV (1478) la consideraci\u00f3n de iglesia colegiata. Ya en el siglo XX, en 1959, Santa Mar\u00eda fue elevada a Concatedral, al tener la di\u00f3cesis una doble capitalidad y contar el obispo con dos sedes.<\/p>\n<div id=\"attachment_317\" style=\"width: 310px\" class=\"wp-caption aligncenter\"><a href=\"https:\/\/blogs.ua.es\/guadalajara\/files\/2017\/09\/Concatedral-de-Santa-Mar\u00eda-de-la-Fuente.-Lunes-18-de-septiembre-de-2017.jpg\"><img loading=\"lazy\" decoding=\"async\" aria-describedby=\"caption-attachment-317\" class=\"wp-image-317 size-medium\" src=\"https:\/\/blogs.ua.es\/guadalajara\/files\/2017\/09\/Concatedral-de-Santa-Mar\u00eda-de-la-Fuente.-Lunes-18-de-septiembre-de-2017-300x225.jpg\" alt=\"\" width=\"300\" height=\"225\" srcset=\"https:\/\/blogs.ua.es\/guadalajara\/files\/2017\/09\/Concatedral-de-Santa-Mar\u00eda-de-la-Fuente.-Lunes-18-de-septiembre-de-2017-300x225.jpg 300w, https:\/\/blogs.ua.es\/guadalajara\/files\/2017\/09\/Concatedral-de-Santa-Mar\u00eda-de-la-Fuente.-Lunes-18-de-septiembre-de-2017-768x575.jpg 768w, https:\/\/blogs.ua.es\/guadalajara\/files\/2017\/09\/Concatedral-de-Santa-Mar\u00eda-de-la-Fuente.-Lunes-18-de-septiembre-de-2017.jpg 961w\" sizes=\"auto, (max-width: 300px) 100vw, 300px\" \/><\/a><p id=\"caption-attachment-317\" class=\"wp-caption-text\">Concatedral de Santa Mar\u00eda de la Fuente. 9 de abril de 2012, Cristina Gonzalo Herreros.<\/p><\/div>\n<p align=\"JUSTIFY\">La construcci\u00f3n actual siglos XIII-XIV, edificada sobre una antigua iglesia rom\u00e1nica, es uno de los ejemplos m\u00e1s notables del m\u00fadejar toledano, siendo el ladrillo y el mampuesto sus materiales m\u00e1s empleados. Su exterior nos muestra tres magn\u00edficas puertas mud\u00e9jares de entrada al templo. La puerta principal, conocida como \u201cPuerta de los novios\u201d, por abrirse en ocasiones especiales -como era la celebraci\u00f3n de una boda-, se halla situada a los pies de la iglesia; presenta un arco de herradura apuntado, situado sobre imposta de piedra, con el caracter\u00edstico trasd\u00f3s descentrado. El arco se compone de 75 dovelas de ladrillo que de forma alterna aparecen rehundidas y salidas \u201ccon fajilla lisa o rebaba en el intrad\u00f3s\u201d, de clara influencia almohade. A estos detalles, se unen otros que denotan su procedencia nazar\u00ed, como la utilizaci\u00f3n de material cer\u00e1mico de color verde en las dovelas rehundidas que aparecen en el dindel superior.<\/p>\n<div id=\"attachment_318\" style=\"width: 310px\" class=\"wp-caption aligncenter\"><a href=\"https:\/\/blogs.ua.es\/guadalajara\/files\/2017\/09\/Concatedral-de-Santa-Mar\u00eda-de-la-Fuente.-Lunes-18-de-septiembre-de-2017-2.jpg\"><img loading=\"lazy\" decoding=\"async\" aria-describedby=\"caption-attachment-318\" class=\"wp-image-318 size-medium\" src=\"https:\/\/blogs.ua.es\/guadalajara\/files\/2017\/09\/Concatedral-de-Santa-Mar\u00eda-de-la-Fuente.-Lunes-18-de-septiembre-de-2017-2-300x226.jpg\" alt=\"\" width=\"300\" height=\"226\" srcset=\"https:\/\/blogs.ua.es\/guadalajara\/files\/2017\/09\/Concatedral-de-Santa-Mar\u00eda-de-la-Fuente.-Lunes-18-de-septiembre-de-2017-2-300x226.jpg 300w, https:\/\/blogs.ua.es\/guadalajara\/files\/2017\/09\/Concatedral-de-Santa-Mar\u00eda-de-la-Fuente.-Lunes-18-de-septiembre-de-2017-2-768x578.jpg 768w, https:\/\/blogs.ua.es\/guadalajara\/files\/2017\/09\/Concatedral-de-Santa-Mar\u00eda-de-la-Fuente.-Lunes-18-de-septiembre-de-2017-2.jpg 956w\" sizes=\"auto, (max-width: 300px) 100vw, 300px\" \/><\/a><p id=\"caption-attachment-318\" class=\"wp-caption-text\">&#8220;Puerta de los Novios&#8221; de la Concatedral de Santa Mar\u00eda de la Fuente. 9 de abril de 2012, Cristina Gonzalo Herreros.<\/p><\/div>\n<p align=\"JUSTIFY\">La portada de la fachada meridional de Santa Mar\u00eda ofrece el mismo esquema que la anterior, con la novedad de que sustituye el dindel adovelado por tres ventanas con arcos de herradura apuntados, copiando los modelos mud\u00e9jares de San Andr\u00e9s y Santiago del Arrabal, ambas en Toledo. La tercera puerta, que daba acceso a la antigua sacrist\u00eda, hoy en d\u00eda cegada, repite la misma estructura que la puerta de la fachada principal; existen razonables duda de que \u00e9sta fuera levantada en el siglo XIV, como las otras.<\/p>\n<div id=\"attachment_320\" style=\"width: 310px\" class=\"wp-caption aligncenter\"><a href=\"https:\/\/blogs.ua.es\/guadalajara\/files\/2017\/09\/Concatedral-de-Santa-Mar\u00eda-de-la-Fuente.-Lunes-18-de-septiembre-de-2017-4.jpg\"><img loading=\"lazy\" decoding=\"async\" aria-describedby=\"caption-attachment-320\" class=\"wp-image-320 size-medium\" src=\"https:\/\/blogs.ua.es\/guadalajara\/files\/2017\/09\/Concatedral-de-Santa-Mar\u00eda-de-la-Fuente.-Lunes-18-de-septiembre-de-2017-4-300x225.jpg\" alt=\"\" width=\"300\" height=\"225\" srcset=\"https:\/\/blogs.ua.es\/guadalajara\/files\/2017\/09\/Concatedral-de-Santa-Mar\u00eda-de-la-Fuente.-Lunes-18-de-septiembre-de-2017-4-300x225.jpg 300w, https:\/\/blogs.ua.es\/guadalajara\/files\/2017\/09\/Concatedral-de-Santa-Mar\u00eda-de-la-Fuente.-Lunes-18-de-septiembre-de-2017-4-768x577.jpg 768w, https:\/\/blogs.ua.es\/guadalajara\/files\/2017\/09\/Concatedral-de-Santa-Mar\u00eda-de-la-Fuente.-Lunes-18-de-septiembre-de-2017-4.jpg 960w\" sizes=\"auto, (max-width: 300px) 100vw, 300px\" \/><\/a><p id=\"caption-attachment-320\" class=\"wp-caption-text\">Portada de la fachada meriodional. 9 de abril de 2012, Cristina Gonzalo Herreros.<\/p><\/div>\n<p align=\"JUSTIFY\">Asimismo, es m\u00fadejar su esbelta torre campanario, construida de ladrillo. A finales del siglo XVI sufri\u00f3 ligeras transformaciones, siendo la principal, la colocaci\u00f3n, de un chapitel, apoyado en un alero, compuesto de modillones de cinco ladrillos escalonados. Sin duda alguna, es \u00e9ste uno de los s\u00edmbolos m\u00e1s emblem\u00e1ticos y destacados de Guadalajara, adem\u00e1s, de ser considerada como una de las manifestaciones arquitect\u00f3nicas m\u00e1s importantes de la iglesia. El templo se encuentra rodeado, por sus caras norte y este, de una estilizada galer\u00eda del denominado renacimieto alcarre\u00f1o, de principios del siglo XVI.<\/p>\n<p align=\"JUSTIFY\"><span style=\"font-size: medium\"><span style=\"font-family: Arial,sans-serif\"><cite><span style=\"color: #000000\"><span style=\"font-family: Times New Roman,serif\">El interior de Santa Mar\u00eda nos muestra una magn\u00edfica estampa del barroco alcarre\u00f1o: planta de tres naves, separadas por fuertes pilastras y arcos de medio punto; sobre el crucero una sencilla c\u00fapula con linterna, de finales del siglo XVII. Esta construcci\u00f3n nos impide ver el bonito artesonado m\u00fadejar existente, adornado de sencillas pinturas, a modo de escudos, que permanece cubriendo la iglesia -gracias a una pasarela superpuesta sobre las b\u00f3vedas barrocas, podemos ver este artesonado en toda su belleza-.<\/span><\/span><\/cite><\/span><\/span><\/p>\n<p align=\"JUSTIFY\">\n<span style=\"font-family: Arial,sans-serif\"><span style=\"font-size: medium\"><cite><span style=\"color: #000000\"><span style=\"font-family: Times New Roman,serif\">En el presbiterio podemos observar la capilla fundada bajo el mecenazgo de Manuel de Albornoz, as\u00ed como uno de los elementos m\u00e1s representativos y notables de este templo: el retablo mayor. Se trata de una magn\u00edfica obra dise\u00f1ada por fray Francisco de Mir en 1622 y ejecutado por Juan de la Fuente; est\u00e1 dedicado a la exaltaci\u00f3n del Sant\u00edsimo Sacramento en torno a la figura de Mar\u00eda. El retablo est\u00e1 dividido en tres cuerpos, con tres calles, en las que se muestran varias escenas: la Anunciaci\u00f3n, la Visitaci\u00f3n, el Nacimiento y la Visita de los Reyes Magos. En el cuerpo central nos encontramos la Asunci\u00f3n de la Virgen y, coronando el retablo, la Sant\u00edsima Trinidad. En el muro del evangelio podemos admirar el enterramiento de Juan de Morales, tesorero de los Reyes Cat\u00f3licos, muerto en 1502.<\/span><\/span><\/cite><\/span><\/span><\/p>\n<p align=\"JUSTIFY\"><span style=\"font-family: Arial,sans-serif\"><span style=\"font-size: medium\"><cite><span style=\"color: #000000\"><span style=\"font-family: Times New Roman,serif\">La nave del evangelio, alberga en su cabecera, la antigua capilla de San Bernardino, luego de la Presentaci\u00f3n de Nuestra Se\u00f1ora y, en la actualidad, dedicada a la advocaci\u00f3n de la Virgen de los Dolores y del Cristo Yacente. Junto a ella, la actual sacrist\u00eda y antigua capilla de San Lorenzo, fundada a principios del siglo XVI por el vicario Hernando Palomeque. A continuaci\u00f3n, vemos la capilla de Nuestra Se\u00f1ora de la Paz y de San Ildefonso, hoy en d\u00eda el lugar m\u00e1s importante del templo por ser la Capilla del Sant\u00edsimo. Fue remodelada aprincipios del siglo XVII por Luis de Guzm\u00e1n para enterrar a todos sus ascendientes y descendientes.<\/span><\/span><\/cite><\/span><\/span><\/p>\n<p align=\"JUSTIFY\">\n<span style=\"font-family: Arial,sans-serif\"><span style=\"font-size: medium\"><cite><span style=\"color: #000000\"><span style=\"font-family: Times New Roman,serif\">Al pie de la nave, el baptisterio, enmarcado por la capilla de San Crist\u00f3bal o de los Castilla, de principios del siglo XVI. En este lugar nos encontramos una hermosa pila rom\u00e1nica, una tabla que representa el bautismo realizada por los talleres Arte Mart\u00ednez y una urna con los Santos \u00d3leos.<\/span><\/span><\/cite><\/span><\/span><\/p>\n<p align=\"JUSTIFY\">\n<span style=\"font-family: Arial,sans-serif\"><span style=\"font-size: medium\"><cite><span style=\"color: #000000\"><span style=\"font-family: Times New Roman,serif\">Por su parte, en la nave de la ep\u00edstola se encuentra la capilla de los Torres, m\u00e1s tarde del marqu\u00e9s de Villamejor, y en la actualidad \u201ccapilla de los condes\u201d. Se encuentra tambi\u00e9n en esta nave la Virgen de las Batallas, recuperada gracias a una fotograf\u00eda, ya que la original se quem\u00f3 en la persecuci\u00f3n religiosa de comienzos del siglo XX; su origen data de tiempos de Alfonso VI el Batallador y a ella se le tuvo gran devoci\u00f3n durante siglos en el barrio y la parroquia. Al fondo de esta nave, la preciosa capilla de la Virgen de F\u00e1tima con una imagen \u00fanica, dise\u00f1ada por la misma Sor Luc\u00eda y un retablo netamente mariano con los \u00e1ngeles protectores de Espa\u00f1a y Portugal, lo que hacen de este lugar uno de los m\u00e1s entra\u00f1ables y visitados de la Concatedral que por tantos motivos es dedicada a la Virgen y por ello, se llama de Santa Mar\u00eda. <\/span><\/span><\/cite><\/span><\/span><\/p>\n<p align=\"LEFT\"><span style=\"font-family: Arial,sans-serif\"><span style=\"font-size: medium\"><cite><span style=\"color: #000000\"><span style=\"font-family: Times New Roman,serif\">Faxmedia:<\/span><\/span><\/cite><cite><span style=\"color: #000000\"><span style=\"font-family: Times New Roman,serif\"><i> Concatedral de Santa Mar\u00eda<\/i><\/span><\/span><\/cite><cite><span style=\"color: #000000\"><span style=\"font-family: Times New Roman,serif\">. Guadalajara, Ayuntamiento de Guadalajara, 2011.<\/span><\/span><\/cite><\/span><\/span><\/p>\n","protected":false},"excerpt":{"rendered":"<p>Santa Mar\u00eda de la Fuente la Mayor, como as\u00ed se la denominaba por tener frente a ella y junto al palacio del Cardenal Mendoza una fuente de buenas aguas, es una de las diez parroquias que existieron en Guadalajara desde &hellip; <a href=\"https:\/\/blogs.ua.es\/guadalajara\/concatedral-de-santa-maria-de-la-fuente\/\">Continue reading <span class=\"meta-nav\">&rarr;<\/span><\/a><\/p>\n","protected":false},"author":1930,"featured_media":0,"parent":0,"menu_order":0,"comment_status":"closed","ping_status":"closed","template":"","meta":{"footnotes":""},"class_list":["post-312","page","type-page","status-publish","hentry"],"_links":{"self":[{"href":"https:\/\/blogs.ua.es\/guadalajara\/wp-json\/wp\/v2\/pages\/312","targetHints":{"allow":["GET"]}}],"collection":[{"href":"https:\/\/blogs.ua.es\/guadalajara\/wp-json\/wp\/v2\/pages"}],"about":[{"href":"https:\/\/blogs.ua.es\/guadalajara\/wp-json\/wp\/v2\/types\/page"}],"author":[{"embeddable":true,"href":"https:\/\/blogs.ua.es\/guadalajara\/wp-json\/wp\/v2\/users\/1930"}],"replies":[{"embeddable":true,"href":"https:\/\/blogs.ua.es\/guadalajara\/wp-json\/wp\/v2\/comments?post=312"}],"version-history":[{"count":7,"href":"https:\/\/blogs.ua.es\/guadalajara\/wp-json\/wp\/v2\/pages\/312\/revisions"}],"predecessor-version":[{"id":323,"href":"https:\/\/blogs.ua.es\/guadalajara\/wp-json\/wp\/v2\/pages\/312\/revisions\/323"}],"wp:attachment":[{"href":"https:\/\/blogs.ua.es\/guadalajara\/wp-json\/wp\/v2\/media?parent=312"}],"curies":[{"name":"wp","href":"https:\/\/api.w.org\/{rel}","templated":true}]}}