{"id":8,"date":"2013-11-15T11:50:49","date_gmt":"2013-11-15T11:50:49","guid":{"rendered":"https:\/\/blogs.ua.es\/guardamar1\/?page_id=8"},"modified":"2014-01-13T15:34:30","modified_gmt":"2014-01-13T15:34:30","slug":"valoracion","status":"publish","type":"page","link":"https:\/\/blogs.ua.es\/guardamar1\/valoracion\/","title":{"rendered":"Valoraci\u00f3n"},"content":{"rendered":"<p>Tras terminar el proyecto yo siento que en cierto modo he conocido cosas que antes ignoraba o pasaba por alto. Algo tan sencillo como que el cementerio lleve el nombre de nuestra patrona me ha hecho interesarme por una leyenda que si bien conoc\u00eda de antes, nunca le hab\u00eda prestado verdadera atenci\u00f3n y casi hab\u00eda olvidado completamente. Tras buscar informaci\u00f3n de los nombres de las calles, me he sumergido en la historia de Guardamar\u00a0 y de su gente, con algunas historias tr\u00e1gicas como las de Manuel Rivera, otra de largas vidas de \u00e9xito y prestigio conseguidos gracias al duro esfuerzo, como la del doctor Luis Rivera.<\/p>\n<p>Me siento satisfecha con el trabajo realizado y espero que puede ayudar a alguien que este interesado en la historia de este pueblo o que siente inter\u00e9s por el.<\/p>\n","protected":false},"excerpt":{"rendered":"<p>Tras terminar el proyecto yo siento que en cierto modo he conocido cosas que antes ignoraba o pasaba por alto. Algo tan sencillo como que el cementerio lleve el nombre de nuestra patrona me ha hecho interesarme por una leyenda que si bien conoc\u00eda de antes, nunca le hab\u00eda prestado verdadera atenci\u00f3n y casi hab\u00eda [&hellip;]<\/p>\n","protected":false},"author":3302,"featured_media":0,"parent":0,"menu_order":2,"comment_status":"open","ping_status":"open","template":"","meta":{"footnotes":""},"class_list":["post-8","page","type-page","status-publish","hentry"],"_links":{"self":[{"href":"https:\/\/blogs.ua.es\/guardamar1\/wp-json\/wp\/v2\/pages\/8","targetHints":{"allow":["GET"]}}],"collection":[{"href":"https:\/\/blogs.ua.es\/guardamar1\/wp-json\/wp\/v2\/pages"}],"about":[{"href":"https:\/\/blogs.ua.es\/guardamar1\/wp-json\/wp\/v2\/types\/page"}],"author":[{"embeddable":true,"href":"https:\/\/blogs.ua.es\/guardamar1\/wp-json\/wp\/v2\/users\/3302"}],"replies":[{"embeddable":true,"href":"https:\/\/blogs.ua.es\/guardamar1\/wp-json\/wp\/v2\/comments?post=8"}],"version-history":[{"count":3,"href":"https:\/\/blogs.ua.es\/guardamar1\/wp-json\/wp\/v2\/pages\/8\/revisions"}],"predecessor-version":[{"id":244,"href":"https:\/\/blogs.ua.es\/guardamar1\/wp-json\/wp\/v2\/pages\/8\/revisions\/244"}],"wp:attachment":[{"href":"https:\/\/blogs.ua.es\/guardamar1\/wp-json\/wp\/v2\/media?parent=8"}],"curies":[{"name":"wp","href":"https:\/\/api.w.org\/{rel}","templated":true}]}}