{"id":17,"date":"2011-11-18T18:03:46","date_gmt":"2011-11-18T18:03:46","guid":{"rendered":"https:\/\/blogs.ua.es\/guerraafganistan\/?page_id=17"},"modified":"2012-01-18T12:06:52","modified_gmt":"2012-01-18T12:06:52","slug":"presentacion","status":"publish","type":"page","link":"https:\/\/blogs.ua.es\/guerraafganistan\/presentacion\/","title":{"rendered":"Presentaci\u00f3n"},"content":{"rendered":"<p style=\"text-align: justify\">Dicho blog ha sido creado por Mar\u00eda Mart\u00ednez Belmonte y Laura Caparr\u00f3s M\u00e1s. El tema a tratar nos fue asignado por el profesor que imparte una parte de la asignatura Fuentes y Documentos para Historia (Documentos) en el Grado de Humanidades, en la Universidad de Alicante.<\/p>\n<p style=\"text-align: justify\">Pensamos que <em>La guerra de Afganist\u00e1n<\/em> es un tema muy gastado, por ello no nos vamos a ce\u00f1ir \u00fanicamente a los problemas b\u00e9licos, mostrando as\u00ed c\u00f3mo es la sociedad afgana y c\u00f3mo se vive la guerra en el lugar. La pol\u00edtica y la sociedad est\u00e1n completamente relacionadas, por lo que nos parece que ir un poco m\u00e1s all\u00e1 de los conflictos b\u00e9licos har\u00e1 del tema algo m\u00e1s original.<\/p>\n<p style=\"text-align: justify\">Esperamos sirva de informaci\u00f3n.<\/p>\n<p style=\"text-align: justify\">\n","protected":false},"excerpt":{"rendered":"<p>Dicho blog ha sido creado por Mar\u00eda Mart\u00ednez Belmonte y Laura Caparr\u00f3s M\u00e1s. El tema a tratar nos fue asignado por el profesor que imparte una parte de la asignatura Fuentes y Documentos para Historia (Documentos) en el Grado de &hellip; <a href=\"https:\/\/blogs.ua.es\/guerraafganistan\/presentacion\/\">Continue reading <span class=\"meta-nav\">&rarr;<\/span><\/a><\/p>\n","protected":false},"author":2371,"featured_media":0,"parent":0,"menu_order":0,"comment_status":"open","ping_status":"open","template":"","meta":{"footnotes":""},"class_list":["post-17","page","type-page","status-publish","hentry"],"_links":{"self":[{"href":"https:\/\/blogs.ua.es\/guerraafganistan\/wp-json\/wp\/v2\/pages\/17","targetHints":{"allow":["GET"]}}],"collection":[{"href":"https:\/\/blogs.ua.es\/guerraafganistan\/wp-json\/wp\/v2\/pages"}],"about":[{"href":"https:\/\/blogs.ua.es\/guerraafganistan\/wp-json\/wp\/v2\/types\/page"}],"author":[{"embeddable":true,"href":"https:\/\/blogs.ua.es\/guerraafganistan\/wp-json\/wp\/v2\/users\/2371"}],"replies":[{"embeddable":true,"href":"https:\/\/blogs.ua.es\/guerraafganistan\/wp-json\/wp\/v2\/comments?post=17"}],"version-history":[{"count":3,"href":"https:\/\/blogs.ua.es\/guerraafganistan\/wp-json\/wp\/v2\/pages\/17\/revisions"}],"predecessor-version":[{"id":19,"href":"https:\/\/blogs.ua.es\/guerraafganistan\/wp-json\/wp\/v2\/pages\/17\/revisions\/19"}],"wp:attachment":[{"href":"https:\/\/blogs.ua.es\/guerraafganistan\/wp-json\/wp\/v2\/media?parent=17"}],"curies":[{"name":"wp","href":"https:\/\/api.w.org\/{rel}","templated":true}]}}