{"id":186,"date":"2012-01-11T17:22:03","date_gmt":"2012-01-11T17:22:03","guid":{"rendered":"https:\/\/blogs.ua.es\/guerraafganistan\/?page_id=186"},"modified":"2012-01-18T12:00:13","modified_gmt":"2012-01-18T12:00:13","slug":"metodologia","status":"publish","type":"page","link":"https:\/\/blogs.ua.es\/guerraafganistan\/metodologia\/","title":{"rendered":"Metodolog\u00eda"},"content":{"rendered":"<p style=\"text-align: justify\">Para obtener la informaci\u00f3n expuesta, hemos tenido que seguir una serie de pautas.<\/p>\n<p style=\"text-align: justify\">En primer lugar, hemos consultado el Cat\u00e1logo de la Universidad de Alicante y la p\u00e1gina web de Dialnet, en las cuales hemos encontrado informaci\u00f3n relevante sobre libros y art\u00edculos del tema a tratar. Tambi\u00e9n hemos hecho uso del famoso &#8220;National Geographic&#8221;, la p\u00e1gina &#8220;Wikileaks&#8221; e incluso hemos buscado pel\u00edculas que indagan sobre esta materia.<\/p>\n<p style=\"text-align: justify\">Por otro lado, tras encontrar la informaci\u00f3n, hemos seguido otra serie de pautas para su exposici\u00f3n, es decir, hemos llevado a cabo las pautas necesarias e impuestas para la creaci\u00f3n de una bibliograf\u00eda, ya sea en lo referente a libros, art\u00edculos de revistas, recursos electr\u00f3nicos, etc., conseguidas gracias a los apuntes otorgados por la Universidad de Alicante en el Grado de Humanidades, asignaturas: Fuentes y Documentos para la Historia.<\/p>\n<p style=\"text-align: justify\"><strong>Monograf\u00edas:\u00a0<\/strong><\/p>\n<p style=\"text-align: justify\">APELLIDOS, Nombre. <em>T\u00edtulo. <\/em>Edici\u00f3n. Lugar: Editor, a\u00f1o. Extensi\u00f3n (opcional) (Serie; n\u00ba). ISBN.<\/p>\n<p style=\"text-align: justify\"><strong>Art\u00edculos de revistas:<\/strong><\/p>\n<p style=\"text-align: justify\">(Autor\/es de la contribuci\u00f3n) APELLIDOS, Nombre. T\u00edtulo del art\u00edculo. <em>T\u00edtulo de la revista. <\/em>(Localizaci\u00f3n de la parte en el n\u00famero de la revista) A\u00f1o, volumen (n\u00ba), pp. ISSN.<\/p>\n<p style=\"text-align: justify\"><strong>Sitio web:\u00a0<\/strong><\/p>\n<p style=\"text-align: justify\"><em>T\u00edtulo de la web. <\/em>Editor, a\u00f1o [consulta: fecha de consulta]. Disponible en: http:\/\/<\/p>\n<p style=\"text-align: justify\"><strong>Pel\u00edculas:<\/strong><\/p>\n<p style=\"text-align: justify\"><em>T\u00edtulo de la pel\u00edcula <\/em>[Pel\u00edcula]. Dirigida por Nombre APELLIDOS. Pa\u00eds: Productora, a\u00f1o. Lugar: distribuida en Espa\u00f1a por&#8230;<\/p>\n<p style=\"text-align: justify\"><strong>Documental o programa de emisi\u00f3n de TV:<\/strong><\/p>\n<p style=\"text-align: justify\"><em>T\u00edtulo. Nombre de la cadena de televisi\u00f3n, fecha.\u00a0<\/em><\/p>\n<p style=\"text-align: justify\">Para concluir este apartado, en las primeras entradas hemos aportado una serie de informaci\u00f3n y unos cuantos v\u00eddeos que nos han parecido interesantes en cuanto al tema a tratar.<\/p>\n","protected":false},"excerpt":{"rendered":"<p>Para obtener la informaci\u00f3n expuesta, hemos tenido que seguir una serie de pautas. En primer lugar, hemos consultado el Cat\u00e1logo de la Universidad de Alicante y la p\u00e1gina web de Dialnet, en las cuales hemos encontrado informaci\u00f3n relevante sobre libros &hellip; <a href=\"https:\/\/blogs.ua.es\/guerraafganistan\/metodologia\/\">Continue reading <span class=\"meta-nav\">&rarr;<\/span><\/a><\/p>\n","protected":false},"author":2371,"featured_media":0,"parent":0,"menu_order":0,"comment_status":"open","ping_status":"open","template":"","meta":{"footnotes":""},"class_list":["post-186","page","type-page","status-publish","hentry"],"_links":{"self":[{"href":"https:\/\/blogs.ua.es\/guerraafganistan\/wp-json\/wp\/v2\/pages\/186","targetHints":{"allow":["GET"]}}],"collection":[{"href":"https:\/\/blogs.ua.es\/guerraafganistan\/wp-json\/wp\/v2\/pages"}],"about":[{"href":"https:\/\/blogs.ua.es\/guerraafganistan\/wp-json\/wp\/v2\/types\/page"}],"author":[{"embeddable":true,"href":"https:\/\/blogs.ua.es\/guerraafganistan\/wp-json\/wp\/v2\/users\/2371"}],"replies":[{"embeddable":true,"href":"https:\/\/blogs.ua.es\/guerraafganistan\/wp-json\/wp\/v2\/comments?post=186"}],"version-history":[{"count":5,"href":"https:\/\/blogs.ua.es\/guerraafganistan\/wp-json\/wp\/v2\/pages\/186\/revisions"}],"predecessor-version":[{"id":280,"href":"https:\/\/blogs.ua.es\/guerraafganistan\/wp-json\/wp\/v2\/pages\/186\/revisions\/280"}],"wp:attachment":[{"href":"https:\/\/blogs.ua.es\/guerraafganistan\/wp-json\/wp\/v2\/media?parent=186"}],"curies":[{"name":"wp","href":"https:\/\/api.w.org\/{rel}","templated":true}]}}