{"id":188,"date":"2012-01-11T17:22:24","date_gmt":"2012-01-11T17:22:24","guid":{"rendered":"https:\/\/blogs.ua.es\/guerraafganistan\/?page_id=188"},"modified":"2012-01-17T14:56:28","modified_gmt":"2012-01-17T14:56:28","slug":"valoracion-general","status":"publish","type":"page","link":"https:\/\/blogs.ua.es\/guerraafganistan\/valoracion-general\/","title":{"rendered":"Valoraci\u00f3n general"},"content":{"rendered":"<p style=\"text-align: justify\">La creaci\u00f3n de este blog nos ha ayudado a saber manejarnos por \u00e9l y sobre todo, indagando en el tema que nos ha sido dado, hemos aprendido sobre la Guerra de Afganist\u00e1n y sus consecuencias. Por otro lado, nos hemos obligado a nosotras mismas a buscar lugares donde encontrar informaci\u00f3n sobre \u00e9sta, tales como recursos electr\u00f3nicos, revistas, libros, entre otros. De esta manera, hemos aprendido a movernos para encontrar informaci\u00f3n y pasamos a redactar nuestra valoraci\u00f3n sobre el tema.<\/p>\n<p style=\"text-align: justify\">Bajo un cielo ensombrecido, los habitantes de Afganist\u00e1n pasean por sus ciudades con el miedo aferrado a su vida diaria. Vivir en un pa\u00eds como Espa\u00f1a, donde la palabra\u00a0<em>guerra<\/em><em>\u00a0<\/em>es un simple concepto que nos viene dado por las noticias de la televisi\u00f3n, ante las cuales en ocasiones nos tapamos los ojos, no nos adentra en esa parte del mundo que no conoce la democracia. Uno de esos pa\u00edses que continuamente nos muestran sus muertos en los telediarios, es Afganist\u00e1n. No creemos que sea necesario buscar un culpable a esta situaci\u00f3n b\u00e9lica, pero compartir un poco de este dolor con los afganos, nos hace pensar sobre el futuro de la Humanidad. \u00bfCu\u00e1nto tiempo seguiremos con todos estos ataques desmesurados e incoherentes? \u00bfCu\u00e1ndo finalizar\u00e1n las muertes de personas humildes que s\u00f3lo corren a esconderse de las manos de una muerte injusta? Afganist\u00e1n se ve envuelto en guerras desde hace tanto tiempo, que asociamos esta palabra tan f\u00fanebre a este pa\u00eds. La guerra se vuelve algo com\u00fan. \u00a1Algo com\u00fan! \u00bfDe verdad se merece un pa\u00eds ser caracterizado por una palabra as\u00ed?\u00a0Los ni\u00f1os pierden su infancia entre armas y trabajos en las minas. El aire que se respira grita por la necesidad de un cambio.<\/p>\n<p style=\"text-align: justify\">As\u00ed, leyendo unos cuantos proverbios afganos o de origen persa, destacamos el siguiente:<\/p>\n<blockquote>\n<p style=\"text-align: justify\" align=\"center\"><em><strong>La sangre no puede lavarse con sangre<\/strong><\/em><\/p>\n<\/blockquote>\n<p style=\"text-align: justify\">Existe la necesidad de borrar el concepto de\u00a0<em>venganza<\/em><em>\u00a0<\/em>de estos pueblos. No s\u00f3lo de \u00e9stos, sino del mundo entero. Una p\u00e9rdida no se puede recuperar con otra p\u00e9rdida. Y as\u00ed como nos dice otro proverbio afgano,<\/p>\n<blockquote>\n<p style=\"text-align: justify\" align=\"center\"><em><strong>El \u00e1rbol no se mueve si no sopla el viento<\/strong><\/em><\/p>\n<\/blockquote>\n<p style=\"text-align: justify\">Luchemos por que el viento sople, busquemos soluciones a los problemas de la Humanidad. Hagamos entre todos un mundo mejor, donde el respeto sea la mejor alianza y la sangre deje de encharcar la tierra, dej\u00e9mosla correr por nuestras venas.<\/p>\n<p style=\"text-align: justify\">\n","protected":false},"excerpt":{"rendered":"<p>La creaci\u00f3n de este blog nos ha ayudado a saber manejarnos por \u00e9l y sobre todo, indagando en el tema que nos ha sido dado, hemos aprendido sobre la Guerra de Afganist\u00e1n y sus consecuencias. Por otro lado, nos hemos &hellip; <a href=\"https:\/\/blogs.ua.es\/guerraafganistan\/valoracion-general\/\">Continue reading <span class=\"meta-nav\">&rarr;<\/span><\/a><\/p>\n","protected":false},"author":2371,"featured_media":0,"parent":0,"menu_order":0,"comment_status":"open","ping_status":"open","template":"","meta":{"footnotes":""},"class_list":["post-188","page","type-page","status-publish","hentry"],"_links":{"self":[{"href":"https:\/\/blogs.ua.es\/guerraafganistan\/wp-json\/wp\/v2\/pages\/188","targetHints":{"allow":["GET"]}}],"collection":[{"href":"https:\/\/blogs.ua.es\/guerraafganistan\/wp-json\/wp\/v2\/pages"}],"about":[{"href":"https:\/\/blogs.ua.es\/guerraafganistan\/wp-json\/wp\/v2\/types\/page"}],"author":[{"embeddable":true,"href":"https:\/\/blogs.ua.es\/guerraafganistan\/wp-json\/wp\/v2\/users\/2371"}],"replies":[{"embeddable":true,"href":"https:\/\/blogs.ua.es\/guerraafganistan\/wp-json\/wp\/v2\/comments?post=188"}],"version-history":[{"count":3,"href":"https:\/\/blogs.ua.es\/guerraafganistan\/wp-json\/wp\/v2\/pages\/188\/revisions"}],"predecessor-version":[{"id":214,"href":"https:\/\/blogs.ua.es\/guerraafganistan\/wp-json\/wp\/v2\/pages\/188\/revisions\/214"}],"wp:attachment":[{"href":"https:\/\/blogs.ua.es\/guerraafganistan\/wp-json\/wp\/v2\/media?parent=188"}],"curies":[{"name":"wp","href":"https:\/\/api.w.org\/{rel}","templated":true}]}}