{"id":2,"date":"2011-11-18T17:06:25","date_gmt":"2011-11-18T17:06:25","guid":{"rendered":"https:\/\/blogs.ua.es\/guerraafganistan\/?page_id=2"},"modified":"2012-01-11T17:17:39","modified_gmt":"2012-01-11T17:17:39","slug":"pagina-ejemplo","status":"publish","type":"page","link":"https:\/\/blogs.ua.es\/guerraafganistan\/pagina-ejemplo\/","title":{"rendered":"Explicaci\u00f3n"},"content":{"rendered":"<p><strong>Afganist\u00e1n geograficamente<\/strong><\/p>\n<p>Afganist\u00e1n es un\u00a0<strong>estado<\/strong>\u00a0del Suroeste de Asia. Limita con Turkmenist\u00e1n, Uzbekist\u00e1n y Tadjikist\u00e1n al Norte, Rep\u00fablica Popular de China al Noreste, Pakist\u00e1n al Este y Sur, e Ir\u00e1n al Oeste. Su\u00a0<strong>capital<\/strong>\u00a0es Kabul<strong>.<\/strong>\u00a0El territorio afgano, de altas mesetas, est\u00e1 atravesado de Este a Oeste por \u00a0la cordillera Hindu-Kush.<\/p>\n<p>Al Norte el terreno desciende y forma el Turkest\u00e1n afgano, que se extiende hasta la frontera natural del Amu-Daria. Al Sur, un eje monta\u00f1oso de menor altura ocupa la frontera con Pakist\u00e1n y se desliza hacia el Hindu-Kush, del cual queda separado por la fosa de Kandahaar.\u00a0En el extremo Suroeste se halla la separaci\u00f3n entre el altiplano ir\u00e1nico y la depresi\u00f3n del Indo.<\/p>\n<div><a href=\"https:\/\/blogs.ua.es\/guerraafganistan\/files\/2012\/01\/afghanistan-map3.gif\"><img loading=\"lazy\" decoding=\"async\" class=\"aligncenter\" src=\"https:\/\/blogs.ua.es\/guerraafganistan\/files\/2012\/01\/afghanistan-map3.gif\" alt=\"Geograf\u00eda\" width=\"600\" height=\"448\" \/><\/a><\/div>\n<p>El\u00a0<strong>clima<\/strong>\u00a0es muy riguroso, \u00e1rido y continental en extremo, congrandes precipitaciones.\u00a0Su efecto sobre las tierras del Sureste da lugar a bosques sobre todo de robles y pinos. \u00a0Desde las principales elevaciones descienden importantes r\u00edos (Amu-Daria al Norte, Kabul al Este, Helmand al Sur y Hari Rud al Oeste) que dan vida al pa\u00eds y condicionan las mayores concentraciones de poblaci\u00f3n.<\/p>\n<p align=\"justify\"><strong>El origen de la guerra afgana<\/strong><\/p>\n<p align=\"justify\">El golpe militar que en 1978 llev\u00f3 al poder a un grupo de j\u00f3venes oficiales izquierdistas y a establecer un r\u00e9gimen comunista, dirigido por\u00a0<strong>Mohamed Taraki<\/strong>, marca el inicio de la tragedia reciente y constante de este pa\u00eds.<\/p>\n<p align=\"justify\">Las reformas socializadoras y laicas del nuevo gobierno encontraron una enorme resistencia en una poblaci\u00f3n aferrada a un pensamiento isl\u00e1mico anclado en el pasado y que viv\u00eda en una sociedad a\u00fan con rasgos feudales. La resistencia pronto se concret\u00f3 en guerrillas islamista de\u00a0<em>mujahidines<\/em>. Los problemas internos de las dos principales tendencias comunistas, precipitaron la intervenci\u00f3n de la URSS en 1979.<\/p>\n<p align=\"justify\">Esta intervenci\u00f3n marc\u00f3 el apogeo de la fase de expansionismo sovi\u00e9tico que caracteriza la segunda mitad de los setenta y llev\u00f3 a la inmediata reacci\u00f3n norteamericana. Washington consideraba que este pa\u00eds asi\u00e1tico se hallaba fuera de la zona de influencia sovi\u00e9tica y articulo una dura respuesta: un embargo de grano para ser exportado a la URSS y ayuda militar a la guerrilla islamista.<\/p>\n<p align=\"justify\">La guerra r\u00e1pidamente se estanc\u00f3 y mientras los m\u00e1s de 100.000 soldados sovi\u00e9ticos controlaban las ciudades la guerrilla dominaba las zonas rurales. El conflicto engendr\u00f3 un enorme desplazamiento de poblaci\u00f3n y hacia 1982 casi 3 millones de afganos hab\u00edan huido a Pakist\u00e1n y un mill\u00f3n y medio lo hab\u00edan hecho hacia Ir\u00e1n. La guerrilla, armada por EE.UU., el cual posee gran eficacia en estos temas b\u00e9licos, y reforzado con voluntarios \u00e1rabes y musulmanes imbuidos de una ideolog\u00eda intransigente islamista (entre ellos el saud\u00ed Osama bin Laden), mantuvo en jaque a un ej\u00e9rcito sovi\u00e9tico cada vez m\u00e1s desmoralizado.<\/p>\n<p align=\"justify\">Finalmente en el marco de la\u00a0<strong><em>perestroika\u00a0<\/em><\/strong>(\u201creestructuraci\u00f3n\u201d, proceso de reforma por parte de Mija\u00edl Gobachov para mantener y reformar el sistema socialista)<em>,\u00a0<\/em>Gorbachov decidi\u00f3 sacar a sus tropas de los que muchos denominaban el \u201cVietnam sovi\u00e9tico\u201d. En 1988, la URSS, EE.UU., Pakist\u00e1n y Afganist\u00e1n firmaron un acuerdo por el que los sovi\u00e9ticos se compromet\u00edan a retirar sus tropas lo antes posible. Lo que efectivamente hicieron en 1989.<\/p>\n<p align=\"justify\">Esto no abri\u00f3, sin embargo, un per\u00edodo de paz para el pa\u00eds. En 1992 las guerrillas islamistas asaltaron Kabul y se inici\u00f3 un per\u00edodo de luchas intestinas que culminar\u00eda con la toma del poder por los extremistas islamistas\u00a0<em>talibanes\u00a0<\/em>en 1996. Actualmente, Afganist\u00e1n se ve envuelto por guerras constantes.<\/p>\n","protected":false},"excerpt":{"rendered":"<p>Afganist\u00e1n geograficamente Afganist\u00e1n es un\u00a0estado\u00a0del Suroeste de Asia. Limita con Turkmenist\u00e1n, Uzbekist\u00e1n y Tadjikist\u00e1n al Norte, Rep\u00fablica Popular de China al Noreste, Pakist\u00e1n al Este y Sur, e Ir\u00e1n al Oeste. Su\u00a0capital\u00a0es Kabul.\u00a0El territorio afgano, de altas mesetas, est\u00e1 atravesado &hellip; <a href=\"https:\/\/blogs.ua.es\/guerraafganistan\/pagina-ejemplo\/\">Continue reading <span class=\"meta-nav\">&rarr;<\/span><\/a><\/p>\n","protected":false},"author":2371,"featured_media":0,"parent":0,"menu_order":0,"comment_status":"open","ping_status":"open","template":"","meta":{"footnotes":""},"class_list":["post-2","page","type-page","status-publish","hentry"],"_links":{"self":[{"href":"https:\/\/blogs.ua.es\/guerraafganistan\/wp-json\/wp\/v2\/pages\/2","targetHints":{"allow":["GET"]}}],"collection":[{"href":"https:\/\/blogs.ua.es\/guerraafganistan\/wp-json\/wp\/v2\/pages"}],"about":[{"href":"https:\/\/blogs.ua.es\/guerraafganistan\/wp-json\/wp\/v2\/types\/page"}],"author":[{"embeddable":true,"href":"https:\/\/blogs.ua.es\/guerraafganistan\/wp-json\/wp\/v2\/users\/2371"}],"replies":[{"embeddable":true,"href":"https:\/\/blogs.ua.es\/guerraafganistan\/wp-json\/wp\/v2\/comments?post=2"}],"version-history":[{"count":4,"href":"https:\/\/blogs.ua.es\/guerraafganistan\/wp-json\/wp\/v2\/pages\/2\/revisions"}],"predecessor-version":[{"id":180,"href":"https:\/\/blogs.ua.es\/guerraafganistan\/wp-json\/wp\/v2\/pages\/2\/revisions\/180"}],"wp:attachment":[{"href":"https:\/\/blogs.ua.es\/guerraafganistan\/wp-json\/wp\/v2\/media?parent=2"}],"curies":[{"name":"wp","href":"https:\/\/api.w.org\/{rel}","templated":true}]}}