{"id":61,"date":"2011-12-21T19:29:19","date_gmt":"2011-12-21T19:29:19","guid":{"rendered":"https:\/\/blogs.ua.es\/guerracivilalicante\/?page_id=61"},"modified":"2012-01-16T20:48:35","modified_gmt":"2012-01-16T20:48:35","slug":"presentacion-del-blog","status":"publish","type":"page","link":"https:\/\/blogs.ua.es\/guerracivilalicante\/presentacion-del-blog\/","title":{"rendered":"Presentaci\u00f3n del blog"},"content":{"rendered":"<p>Hola visitantes de nuestro blog, nosotros los creadores somos J\u00e9ssica \u00c1guilar y Carlos Javier Garc\u00eda, estudiantes de la UA y en \u00e9ste blog hemos intentado mostrar aquellos aspectos m\u00e1s importantes de la guerra civil en el \u00a0comienzo, transcurso del conflicto y desenlace. Para ello hemos extra\u00eddo la informaci\u00f3n de diferentes art\u00edculos, libros, videos e im\u00e1genes. Esperamos que aqu\u00ed encontr\u00e9is lo que est\u00e1is buscando y para m\u00e1s informaci\u00f3n os dejamos las bibliograf\u00edas. Un saludo a todos los lectores y si quer\u00e9is preguntar algo para saber m\u00e1s, solo ten\u00e9is que escribirnos y nosotros os contestaremos \ud83d\ude42<\/p>\n","protected":false},"excerpt":{"rendered":"<p>Hola visitantes de nuestro blog, nosotros los creadores somos J\u00e9ssica \u00c1guilar y Carlos Javier Garc\u00eda, estudiantes de la UA y en \u00e9ste blog hemos intentado mostrar aquellos aspectos m\u00e1s importantes de la guerra civil en el \u00a0comienzo, transcurso del conflicto y desenlace. Para ello hemos extra\u00eddo la informaci\u00f3n de diferentes art\u00edculos, libros, videos e im\u00e1genes. [&hellip;]<\/p>\n","protected":false},"author":2381,"featured_media":0,"parent":0,"menu_order":0,"comment_status":"open","ping_status":"open","template":"","meta":{"footnotes":""},"class_list":["post-61","page","type-page","status-publish","hentry"],"_links":{"self":[{"href":"https:\/\/blogs.ua.es\/guerracivilalicante\/wp-json\/wp\/v2\/pages\/61","targetHints":{"allow":["GET"]}}],"collection":[{"href":"https:\/\/blogs.ua.es\/guerracivilalicante\/wp-json\/wp\/v2\/pages"}],"about":[{"href":"https:\/\/blogs.ua.es\/guerracivilalicante\/wp-json\/wp\/v2\/types\/page"}],"author":[{"embeddable":true,"href":"https:\/\/blogs.ua.es\/guerracivilalicante\/wp-json\/wp\/v2\/users\/2381"}],"replies":[{"embeddable":true,"href":"https:\/\/blogs.ua.es\/guerracivilalicante\/wp-json\/wp\/v2\/comments?post=61"}],"version-history":[{"count":5,"href":"https:\/\/blogs.ua.es\/guerracivilalicante\/wp-json\/wp\/v2\/pages\/61\/revisions"}],"predecessor-version":[{"id":76,"href":"https:\/\/blogs.ua.es\/guerracivilalicante\/wp-json\/wp\/v2\/pages\/61\/revisions\/76"}],"wp:attachment":[{"href":"https:\/\/blogs.ua.es\/guerracivilalicante\/wp-json\/wp\/v2\/media?parent=61"}],"curies":[{"name":"wp","href":"https:\/\/api.w.org\/{rel}","templated":true}]}}